{"id":231970,"date":"2025-03-22T13:30:31","date_gmt":"2025-03-22T13:30:31","guid":{"rendered":"https:\/\/aromasentia.com\/product\/selenite-cylinder-candle-holder-20-cm\/"},"modified":"2025-12-30T21:38:34","modified_gmt":"2025-12-30T21:38:34","slug":"candelabro-selenita-cilindro-20-cm","status":"publish","type":"product","link":"https:\/\/aromasentia.com\/es\/candelabro-selenita-cilindro-20-cm\/","title":{"rendered":"Candelabro Selenita cilindro- 20 cm"},"content":{"rendered":"<p>La selenita, que es una especie de cristal transl\u00facido, permite que la llama de la vela parpadee ligeramente a trav\u00e9s de las paredes del candelabro. Los bordes de los candelabros son \u00e1speros, lo cual es natural para la selenita.<\/p>\n<p><\/p>\n<p>Los candeleros de selenita son brillantes y a veces con \u00e1reas m\u00e1s blancas.&nbsp;<\/p>\n<p><\/p>\n<p><strong>Tama\u00f1os:<\/strong> di\u00e1metro 8 cm, altura 20 cm<\/p>\n","protected":false},"excerpt":{"rendered":"<p>La selenita, que es una especie de cristal transl\u00facido, permite que la llama de la vela parpadee ligeramente a trav\u00e9s de las paredes del candelabro. Los bordes de los candelabros son \u00e1speros, lo cual es natural para la selenita. Los candeleros de selenita son brillantes y a veces con \u00e1reas m\u00e1s blancas.&nbsp; Tama\u00f1os: di\u00e1metro 8 [&hellip;]<\/p>\n","protected":false},"featured_media":345399,"comment_status":"closed","ping_status":"open","template":"","meta":{"_angie_page":false},"product_brand":[],"product_cat":[25225,17274,19119],"product_tag":[],"class_list":{"0":"post-231970","1":"product","2":"type-product","3":"status-publish","4":"has-post-thumbnail","6":"product_cat-gemas-y-minerales","7":"product_cat-regalos-esotericos","8":"product_cat-selenita","9":"pa_collection-selenite-candle-holders-es","10":"pa_made-in-marruecos","12":"first","13":"instock","14":"purchasable","15":"product-type-simple"},"supplier_id":null,"supplier_sku":"SelCH-05","barcode":null,"atum_controlled":true,"out_stock_date":null,"out_stock_threshold":null,"inheritable":false,"inbound_stock":null,"stock_on_hold":0,"sold_today":0,"sales_last_days":0,"reserved_stock":null,"customer_returns":null,"warehouse_damage":null,"lost_in_post":null,"other_logs":null,"out_stock_days":0,"lost_sales":0,"has_location":null,"update_date":"2026-04-27T07:20:48","atum_locations":[],"atum_stock_status":"instock","restock_status":false,"low_stock_amount":"","sales_update_date":"2026-01-20T05:13:57","calc_backorders":null,"_links":{"self":[{"href":"https:\/\/aromasentia.com\/es\/wp-json\/wp\/v2\/product\/231970","targetHints":{"allow":["GET"]}}],"collection":[{"href":"https:\/\/aromasentia.com\/es\/wp-json\/wp\/v2\/product"}],"about":[{"href":"https:\/\/aromasentia.com\/es\/wp-json\/wp\/v2\/types\/product"}],"replies":[{"embeddable":true,"href":"https:\/\/aromasentia.com\/es\/wp-json\/wp\/v2\/comments?post=231970"}],"version-history":[{"count":0,"href":"https:\/\/aromasentia.com\/es\/wp-json\/wp\/v2\/product\/231970\/revisions"}],"wp:featuredmedia":[{"embeddable":true,"href":"https:\/\/aromasentia.com\/es\/wp-json\/wp\/v2\/media\/345399"}],"wp:attachment":[{"href":"https:\/\/aromasentia.com\/es\/wp-json\/wp\/v2\/media?parent=231970"}],"wp:term":[{"taxonomy":"product_brand","embeddable":true,"href":"https:\/\/aromasentia.com\/es\/wp-json\/wp\/v2\/product_brand?post=231970"},{"taxonomy":"product_cat","embeddable":true,"href":"https:\/\/aromasentia.com\/es\/wp-json\/wp\/v2\/product_cat?post=231970"},{"taxonomy":"product_tag","embeddable":true,"href":"https:\/\/aromasentia.com\/es\/wp-json\/wp\/v2\/product_tag?post=231970"}],"curies":[{"name":"wp","href":"https:\/\/api.w.org\/{rel}","templated":true}]}}