{"id":231910,"date":"2025-03-22T13:30:31","date_gmt":"2025-03-22T13:30:31","guid":{"rendered":"https:\/\/aromasentia.com\/product\/selenite-moon-bowl-15cm\/"},"modified":"2025-12-30T21:38:26","modified_gmt":"2025-12-30T21:38:26","slug":"cuenco-luna-selenita-15cm","status":"publish","type":"product","link":"https:\/\/aromasentia.com\/es\/cuenco-luna-selenita-15cm\/","title":{"rendered":"Cuenco Luna Selenita &#8211; 15cm"},"content":{"rendered":"<p><strong>El Cuenco Luna de Selenita<\/strong> es una pieza \u00fanica y m\u00edstica de decoraci\u00f3n para el hogar hecha de selenita natural, un mineral transl\u00facido con propiedades calmantes y tranquilizadoras. Este cuenco tiene forma de luna creciente y mide 15 cm de di\u00e1metro.<\/p>\n<p>La superficie lisa del cuenco de selenita a\u00f1ade un toque de elegancia a cualquier habitaci\u00f3n, y las variaciones naturales de la piedra hacen que cada pieza sea \u00fanica. La selenita tambi\u00e9n se cree que tiene propiedades curativas y se utiliza a menudo en la meditaci\u00f3n y el trabajo de energ\u00eda.<\/p>\n<p>La forma de luna creciente de este cuenco de selenita a\u00f1ade una sensaci\u00f3n celestial y m\u00e1gica a cualquier espacio, y se puede utilizar para sostener cualquier cosa, desde peque\u00f1os cristales a baratijas especiales. Tambi\u00e9n se puede utilizar en rituales o ceremonias relacionadas con las fases de la luna, o para establecer intenciones relacionadas con la manifestaci\u00f3n de la abundancia y el crecimiento.<\/p>\n<p>En general, la Selenita Moon Bowl es una pieza \u00fanica y significativa de la decoraci\u00f3n del hogar que mejorar\u00e1 cualquier espacio con su belleza natural y propiedades m\u00edsticas. Tambi\u00e9n es un gran regalo para cualquier persona que aprecie los aspectos espirituales y m\u00edsticos de la vida, o que quiera a\u00f1adir un toque de energ\u00eda celestial a su decoraci\u00f3n.<\/p>\n","protected":false},"excerpt":{"rendered":"<p>El Cuenco Luna de Selenita es una pieza \u00fanica y m\u00edstica de decoraci\u00f3n para el hogar hecha de selenita natural, un mineral transl\u00facido con propiedades calmantes y tranquilizadoras. Este cuenco tiene forma de luna creciente y mide 15 cm de di\u00e1metro. La superficie lisa del cuenco de selenita a\u00f1ade un toque de elegancia a cualquier [&hellip;]<\/p>\n","protected":false},"featured_media":344936,"comment_status":"closed","ping_status":"open","template":"","meta":{"_angie_page":false},"product_brand":[],"product_cat":[14456,25225,19148,19119],"product_tag":[],"class_list":{"0":"post-231910","1":"product","2":"type-product","3":"status-publish","4":"has-post-thumbnail","6":"product_cat-decoracion-hogar-y-jardin","7":"product_cat-gemas-y-minerales","8":"product_cat-inspiraciones","9":"product_cat-selenita","10":"pa_collection-selenite-bowls-es","11":"pa_made-in-marruecos","13":"first","14":"instock","15":"purchasable","16":"product-type-simple"},"supplier_id":null,"supplier_sku":"SelB-06","barcode":null,"atum_controlled":true,"out_stock_date":null,"out_stock_threshold":null,"inheritable":false,"inbound_stock":null,"stock_on_hold":0,"sold_today":0,"sales_last_days":0,"reserved_stock":null,"customer_returns":null,"warehouse_damage":null,"lost_in_post":null,"other_logs":null,"out_stock_days":0,"lost_sales":0,"has_location":null,"update_date":"2026-04-27T07:20:42","atum_locations":[],"atum_stock_status":"instock","restock_status":false,"low_stock_amount":"","sales_update_date":"2026-01-30T01:24:22","calc_backorders":null,"_links":{"self":[{"href":"https:\/\/aromasentia.com\/es\/wp-json\/wp\/v2\/product\/231910","targetHints":{"allow":["GET"]}}],"collection":[{"href":"https:\/\/aromasentia.com\/es\/wp-json\/wp\/v2\/product"}],"about":[{"href":"https:\/\/aromasentia.com\/es\/wp-json\/wp\/v2\/types\/product"}],"replies":[{"embeddable":true,"href":"https:\/\/aromasentia.com\/es\/wp-json\/wp\/v2\/comments?post=231910"}],"version-history":[{"count":0,"href":"https:\/\/aromasentia.com\/es\/wp-json\/wp\/v2\/product\/231910\/revisions"}],"wp:featuredmedia":[{"embeddable":true,"href":"https:\/\/aromasentia.com\/es\/wp-json\/wp\/v2\/media\/344936"}],"wp:attachment":[{"href":"https:\/\/aromasentia.com\/es\/wp-json\/wp\/v2\/media?parent=231910"}],"wp:term":[{"taxonomy":"product_brand","embeddable":true,"href":"https:\/\/aromasentia.com\/es\/wp-json\/wp\/v2\/product_brand?post=231910"},{"taxonomy":"product_cat","embeddable":true,"href":"https:\/\/aromasentia.com\/es\/wp-json\/wp\/v2\/product_cat?post=231910"},{"taxonomy":"product_tag","embeddable":true,"href":"https:\/\/aromasentia.com\/es\/wp-json\/wp\/v2\/product_tag?post=231910"}],"curies":[{"name":"wp","href":"https:\/\/api.w.org\/{rel}","templated":true}]}}