{"id":231826,"date":"2025-03-22T13:30:39","date_gmt":"2025-03-22T13:30:39","guid":{"rendered":"https:\/\/aromasentia.com\/product\/selenite-heart-3-4cm\/"},"modified":"2025-12-30T21:38:00","modified_gmt":"2025-12-30T21:38:00","slug":"corazon-de-selenita-3-4cm","status":"publish","type":"product","link":"https:\/\/aromasentia.com\/es\/corazon-de-selenita-3-4cm\/","title":{"rendered":"Coraz\u00f3n de Selenita &#8211; 3-4cm"},"content":{"rendered":"<p><strong>Coraz\u00f3n de Selenita al por mayor<\/strong><\/p>\n<p style=\"text-align: justify;\">Es generalmente aceptado que la Selenita es uno de los cristales m\u00e1s poderosos para la curaci\u00f3n. Tambi\u00e9n se conecta con el tercer ojo, la corona y los chakras et\u00e9ricos. Algunos dicen que promueve la pureza y la honestidad. Se dice que obliga a la persona que lo sostiene a ser honesta consigo misma.<\/p>\n<p style=\"text-align: justify;\">Tama\u00f1o del Coraz\u00f3n de Selenita: Longitud 4cm, Di\u00e1metro 3cm<\/p>\n","protected":false},"excerpt":{"rendered":"<p>Coraz\u00f3n de Selenita al por mayor Es generalmente aceptado que la Selenita es uno de los cristales m\u00e1s poderosos para la curaci\u00f3n. Tambi\u00e9n se conecta con el tercer ojo, la corona y los chakras et\u00e9ricos. Algunos dicen que promueve la pureza y la honestidad. Se dice que obliga a la persona que lo sostiene a [&hellip;]<\/p>\n","protected":false},"featured_media":346820,"comment_status":"closed","ping_status":"open","template":"","meta":{"_angie_page":false},"product_brand":[],"product_cat":[14456,25225,19148,19119],"product_tag":[],"class_list":{"0":"post-231826","1":"product","2":"type-product","3":"status-publish","4":"has-post-thumbnail","6":"product_cat-decoracion-hogar-y-jardin","7":"product_cat-gemas-y-minerales","8":"product_cat-inspiraciones","9":"product_cat-selenita","10":"pa_collection-selenite-wands-es","11":"pa_made-in-marruecos","13":"first","14":"instock","15":"purchasable","16":"product-type-simple"},"supplier_id":null,"supplier_sku":"SelW-16","barcode":null,"atum_controlled":true,"out_stock_date":null,"out_stock_threshold":null,"inheritable":false,"inbound_stock":null,"stock_on_hold":0,"sold_today":0,"sales_last_days":0,"reserved_stock":null,"customer_returns":null,"warehouse_damage":null,"lost_in_post":null,"other_logs":null,"out_stock_days":0,"lost_sales":0,"has_location":null,"update_date":"2026-04-27T07:21:08","atum_locations":[],"atum_stock_status":"instock","restock_status":false,"low_stock_amount":"","sales_update_date":"2025-09-05T00:26:11","calc_backorders":null,"_links":{"self":[{"href":"https:\/\/aromasentia.com\/es\/wp-json\/wp\/v2\/product\/231826","targetHints":{"allow":["GET"]}}],"collection":[{"href":"https:\/\/aromasentia.com\/es\/wp-json\/wp\/v2\/product"}],"about":[{"href":"https:\/\/aromasentia.com\/es\/wp-json\/wp\/v2\/types\/product"}],"replies":[{"embeddable":true,"href":"https:\/\/aromasentia.com\/es\/wp-json\/wp\/v2\/comments?post=231826"}],"version-history":[{"count":0,"href":"https:\/\/aromasentia.com\/es\/wp-json\/wp\/v2\/product\/231826\/revisions"}],"wp:featuredmedia":[{"embeddable":true,"href":"https:\/\/aromasentia.com\/es\/wp-json\/wp\/v2\/media\/346820"}],"wp:attachment":[{"href":"https:\/\/aromasentia.com\/es\/wp-json\/wp\/v2\/media?parent=231826"}],"wp:term":[{"taxonomy":"product_brand","embeddable":true,"href":"https:\/\/aromasentia.com\/es\/wp-json\/wp\/v2\/product_brand?post=231826"},{"taxonomy":"product_cat","embeddable":true,"href":"https:\/\/aromasentia.com\/es\/wp-json\/wp\/v2\/product_cat?post=231826"},{"taxonomy":"product_tag","embeddable":true,"href":"https:\/\/aromasentia.com\/es\/wp-json\/wp\/v2\/product_tag?post=231826"}],"curies":[{"name":"wp","href":"https:\/\/api.w.org\/{rel}","templated":true}]}}