{"id":231738,"date":"2025-03-22T13:30:39","date_gmt":"2025-03-22T13:30:39","guid":{"rendered":"https:\/\/aromasentia.com\/product\/natiural-selenite-tower-15-cm\/"},"modified":"2025-12-30T21:37:44","modified_gmt":"2025-12-30T21:37:44","slug":"torre-de-selenita-natural-15-cm","status":"publish","type":"product","link":"https:\/\/aromasentia.com\/es\/torre-de-selenita-natural-15-cm\/","title":{"rendered":"Torre de selenita natural &#8211; 15 cm"},"content":{"rendered":"<p style=\"text-align: justify;\">La selenita es una piedra abundante conocida como chispa satinada por el brillo lechoso que se desprende de su superficie. Tambi\u00e9n es conocida como rosa del desierto o flor de yeso.&nbsp;&nbsp;<\/p>\n<p style=\"text-align: justify;\">Los productos de Selenita est\u00e1n marcados con tama\u00f1os para dar una idea aproximada del tama\u00f1o solamente, cada piedra es completamente \u00fanica.&nbsp;<\/p>\n<p style=\"text-align: justify;\">Tama\u00f1os: H:15cm, W: 3.5cm, peso 500g<\/p>\n","protected":false},"excerpt":{"rendered":"<p>La selenita es una piedra abundante conocida como chispa satinada por el brillo lechoso que se desprende de su superficie. Tambi\u00e9n es conocida como rosa del desierto o flor de yeso.&nbsp;&nbsp; Los productos de Selenita est\u00e1n marcados con tama\u00f1os para dar una idea aproximada del tama\u00f1o solamente, cada piedra es completamente \u00fanica.&nbsp; Tama\u00f1os: H:15cm, W: [&hellip;]<\/p>\n","protected":false},"featured_media":346214,"comment_status":"closed","ping_status":"open","template":"","meta":{"_angie_page":false},"product_brand":[],"product_cat":[25225,17274,19119],"product_tag":[],"class_list":{"0":"post-231738","1":"product","2":"type-product","3":"status-publish","4":"has-post-thumbnail","6":"product_cat-gemas-y-minerales","7":"product_cat-regalos-esotericos","8":"product_cat-selenita","9":"pa_collection-selenite-towers-es","10":"pa_made-in-marruecos","12":"first","13":"instock","14":"purchasable","15":"product-type-simple"},"supplier_id":null,"supplier_sku":"SelT-03","barcode":null,"atum_controlled":true,"out_stock_date":null,"out_stock_threshold":null,"inheritable":false,"inbound_stock":null,"stock_on_hold":0,"sold_today":0,"sales_last_days":0,"reserved_stock":null,"customer_returns":null,"warehouse_damage":null,"lost_in_post":null,"other_logs":null,"out_stock_days":0,"lost_sales":0,"has_location":null,"update_date":"2026-05-04T00:04:58","atum_locations":[],"atum_stock_status":"instock","restock_status":false,"low_stock_amount":"","sales_update_date":"2026-02-06T00:01:49","calc_backorders":null,"_links":{"self":[{"href":"https:\/\/aromasentia.com\/es\/wp-json\/wp\/v2\/product\/231738","targetHints":{"allow":["GET"]}}],"collection":[{"href":"https:\/\/aromasentia.com\/es\/wp-json\/wp\/v2\/product"}],"about":[{"href":"https:\/\/aromasentia.com\/es\/wp-json\/wp\/v2\/types\/product"}],"replies":[{"embeddable":true,"href":"https:\/\/aromasentia.com\/es\/wp-json\/wp\/v2\/comments?post=231738"}],"version-history":[{"count":0,"href":"https:\/\/aromasentia.com\/es\/wp-json\/wp\/v2\/product\/231738\/revisions"}],"wp:featuredmedia":[{"embeddable":true,"href":"https:\/\/aromasentia.com\/es\/wp-json\/wp\/v2\/media\/346214"}],"wp:attachment":[{"href":"https:\/\/aromasentia.com\/es\/wp-json\/wp\/v2\/media?parent=231738"}],"wp:term":[{"taxonomy":"product_brand","embeddable":true,"href":"https:\/\/aromasentia.com\/es\/wp-json\/wp\/v2\/product_brand?post=231738"},{"taxonomy":"product_cat","embeddable":true,"href":"https:\/\/aromasentia.com\/es\/wp-json\/wp\/v2\/product_cat?post=231738"},{"taxonomy":"product_tag","embeddable":true,"href":"https:\/\/aromasentia.com\/es\/wp-json\/wp\/v2\/product_tag?post=231738"}],"curies":[{"name":"wp","href":"https:\/\/api.w.org\/{rel}","templated":true}]}}