{"id":231718,"date":"2025-03-22T13:30:39","date_gmt":"2025-03-22T13:30:39","guid":{"rendered":"https:\/\/aromasentia.com\/product\/natural-selenite-tower-lamp-15-cm\/"},"modified":"2025-12-30T21:37:44","modified_gmt":"2025-12-30T21:37:44","slug":"torre-de-selenita-15-cm","status":"publish","type":"product","link":"https:\/\/aromasentia.com\/es\/torre-de-selenita-15-cm\/","title":{"rendered":"Torre de Selenita &#8211; 15 cm"},"content":{"rendered":"<p>Torre de selenita natural al por mayor. La torre de selenita son famosas por sus habilidades de limpieza y curaci\u00f3n, y pueden ayudar a eliminar la energ\u00eda negativa tanto de nuestros chakras como del entorno circundante.&nbsp;<\/p>\n<p>Una piedra para la claridad y la orientaci\u00f3n, selenita brinda apoyo para &quot;despejar la mente&quot;, agudizar su conciencia y permitirle ver la verdad al conectarlo con una conciencia superior.<\/p>\n<p>Las suaves cualidades curativas del Selenito se pueden usar para proporcionar protecci\u00f3n contra la energ\u00eda negativa para crear un espacio seguro y tranquilo con una atm\u00f3sfera pac\u00edfica. La selenita limpia los cristales renovando su energ\u00eda. Selenite tambi\u00e9n tiene propiedades calmantes que lo hacen ideal para la meditaci\u00f3n o el trabajo espiritual.<\/p>\n<p><\/p>\n","protected":false},"excerpt":{"rendered":"<p>Torre de selenita natural al por mayor. La torre de selenita son famosas por sus habilidades de limpieza y curaci\u00f3n, y pueden ayudar a eliminar la energ\u00eda negativa tanto de nuestros chakras como del entorno circundante.&nbsp; Una piedra para la claridad y la orientaci\u00f3n, selenita brinda apoyo para &quot;despejar la mente&quot;, agudizar su conciencia y [&hellip;]<\/p>\n","protected":false},"featured_media":346121,"comment_status":"closed","ping_status":"open","template":"","meta":{"_angie_page":false},"product_brand":[],"product_cat":[25225,17274,19119],"product_tag":[],"class_list":{"0":"post-231718","1":"product","2":"type-product","3":"status-publish","4":"has-post-thumbnail","6":"product_cat-gemas-y-minerales","7":"product_cat-regalos-esotericos","8":"product_cat-selenita","9":"pa_collection-natural-selenite-tower-lamps-es","10":"pa_made-in-reino-unido","12":"first","13":"instock","14":"purchasable","15":"product-type-simple"},"supplier_id":null,"supplier_sku":"SelLp-01","barcode":null,"atum_controlled":true,"out_stock_date":null,"out_stock_threshold":null,"inheritable":false,"inbound_stock":null,"stock_on_hold":0,"sold_today":0,"sales_last_days":0,"reserved_stock":null,"customer_returns":null,"warehouse_damage":null,"lost_in_post":null,"other_logs":null,"out_stock_days":0,"lost_sales":0,"has_location":null,"update_date":"2026-04-27T07:20:54","atum_locations":[],"atum_stock_status":"instock","restock_status":false,"low_stock_amount":"","sales_update_date":"2025-09-05T00:25:59","calc_backorders":null,"_links":{"self":[{"href":"https:\/\/aromasentia.com\/es\/wp-json\/wp\/v2\/product\/231718","targetHints":{"allow":["GET"]}}],"collection":[{"href":"https:\/\/aromasentia.com\/es\/wp-json\/wp\/v2\/product"}],"about":[{"href":"https:\/\/aromasentia.com\/es\/wp-json\/wp\/v2\/types\/product"}],"replies":[{"embeddable":true,"href":"https:\/\/aromasentia.com\/es\/wp-json\/wp\/v2\/comments?post=231718"}],"version-history":[{"count":0,"href":"https:\/\/aromasentia.com\/es\/wp-json\/wp\/v2\/product\/231718\/revisions"}],"wp:featuredmedia":[{"embeddable":true,"href":"https:\/\/aromasentia.com\/es\/wp-json\/wp\/v2\/media\/346121"}],"wp:attachment":[{"href":"https:\/\/aromasentia.com\/es\/wp-json\/wp\/v2\/media?parent=231718"}],"wp:term":[{"taxonomy":"product_brand","embeddable":true,"href":"https:\/\/aromasentia.com\/es\/wp-json\/wp\/v2\/product_brand?post=231718"},{"taxonomy":"product_cat","embeddable":true,"href":"https:\/\/aromasentia.com\/es\/wp-json\/wp\/v2\/product_cat?post=231718"},{"taxonomy":"product_tag","embeddable":true,"href":"https:\/\/aromasentia.com\/es\/wp-json\/wp\/v2\/product_tag?post=231718"}],"curies":[{"name":"wp","href":"https:\/\/api.w.org\/{rel}","templated":true}]}}