{"id":231634,"date":"2025-03-22T13:30:47","date_gmt":"2025-03-22T13:30:47","guid":{"rendered":"https:\/\/aromasentia.com\/product\/pack-of-24-rock-crystal-l-a-grade\/"},"modified":"2025-12-30T21:37:27","modified_gmt":"2025-12-30T21:37:27","slug":"ice-quartz-l","status":"publish","type":"product","link":"https:\/\/aromasentia.com\/es\/ice-quartz-l\/","title":{"rendered":"Ice Quartz  L"},"content":{"rendered":"<p>Amplifica la claridad con este Pack de 24 Cristales de Roca L (grado A). Este conjunto incluye veinticuatro grandes piedras de cuarzo de roca clara de grado A, lo que indica alta calidad y claridad. Como maestros sanadores y amplificadores de energ\u00eda, estos cristales son perfectos para potentes rejillas, mejorar la meditaci\u00f3n, programar intenciones o purificar un espacio. Su excepcional claridad garantiza una potente conducci\u00f3n de la energ\u00eda, aportando luz, concentraci\u00f3n y vibraciones positivas amplificadas a cualquier pr\u00e1ctica o entorno espiritual, promoviendo la curaci\u00f3n.<\/p>\n","protected":false},"excerpt":{"rendered":"<p>Amplifica la claridad con este Pack de 24 Cristales de Roca L (grado A). Este conjunto incluye veinticuatro grandes piedras de cuarzo de roca clara de grado A, lo que indica alta calidad y claridad. Como maestros sanadores y amplificadores de energ\u00eda, estos cristales son perfectos para potentes rejillas, mejorar la meditaci\u00f3n, programar intenciones o [&hellip;]<\/p>\n","protected":false},"featured_media":348164,"comment_status":"closed","ping_status":"open","template":"","meta":{"_angie_page":false},"product_brand":[],"product_cat":[25739,25225,18946,17274],"product_tag":[],"class_list":{"0":"post-231634","1":"product","2":"type-product","3":"status-publish","4":"has-post-thumbnail","6":"product_cat-cristal-de-roca","7":"product_cat-gemas-y-minerales","8":"product_cat-piedras-naturales","9":"product_cat-regalos-esotericos","10":"pa_collection-large-tumble-stones-es","11":"pa_made-in-brasil","13":"first","14":"instock","15":"purchasable","16":"product-type-simple"},"supplier_id":null,"supplier_sku":"TBm-14A","barcode":null,"atum_controlled":true,"out_stock_date":null,"out_stock_threshold":null,"inheritable":false,"inbound_stock":null,"stock_on_hold":0,"sold_today":0,"sales_last_days":0,"reserved_stock":null,"customer_returns":null,"warehouse_damage":null,"lost_in_post":null,"other_logs":null,"out_stock_days":0,"lost_sales":0,"has_location":null,"update_date":"2026-04-27T07:24:00","atum_locations":[],"atum_stock_status":"instock","restock_status":false,"low_stock_amount":"","sales_update_date":"2026-01-30T01:24:52","calc_backorders":null,"_links":{"self":[{"href":"https:\/\/aromasentia.com\/es\/wp-json\/wp\/v2\/product\/231634","targetHints":{"allow":["GET"]}}],"collection":[{"href":"https:\/\/aromasentia.com\/es\/wp-json\/wp\/v2\/product"}],"about":[{"href":"https:\/\/aromasentia.com\/es\/wp-json\/wp\/v2\/types\/product"}],"replies":[{"embeddable":true,"href":"https:\/\/aromasentia.com\/es\/wp-json\/wp\/v2\/comments?post=231634"}],"version-history":[{"count":0,"href":"https:\/\/aromasentia.com\/es\/wp-json\/wp\/v2\/product\/231634\/revisions"}],"wp:featuredmedia":[{"embeddable":true,"href":"https:\/\/aromasentia.com\/es\/wp-json\/wp\/v2\/media\/348164"}],"wp:attachment":[{"href":"https:\/\/aromasentia.com\/es\/wp-json\/wp\/v2\/media?parent=231634"}],"wp:term":[{"taxonomy":"product_brand","embeddable":true,"href":"https:\/\/aromasentia.com\/es\/wp-json\/wp\/v2\/product_brand?post=231634"},{"taxonomy":"product_cat","embeddable":true,"href":"https:\/\/aromasentia.com\/es\/wp-json\/wp\/v2\/product_cat?post=231634"},{"taxonomy":"product_tag","embeddable":true,"href":"https:\/\/aromasentia.com\/es\/wp-json\/wp\/v2\/product_tag?post=231634"}],"curies":[{"name":"wp","href":"https:\/\/api.w.org\/{rel}","templated":true}]}}