{"id":231598,"date":"2025-03-22T13:30:47","date_gmt":"2025-03-22T13:30:47","guid":{"rendered":"https:\/\/aromasentia.com\/product\/pack-of-24-l-tumble-stones-rock-crystal\/"},"modified":"2025-12-30T21:37:20","modified_gmt":"2025-12-30T21:37:20","slug":"l-tumble-stones-cristal-de-roca","status":"publish","type":"product","link":"https:\/\/aromasentia.com\/es\/l-tumble-stones-cristal-de-roca\/","title":{"rendered":"L Tumble Stones &#8211; Cristal de roca"},"content":{"rendered":"<p>Anta\u00f1o se cre\u00eda que el cristal de roca era hielo eterno, enviado por los dioses celestiales. En realidad es un mineral, uno de los m\u00e1s abundantes en la corteza continental de la Tierra, compuesto de silicio y ox\u00edgeno.<\/p>\n<p>El cuarzo puede ser tan transparente como el hielo o tener velos, burbujas y una gran variedad de colores. Esta piedra impresionante combina bien con otras, brillando como gotas de una cascada que fluye monta\u00f1a abajo. Queda bien sola o con otros tipos de cristal.&nbsp;<\/p>\n<p>El cuarzo es conocido por ser la piedra curativa m\u00e1s poderosa del reino mineral, capaz de trabajar en todas las condiciones. Debido a su capacidad para equilibrar, es ideal para armonizar y estabilizar el medio ambiente y es \u00fatil en las relaciones rom\u00e1nticas.&nbsp;<\/p>\n<p><strong>Estas piedras preciosas se empaquetan en bolsas de 24 y son de aproximadamente 20-30mm por piedra.<\/strong><\/p>\n<p>Estas piedras preciosas se empaquetan en bolsas de 24 y son de aproximadamente 20-30mm por piedra.<\/p>\n","protected":false},"excerpt":{"rendered":"<p>Anta\u00f1o se cre\u00eda que el cristal de roca era hielo eterno, enviado por los dioses celestiales. En realidad es un mineral, uno de los m\u00e1s abundantes en la corteza continental de la Tierra, compuesto de silicio y ox\u00edgeno. El cuarzo puede ser tan transparente como el hielo o tener velos, burbujas y una gran variedad [&hellip;]<\/p>\n","protected":false},"featured_media":347963,"comment_status":"closed","ping_status":"open","template":"","meta":{"_angie_page":false},"product_brand":[],"product_cat":[25739,25225,18946,17274],"product_tag":[],"class_list":{"0":"post-231598","1":"product","2":"type-product","3":"status-publish","4":"has-post-thumbnail","6":"product_cat-cristal-de-roca","7":"product_cat-gemas-y-minerales","8":"product_cat-piedras-naturales","9":"product_cat-regalos-esotericos","10":"pa_collection-large-tumble-stones-es","11":"pa_made-in-brasil","13":"first","14":"instock","15":"purchasable","16":"product-type-simple"},"supplier_id":null,"supplier_sku":"TBm-14","barcode":null,"atum_controlled":true,"out_stock_date":null,"out_stock_threshold":null,"inheritable":false,"inbound_stock":null,"stock_on_hold":0,"sold_today":0,"sales_last_days":0,"reserved_stock":null,"customer_returns":null,"warehouse_damage":null,"lost_in_post":null,"other_logs":null,"out_stock_days":0,"lost_sales":0,"has_location":null,"update_date":"2026-04-27T07:24:00","atum_locations":[],"atum_stock_status":"instock","restock_status":false,"low_stock_amount":"","sales_update_date":"2025-09-05T00:26:28","calc_backorders":null,"_links":{"self":[{"href":"https:\/\/aromasentia.com\/es\/wp-json\/wp\/v2\/product\/231598","targetHints":{"allow":["GET"]}}],"collection":[{"href":"https:\/\/aromasentia.com\/es\/wp-json\/wp\/v2\/product"}],"about":[{"href":"https:\/\/aromasentia.com\/es\/wp-json\/wp\/v2\/types\/product"}],"replies":[{"embeddable":true,"href":"https:\/\/aromasentia.com\/es\/wp-json\/wp\/v2\/comments?post=231598"}],"version-history":[{"count":0,"href":"https:\/\/aromasentia.com\/es\/wp-json\/wp\/v2\/product\/231598\/revisions"}],"wp:featuredmedia":[{"embeddable":true,"href":"https:\/\/aromasentia.com\/es\/wp-json\/wp\/v2\/media\/347963"}],"wp:attachment":[{"href":"https:\/\/aromasentia.com\/es\/wp-json\/wp\/v2\/media?parent=231598"}],"wp:term":[{"taxonomy":"product_brand","embeddable":true,"href":"https:\/\/aromasentia.com\/es\/wp-json\/wp\/v2\/product_brand?post=231598"},{"taxonomy":"product_cat","embeddable":true,"href":"https:\/\/aromasentia.com\/es\/wp-json\/wp\/v2\/product_cat?post=231598"},{"taxonomy":"product_tag","embeddable":true,"href":"https:\/\/aromasentia.com\/es\/wp-json\/wp\/v2\/product_tag?post=231598"}],"curies":[{"name":"wp","href":"https:\/\/api.w.org\/{rel}","templated":true}]}}