{"id":231594,"date":"2025-03-22T13:30:47","date_gmt":"2025-03-22T13:30:47","guid":{"rendered":"https:\/\/aromasentia.com\/product\/pack-of-24-l-tumble-stone-rose-quartz\/"},"modified":"2025-12-30T21:37:20","modified_gmt":"2025-12-30T21:37:20","slug":"l-tumble-stones-cuarzo-rosa","status":"publish","type":"product","link":"https:\/\/aromasentia.com\/es\/l-tumble-stones-cuarzo-rosa\/","title":{"rendered":"L Tumble Stones &#8211; Cuarzo Rosa"},"content":{"rendered":"<p>El cuarzo rosa es una piedra de la familia del cuarzo, que debe su caracter\u00edstico color rosa a mezclas de titanio y manganeso. El cuarzo rosa tambi\u00e9n es muy popular por su importancia en la mitolog\u00eda, donde se utilizaba para simbolizar el amor. Es una piedra elegida a menudo por los coleccionistas; es la base de la colecci\u00f3n astrol\u00f3gica. El cuarzo rosa es perfecto como mineral para la meditaci\u00f3n y la afirmaci\u00f3n, ya que transmite la energ\u00eda f\u00e1cilmente.<\/p>\n<p><strong>Estas piedras preciosas est\u00e1n empaquetadas en bolsas de 24 y miden aproximadamente 20mm &#8211; 30mm por piedra.<\/strong><\/p>\n<p>Estas piedras preciosas est\u00e1n empaquetadas en bolsas de 24 y miden aproximadamente 20mm &#8211; 30mm por piedra.<\/p>\n","protected":false},"excerpt":{"rendered":"<p>El cuarzo rosa es una piedra de la familia del cuarzo, que debe su caracter\u00edstico color rosa a mezclas de titanio y manganeso. El cuarzo rosa tambi\u00e9n es muy popular por su importancia en la mitolog\u00eda, donde se utilizaba para simbolizar el amor. Es una piedra elegida a menudo por los coleccionistas; es la base [&hellip;]<\/p>\n","protected":false},"featured_media":330975,"comment_status":"closed","ping_status":"open","template":"","meta":{"_angie_page":false},"product_brand":[],"product_cat":[25733,25748,25225,18946,17274],"product_tag":[],"class_list":{"0":"post-231594","1":"product","2":"type-product","3":"status-publish","4":"has-post-thumbnail","6":"product_cat-cuarzo","7":"product_cat-cuarzo-rosa","8":"product_cat-gemas-y-minerales","9":"product_cat-piedras-naturales","10":"product_cat-regalos-esotericos","11":"pa_collection-large-tumble-stones-es","12":"pa_made-in-namibia","14":"first","15":"instock","16":"purchasable","17":"product-type-simple"},"supplier_id":null,"supplier_sku":"TBm-12","barcode":null,"atum_controlled":true,"out_stock_date":null,"out_stock_threshold":null,"inheritable":false,"inbound_stock":null,"stock_on_hold":0,"sold_today":0,"sales_last_days":0,"reserved_stock":null,"customer_returns":null,"warehouse_damage":null,"lost_in_post":null,"other_logs":null,"out_stock_days":0,"lost_sales":0,"has_location":null,"update_date":"2026-04-27T07:24:00","atum_locations":[],"atum_stock_status":"instock","restock_status":false,"low_stock_amount":"","sales_update_date":"2025-09-05T00:26:28","calc_backorders":null,"_links":{"self":[{"href":"https:\/\/aromasentia.com\/es\/wp-json\/wp\/v2\/product\/231594","targetHints":{"allow":["GET"]}}],"collection":[{"href":"https:\/\/aromasentia.com\/es\/wp-json\/wp\/v2\/product"}],"about":[{"href":"https:\/\/aromasentia.com\/es\/wp-json\/wp\/v2\/types\/product"}],"replies":[{"embeddable":true,"href":"https:\/\/aromasentia.com\/es\/wp-json\/wp\/v2\/comments?post=231594"}],"version-history":[{"count":0,"href":"https:\/\/aromasentia.com\/es\/wp-json\/wp\/v2\/product\/231594\/revisions"}],"wp:featuredmedia":[{"embeddable":true,"href":"https:\/\/aromasentia.com\/es\/wp-json\/wp\/v2\/media\/330975"}],"wp:attachment":[{"href":"https:\/\/aromasentia.com\/es\/wp-json\/wp\/v2\/media?parent=231594"}],"wp:term":[{"taxonomy":"product_brand","embeddable":true,"href":"https:\/\/aromasentia.com\/es\/wp-json\/wp\/v2\/product_brand?post=231594"},{"taxonomy":"product_cat","embeddable":true,"href":"https:\/\/aromasentia.com\/es\/wp-json\/wp\/v2\/product_cat?post=231594"},{"taxonomy":"product_tag","embeddable":true,"href":"https:\/\/aromasentia.com\/es\/wp-json\/wp\/v2\/product_tag?post=231594"}],"curies":[{"name":"wp","href":"https:\/\/api.w.org\/{rel}","templated":true}]}}