{"id":231534,"date":"2025-03-22T13:30:47","date_gmt":"2025-03-22T13:30:47","guid":{"rendered":"https:\/\/aromasentia.com\/product\/gemstone-lantern-of-life-pendulum-sunstone-tigereye\/"},"modified":"2025-12-30T21:37:04","modified_gmt":"2025-12-30T21:37:04","slug":"pendulo-linterna-de-la-vida-piedra-solar-y-ojo-de-tigre","status":"publish","type":"product","link":"https:\/\/aromasentia.com\/es\/pendulo-linterna-de-la-vida-piedra-solar-y-ojo-de-tigre\/","title":{"rendered":"Pendulo Linterna de la Vida &#8211; Piedra solar y Ojo de Tigre"},"content":{"rendered":"<p>Aumenta el sentido de vitalidad y confianza en s\u00ed mismos de tus clientes con el cautivador <strong>P\u00e9ndulo de la Vida con Piedra Solar y Ojo de Tigre al por mayor<\/strong>. Suspendido de una delicada cadena, este p\u00e9ndulo sirve como una poderosa herramienta para encender el fuego interior y alcanzar metas personales.<\/p>\n<p><strong>La combinaci\u00f3n de piedra solar y ojo de tigre ofrece una sinergia convincente<\/strong>. Se cree que la piedra solar despierta el optimismo, la motivaci\u00f3n y la sensaci\u00f3n de poder personal, mientras que el ojo de tigre fomenta el valor, la determinaci\u00f3n y la voluntad de superar los retos. Esta combinaci\u00f3n resuena con los clientes que buscan liberar todo su potencial y superar los obst\u00e1culos de la vida con resiliencia.<\/p>\n<p>El dise\u00f1o de la linterna infunde simbolismo al p\u00e9ndulo. <strong>Las linternas iluminan el camino a seguir<\/strong>, ofreciendo gu\u00eda y esperanza. Esto resuena con los clientes que buscan direcci\u00f3n y fuerza interior a medida que persiguen sus objetivos.<\/p>\n<p>El P\u00e9ndulo Linterna de la Vida de Piedra de Sol y Ojo de Tigre es ideal para una variedad de pr\u00e1cticas metaf\u00edsicas. Los clientes pueden utilizarlo para <strong>b\u00fasqueda, adivinaci\u00f3n, trabajo energ\u00e9tico o meditaci\u00f3n<\/strong>, permiti\u00e9ndoles conectar con su fuego interior y su intuici\u00f3n.<\/p>\n<p>Los p\u00e9ndulos metaf\u00edsicos son <strong>cada vez m\u00e1s populares<\/strong> entre los clientes que buscan pr\u00e1cticas alternativas para el autodescubrimiento y el bienestar. Al ofrecer este dise\u00f1o \u00fanico de linterna, usted atiende a un mercado en crecimiento.<\/p>\n<p>Convi\u00e9rtase en un socio en el empoderamiento &#8211; \u00a1compre ahora!<\/p>\n<p>\n","protected":false},"excerpt":{"rendered":"<p>Aumenta el sentido de vitalidad y confianza en s\u00ed mismos de tus clientes con el cautivador P\u00e9ndulo de la Vida con Piedra Solar y Ojo de Tigre al por mayor. Suspendido de una delicada cadena, este p\u00e9ndulo sirve como una poderosa herramienta para encender el fuego interior y alcanzar metas personales. La combinaci\u00f3n de piedra [&hellip;]<\/p>\n","protected":false},"featured_media":347539,"comment_status":"closed","ping_status":"open","template":"","meta":{"_angie_page":false},"product_brand":[],"product_cat":[25225,25784,19079,25775,17274],"product_tag":[],"class_list":{"0":"post-231534","1":"product","2":"type-product","3":"status-publish","4":"has-post-thumbnail","6":"product_cat-gemas-y-minerales","7":"product_cat-ojo-de-tigre","8":"product_cat-pendulos-y-colgantes","9":"product_cat-piedra-solar","10":"product_cat-regalos-esotericos","11":"pa_collection-special-pendulums-es","12":"pa_made-in-india","14":"first","15":"instock","16":"purchasable","17":"product-type-simple"},"supplier_id":null,"supplier_sku":"SpecMP-65","barcode":null,"atum_controlled":true,"out_stock_date":null,"out_stock_threshold":null,"inheritable":false,"inbound_stock":null,"stock_on_hold":0,"sold_today":0,"sales_last_days":0,"reserved_stock":null,"customer_returns":null,"warehouse_damage":null,"lost_in_post":null,"other_logs":null,"out_stock_days":0,"lost_sales":0,"has_location":null,"update_date":"2026-04-27T07:22:53","atum_locations":[],"atum_stock_status":"instock","restock_status":false,"low_stock_amount":"","sales_update_date":"2026-01-30T01:26:37","calc_backorders":null,"_links":{"self":[{"href":"https:\/\/aromasentia.com\/es\/wp-json\/wp\/v2\/product\/231534","targetHints":{"allow":["GET"]}}],"collection":[{"href":"https:\/\/aromasentia.com\/es\/wp-json\/wp\/v2\/product"}],"about":[{"href":"https:\/\/aromasentia.com\/es\/wp-json\/wp\/v2\/types\/product"}],"replies":[{"embeddable":true,"href":"https:\/\/aromasentia.com\/es\/wp-json\/wp\/v2\/comments?post=231534"}],"version-history":[{"count":0,"href":"https:\/\/aromasentia.com\/es\/wp-json\/wp\/v2\/product\/231534\/revisions"}],"wp:featuredmedia":[{"embeddable":true,"href":"https:\/\/aromasentia.com\/es\/wp-json\/wp\/v2\/media\/347539"}],"wp:attachment":[{"href":"https:\/\/aromasentia.com\/es\/wp-json\/wp\/v2\/media?parent=231534"}],"wp:term":[{"taxonomy":"product_brand","embeddable":true,"href":"https:\/\/aromasentia.com\/es\/wp-json\/wp\/v2\/product_brand?post=231534"},{"taxonomy":"product_cat","embeddable":true,"href":"https:\/\/aromasentia.com\/es\/wp-json\/wp\/v2\/product_cat?post=231534"},{"taxonomy":"product_tag","embeddable":true,"href":"https:\/\/aromasentia.com\/es\/wp-json\/wp\/v2\/product_tag?post=231534"}],"curies":[{"name":"wp","href":"https:\/\/api.w.org\/{rel}","templated":true}]}}