{"id":231530,"date":"2025-03-22T13:30:47","date_gmt":"2025-03-22T13:30:47","guid":{"rendered":"https:\/\/aromasentia.com\/product\/gemstone-lantern-of-life-pendulum-black-agate-rose-quartz\/"},"modified":"2025-12-30T21:37:04","modified_gmt":"2025-12-30T21:37:04","slug":"pendulo-linterna-de-la-vida-agata-negra-y-cuarzo-rosa","status":"publish","type":"product","link":"https:\/\/aromasentia.com\/es\/pendulo-linterna-de-la-vida-agata-negra-y-cuarzo-rosa\/","title":{"rendered":"Pendulo Linterna de la Vida -Agata Negra y Cuarzo Rosa"},"content":{"rendered":"<p>Potencie a sus clientes para que cultiven una sensaci\u00f3n de paz y bienestar con el cautivador <strong>P\u00e9ndulo de la linterna de la vida con \u00e1gata negra y cuarzo rosa<\/strong>. Suspendido de una delicada cadena, este p\u00e9ndulo sirve como una poderosa herramienta para la exploraci\u00f3n espiritual y el autodescubrimiento.<\/p>\n<p><strong>La combinaci\u00f3n de \u00e1gata negra y cuarzo rosa ofrece una dualidad convincente<\/strong>. Se cree que el \u00e1gata negra proporciona una sensaci\u00f3n de seguridad y arraigo emocional, mientras que el cuarzo rosa fomenta el amor, la compasi\u00f3n y la paz interior. Esta sinergia resuena con los clientes que buscan un enfoque completo para el crecimiento espiritual.<\/p>\n<p>El dise\u00f1o de la linterna infunde simbolismo al p\u00e9ndulo. <strong>Las linternas iluminan el camino a seguir<\/strong>, ofreciendo gu\u00eda y esperanza. Esto resuena con los clientes que buscan direcci\u00f3n y apoyo en sus viajes espirituales.<\/p>\n<p>Este p\u00e9ndulo es ideal para una variedad de pr\u00e1cticas metaf\u00edsicas. Los clientes pueden utilizarlo para <strong>b\u00fasqueda, adivinaci\u00f3n, trabajo energ\u00e9tico o meditaci\u00f3n<\/strong>, permiti\u00e9ndoles conectar con su sabidur\u00eda interior e intuici\u00f3n.<\/p>\n<p>Los p\u00e9ndulos metaf\u00edsicos son cada vez m\u00e1s populares entre los clientes que buscan pr\u00e1cticas alternativas para el autodescubrimiento y el bienestar. <strong>Al ofrecer este dise\u00f1o \u00fanico de linterna, usted atiende a un mercado en crecimiento<\/strong>.<\/strong><\/p>\n<p>Convi\u00e9rtase en un socio en el crecimiento &#8211; \u00a1compre ahora!<\/p>\n<p class=\"text-align: justify;\">\n","protected":false},"excerpt":{"rendered":"<p>Potencie a sus clientes para que cultiven una sensaci\u00f3n de paz y bienestar con el cautivador P\u00e9ndulo de la linterna de la vida con \u00e1gata negra y cuarzo rosa. Suspendido de una delicada cadena, este p\u00e9ndulo sirve como una poderosa herramienta para la exploraci\u00f3n espiritual y el autodescubrimiento. La combinaci\u00f3n de \u00e1gata negra y cuarzo [&hellip;]<\/p>\n","protected":false},"featured_media":347514,"comment_status":"closed","ping_status":"open","template":"","meta":{"_angie_page":false},"product_brand":[],"product_cat":[25541,25733,25748,25225,19079,17274],"product_tag":[],"class_list":{"0":"post-231530","1":"product","2":"type-product","3":"status-publish","4":"has-post-thumbnail","6":"product_cat-agata","7":"product_cat-cuarzo","8":"product_cat-cuarzo-rosa","9":"product_cat-gemas-y-minerales","10":"product_cat-pendulos-y-colgantes","11":"product_cat-regalos-esotericos","12":"pa_collection-special-pendulums-es","13":"pa_made-in-india","15":"first","16":"instock","17":"purchasable","18":"product-type-simple"},"supplier_id":null,"supplier_sku":"SpecMP-64","barcode":null,"atum_controlled":true,"out_stock_date":null,"out_stock_threshold":null,"inheritable":false,"inbound_stock":null,"stock_on_hold":0,"sold_today":0,"sales_last_days":0,"reserved_stock":null,"customer_returns":null,"warehouse_damage":null,"lost_in_post":null,"other_logs":null,"out_stock_days":0,"lost_sales":0,"has_location":null,"update_date":"2026-04-27T19:08:26","atum_locations":[],"atum_stock_status":"instock","restock_status":false,"low_stock_amount":"","sales_update_date":"2026-01-20T05:14:07","calc_backorders":null,"_links":{"self":[{"href":"https:\/\/aromasentia.com\/es\/wp-json\/wp\/v2\/product\/231530","targetHints":{"allow":["GET"]}}],"collection":[{"href":"https:\/\/aromasentia.com\/es\/wp-json\/wp\/v2\/product"}],"about":[{"href":"https:\/\/aromasentia.com\/es\/wp-json\/wp\/v2\/types\/product"}],"replies":[{"embeddable":true,"href":"https:\/\/aromasentia.com\/es\/wp-json\/wp\/v2\/comments?post=231530"}],"version-history":[{"count":0,"href":"https:\/\/aromasentia.com\/es\/wp-json\/wp\/v2\/product\/231530\/revisions"}],"wp:featuredmedia":[{"embeddable":true,"href":"https:\/\/aromasentia.com\/es\/wp-json\/wp\/v2\/media\/347514"}],"wp:attachment":[{"href":"https:\/\/aromasentia.com\/es\/wp-json\/wp\/v2\/media?parent=231530"}],"wp:term":[{"taxonomy":"product_brand","embeddable":true,"href":"https:\/\/aromasentia.com\/es\/wp-json\/wp\/v2\/product_brand?post=231530"},{"taxonomy":"product_cat","embeddable":true,"href":"https:\/\/aromasentia.com\/es\/wp-json\/wp\/v2\/product_cat?post=231530"},{"taxonomy":"product_tag","embeddable":true,"href":"https:\/\/aromasentia.com\/es\/wp-json\/wp\/v2\/product_tag?post=231530"}],"curies":[{"name":"wp","href":"https:\/\/api.w.org\/{rel}","templated":true}]}}