{"id":231526,"date":"2025-03-22T13:30:47","date_gmt":"2025-03-22T13:30:47","guid":{"rendered":"https:\/\/aromasentia.com\/product\/shiva-lingam-with-point-pendulum\/"},"modified":"2025-12-30T21:37:04","modified_gmt":"2025-12-30T21:37:04","slug":"pendulo-de-shiva-lingam-con-punta","status":"publish","type":"product","link":"https:\/\/aromasentia.com\/es\/pendulo-de-shiva-lingam-con-punta\/","title":{"rendered":"Pendulo de Shiva Lingam con punta"},"content":{"rendered":"<p>Encante a sus clientes con el cautivador misterio del <strong>P\u00e9ndulo de Punta Shiva Lingam al por mayor<\/strong>. Estas enigm\u00e1ticas piezas encarnan un dise\u00f1o minimalista que susurra elegancia atemporal y encanto esot\u00e9rico.<\/p>\n<p>El <strong>&nbsp;Shiva Lingam<\/strong>, t\u00edpicamente representado como una piedra de forma ovalada, <strong>representa la realidad informe de Brahman y el pilar c\u00f3smico en el hinduismo<\/strong>. La forma puntiaguda a\u00f1ade un toque de elegancia moderna al tiempo que conserva el peso simb\u00f3lico del Shiva Lingam. Esta dualidad <strong>resuena con los clientes que buscan una conexi\u00f3n con su espiritualidad<\/strong> o que simplemente se sienten atra\u00eddos por las joyas con significado.<\/p>\n<p>La versatilidad del p\u00e9ndulo Shiva Lingam Point lo convierte en una oferta atractiva para un grupo demogr\u00e1fico m\u00e1s amplio. <strong>Abre nuevos mercados y ampl\u00eda tu base de clientes<\/strong> con este producto \u00fanico.<\/p>\n<p>Convi\u00e9rtete en un socio en armon\u00eda &#8211; \u00a1haz tu pedido hoy mismo!<\/p>\n","protected":false},"excerpt":{"rendered":"<p>Encante a sus clientes con el cautivador misterio del P\u00e9ndulo de Punta Shiva Lingam al por mayor. Estas enigm\u00e1ticas piezas encarnan un dise\u00f1o minimalista que susurra elegancia atemporal y encanto esot\u00e9rico. El &nbsp;Shiva Lingam, t\u00edpicamente representado como una piedra de forma ovalada, representa la realidad informe de Brahman y el pilar c\u00f3smico en el hinduismo. [&hellip;]<\/p>\n","protected":false},"featured_media":347489,"comment_status":"closed","ping_status":"open","template":"","meta":{"_angie_page":false},"product_brand":[],"product_cat":[25225,19079,17274,25759],"product_tag":[],"class_list":{"0":"post-231526","1":"product","2":"type-product","3":"status-publish","4":"has-post-thumbnail","6":"product_cat-gemas-y-minerales","7":"product_cat-pendulos-y-colgantes","8":"product_cat-regalos-esotericos","9":"product_cat-shiva-lingam","10":"pa_collection-special-pendulums-es","11":"pa_made-in-india","13":"first","14":"instock","15":"purchasable","16":"product-type-simple"},"supplier_id":null,"supplier_sku":"SpecMP-63","barcode":null,"atum_controlled":true,"out_stock_date":null,"out_stock_threshold":null,"inheritable":false,"inbound_stock":null,"stock_on_hold":0,"sold_today":0,"sales_last_days":0,"reserved_stock":null,"customer_returns":null,"warehouse_damage":null,"lost_in_post":null,"other_logs":null,"out_stock_days":0,"lost_sales":0,"has_location":null,"update_date":"2026-04-27T19:08:26","atum_locations":[],"atum_stock_status":"instock","restock_status":false,"low_stock_amount":"","sales_update_date":"2026-01-30T01:26:25","calc_backorders":null,"_links":{"self":[{"href":"https:\/\/aromasentia.com\/es\/wp-json\/wp\/v2\/product\/231526","targetHints":{"allow":["GET"]}}],"collection":[{"href":"https:\/\/aromasentia.com\/es\/wp-json\/wp\/v2\/product"}],"about":[{"href":"https:\/\/aromasentia.com\/es\/wp-json\/wp\/v2\/types\/product"}],"replies":[{"embeddable":true,"href":"https:\/\/aromasentia.com\/es\/wp-json\/wp\/v2\/comments?post=231526"}],"version-history":[{"count":0,"href":"https:\/\/aromasentia.com\/es\/wp-json\/wp\/v2\/product\/231526\/revisions"}],"wp:featuredmedia":[{"embeddable":true,"href":"https:\/\/aromasentia.com\/es\/wp-json\/wp\/v2\/media\/347489"}],"wp:attachment":[{"href":"https:\/\/aromasentia.com\/es\/wp-json\/wp\/v2\/media?parent=231526"}],"wp:term":[{"taxonomy":"product_brand","embeddable":true,"href":"https:\/\/aromasentia.com\/es\/wp-json\/wp\/v2\/product_brand?post=231526"},{"taxonomy":"product_cat","embeddable":true,"href":"https:\/\/aromasentia.com\/es\/wp-json\/wp\/v2\/product_cat?post=231526"},{"taxonomy":"product_tag","embeddable":true,"href":"https:\/\/aromasentia.com\/es\/wp-json\/wp\/v2\/product_tag?post=231526"}],"curies":[{"name":"wp","href":"https:\/\/api.w.org\/{rel}","templated":true}]}}