{"id":231522,"date":"2025-03-22T13:30:47","date_gmt":"2025-03-22T13:30:47","guid":{"rendered":"https:\/\/aromasentia.com\/product\/shiva-lingam-with-band-pendulum\/"},"modified":"2025-12-30T21:37:04","modified_gmt":"2025-12-30T21:37:04","slug":"pendulo-shiva-lingam-con-banda","status":"publish","type":"product","link":"https:\/\/aromasentia.com\/es\/pendulo-shiva-lingam-con-banda\/","title":{"rendered":"Pendulo Shiva Lingam con Banda"},"content":{"rendered":"<p>Incorpora un cautivador tema de conversaci\u00f3n a tu inventario con el <strong>Lingam de Shiva al por mayor con p\u00e9ndulo de banda<\/strong>. Este intrigante producto trasciende el mero adorno, ofreciendo una poderosa confluencia de simbolismo espiritual y funcionalidad pr\u00e1ctica.<\/p>\n<p>Piedra angular del hinduismo, el Shiva Lingam, t\u00edpicamente representado como una piedra de forma ovalada, representa la realidad informe de Brahman y el pilar c\u00f3smico.<\/p>\n<p>Este elemento funcional permite a los usuarios explorar reinos m\u00e1s all\u00e1 de lo f\u00edsico, utilizando el p\u00e9ndulo para <strong>b\u00fasqueda, pr\u00e1cticas de adivinaci\u00f3n<\/strong> o para conectar con su yo interior. <\/p>\n<p>El creciente inter\u00e9s por la exploraci\u00f3n espiritual y las herramientas metaf\u00edsicas alimenta la popularidad de los Shiva Lingams y los p\u00e9ndulos. <strong>Al ofrecer esta combinaci\u00f3n \u00fanica, usted atiende a una amplia base de clientes<\/strong>.<\/p>\n<p>Desbloquee el potencial de esta herramienta \u00fanica &#8211; \u00a1haga su pedido ahora!<\/p>\n<p><strong>Disfrute de una experiencia \u00fanica!<\/p>\n","protected":false},"excerpt":{"rendered":"<p>Incorpora un cautivador tema de conversaci\u00f3n a tu inventario con el Lingam de Shiva al por mayor con p\u00e9ndulo de banda. Este intrigante producto trasciende el mero adorno, ofreciendo una poderosa confluencia de simbolismo espiritual y funcionalidad pr\u00e1ctica. Piedra angular del hinduismo, el Shiva Lingam, t\u00edpicamente representado como una piedra de forma ovalada, representa la [&hellip;]<\/p>\n","protected":false},"featured_media":347464,"comment_status":"closed","ping_status":"open","template":"","meta":{"_angie_page":false},"product_brand":[],"product_cat":[25225,19079,17274,25759],"product_tag":[],"class_list":{"0":"post-231522","1":"product","2":"type-product","3":"status-publish","4":"has-post-thumbnail","6":"product_cat-gemas-y-minerales","7":"product_cat-pendulos-y-colgantes","8":"product_cat-regalos-esotericos","9":"product_cat-shiva-lingam","10":"pa_collection-special-pendulums-es","11":"pa_made-in-india","13":"first","14":"instock","15":"purchasable","16":"product-type-simple"},"supplier_id":null,"supplier_sku":"SpecMP-62","barcode":null,"atum_controlled":true,"out_stock_date":null,"out_stock_threshold":null,"inheritable":false,"inbound_stock":null,"stock_on_hold":0,"sold_today":0,"sales_last_days":0,"reserved_stock":null,"customer_returns":null,"warehouse_damage":null,"lost_in_post":null,"other_logs":null,"out_stock_days":0,"lost_sales":0,"has_location":null,"update_date":"2026-04-27T19:08:26","atum_locations":[],"atum_stock_status":"instock","restock_status":false,"low_stock_amount":"","sales_update_date":"2026-01-30T01:26:28","calc_backorders":null,"_links":{"self":[{"href":"https:\/\/aromasentia.com\/es\/wp-json\/wp\/v2\/product\/231522","targetHints":{"allow":["GET"]}}],"collection":[{"href":"https:\/\/aromasentia.com\/es\/wp-json\/wp\/v2\/product"}],"about":[{"href":"https:\/\/aromasentia.com\/es\/wp-json\/wp\/v2\/types\/product"}],"replies":[{"embeddable":true,"href":"https:\/\/aromasentia.com\/es\/wp-json\/wp\/v2\/comments?post=231522"}],"version-history":[{"count":0,"href":"https:\/\/aromasentia.com\/es\/wp-json\/wp\/v2\/product\/231522\/revisions"}],"wp:featuredmedia":[{"embeddable":true,"href":"https:\/\/aromasentia.com\/es\/wp-json\/wp\/v2\/media\/347464"}],"wp:attachment":[{"href":"https:\/\/aromasentia.com\/es\/wp-json\/wp\/v2\/media?parent=231522"}],"wp:term":[{"taxonomy":"product_brand","embeddable":true,"href":"https:\/\/aromasentia.com\/es\/wp-json\/wp\/v2\/product_brand?post=231522"},{"taxonomy":"product_cat","embeddable":true,"href":"https:\/\/aromasentia.com\/es\/wp-json\/wp\/v2\/product_cat?post=231522"},{"taxonomy":"product_tag","embeddable":true,"href":"https:\/\/aromasentia.com\/es\/wp-json\/wp\/v2\/product_tag?post=231522"}],"curies":[{"name":"wp","href":"https:\/\/api.w.org\/{rel}","templated":true}]}}