{"id":231510,"date":"2025-03-22T13:30:47","date_gmt":"2025-03-22T13:30:47","guid":{"rendered":"https:\/\/aromasentia.com\/product\/faceted-gemstone-pendulum-amethyst\/"},"modified":"2025-12-30T21:37:04","modified_gmt":"2025-12-30T21:37:04","slug":"pendulo-piedra-bruta-amatista","status":"publish","type":"product","link":"https:\/\/aromasentia.com\/es\/pendulo-piedra-bruta-amatista\/","title":{"rendered":"Pendulo Piedra Bruta &#8211; Amatista"},"content":{"rendered":"<p>Impregne su tienda de sofisticaci\u00f3n y energ\u00eda espiritual con estos <strong>P\u00e9ndulos de Amatista Facetados al por mayor<\/strong>. Estos p\u00e9ndulos presentan cautivadoras piedras preciosas de amatista facetadas, cada una de ellas meticulosamente cortada y pulida para revelar el brillo y la profundidad del color de la piedra.<\/p>\n<p><strong>Amatista<\/strong>, venerada por sus fascinantes tonos p\u00farpura, es una piedra popular <strong>que se cree que fomenta la conciencia espiritual, el pensamiento claro y la intuici\u00f3n<\/strong>. El facetado preciso de estos p\u00e9ndulos amplifica la belleza natural de la amatista y se cree que mejora la capacidad del cristal para concentrar la energ\u00eda.<\/p>\n<p>Ampl\u00ede su oferta de productos con estos elegantes p\u00e9ndulos. Se utilizan tradicionalmente para <strong>adivinaci\u00f3n y adivinaci\u00f3n<\/strong>, pero tambi\u00e9n pueden utilizarse para <strong>meditaci\u00f3n, relajaci\u00f3n<\/strong>, o como una hermosa pieza de joyer\u00eda. La superficie lisa y pulida de la amatista es agradable de sostener, y la punta ponderada proporciona un balanceo satisfactorio durante su uso.<\/p>\n<p>Vendidos a precios al por mayor, estos p\u00e9ndulos de amatista pulida son <strong>perfectos para tiendas metaf\u00edsicas, tiendas de regalos<\/strong>, o cualquier minorista que busque mercanc\u00eda \u00fanica y de moda. Ligeros y f\u00e1ciles de exponer, requieren un espacio m\u00ednimo en las estanter\u00edas y pueden generar importantes beneficios. &nbsp;<\/p>\n<p>Pida el suyo hoy mismo y aproveche el creciente mercado de regalos de sanaci\u00f3n con cristales! &nbsp;<\/p>\n<p>Pida el suyo hoy mismo y aproveche el creciente mercado de regalos de sanaci\u00f3n con cristales!<\/p>\n","protected":false},"excerpt":{"rendered":"<p>Impregne su tienda de sofisticaci\u00f3n y energ\u00eda espiritual con estos P\u00e9ndulos de Amatista Facetados al por mayor. Estos p\u00e9ndulos presentan cautivadoras piedras preciosas de amatista facetadas, cada una de ellas meticulosamente cortada y pulida para revelar el brillo y la profundidad del color de la piedra. Amatista, venerada por sus fascinantes tonos p\u00farpura, es una [&hellip;]<\/p>\n","protected":false},"featured_media":347381,"comment_status":"closed","ping_status":"open","template":"","meta":{"_angie_page":false},"product_brand":[],"product_cat":[25549,25225,19079,17274],"product_tag":[],"class_list":{"0":"post-231510","1":"product","2":"type-product","3":"status-publish","4":"has-post-thumbnail","6":"product_cat-amatista","7":"product_cat-gemas-y-minerales","8":"product_cat-pendulos-y-colgantes","9":"product_cat-regalos-esotericos","10":"pa_collection-special-pendulums-es","11":"pa_made-in-india","13":"first","14":"instock","15":"purchasable","16":"product-type-simple"},"supplier_id":null,"supplier_sku":"SpecMP-59","barcode":null,"atum_controlled":true,"out_stock_date":null,"out_stock_threshold":null,"inheritable":false,"inbound_stock":null,"stock_on_hold":0,"sold_today":0,"sales_last_days":0,"reserved_stock":null,"customer_returns":null,"warehouse_damage":null,"lost_in_post":null,"other_logs":null,"out_stock_days":0,"lost_sales":0,"has_location":null,"update_date":"2026-04-27T19:08:26","atum_locations":[],"atum_stock_status":"instock","restock_status":false,"low_stock_amount":"","sales_update_date":"2026-02-06T00:01:50","calc_backorders":null,"_links":{"self":[{"href":"https:\/\/aromasentia.com\/es\/wp-json\/wp\/v2\/product\/231510","targetHints":{"allow":["GET"]}}],"collection":[{"href":"https:\/\/aromasentia.com\/es\/wp-json\/wp\/v2\/product"}],"about":[{"href":"https:\/\/aromasentia.com\/es\/wp-json\/wp\/v2\/types\/product"}],"replies":[{"embeddable":true,"href":"https:\/\/aromasentia.com\/es\/wp-json\/wp\/v2\/comments?post=231510"}],"version-history":[{"count":0,"href":"https:\/\/aromasentia.com\/es\/wp-json\/wp\/v2\/product\/231510\/revisions"}],"wp:featuredmedia":[{"embeddable":true,"href":"https:\/\/aromasentia.com\/es\/wp-json\/wp\/v2\/media\/347381"}],"wp:attachment":[{"href":"https:\/\/aromasentia.com\/es\/wp-json\/wp\/v2\/media?parent=231510"}],"wp:term":[{"taxonomy":"product_brand","embeddable":true,"href":"https:\/\/aromasentia.com\/es\/wp-json\/wp\/v2\/product_brand?post=231510"},{"taxonomy":"product_cat","embeddable":true,"href":"https:\/\/aromasentia.com\/es\/wp-json\/wp\/v2\/product_cat?post=231510"},{"taxonomy":"product_tag","embeddable":true,"href":"https:\/\/aromasentia.com\/es\/wp-json\/wp\/v2\/product_tag?post=231510"}],"curies":[{"name":"wp","href":"https:\/\/api.w.org\/{rel}","templated":true}]}}