{"id":231450,"date":"2025-03-22T13:30:57","date_gmt":"2025-03-22T13:30:57","guid":{"rendered":"https:\/\/aromasentia.com\/product\/med-black-beaten-bowl-15cm\/"},"modified":"2025-12-30T21:36:48","modified_gmt":"2025-12-30T21:36:48","slug":"tazon-mediano-golpeado-negro-15cm","status":"publish","type":"product","link":"https:\/\/aromasentia.com\/es\/tazon-mediano-golpeado-negro-15cm\/","title":{"rendered":"Taz\u00f3n Mediano Golpeado Negro &#8211; 15cm"},"content":{"rendered":"<p style=\"text-align: justify;\"><strong>En la pr\u00e1ctica budista, los cuencos tibetanos se utilizan como apoyo para la meditaci\u00f3n, la inducci\u00f3n al trance y la oraci\u00f3n.<\/strong><\/p>\n<p style=\"text-align: justify;\">Los cuencos tibetanos son un tipo de campana, en lugar de colgar invertidos o sujetos a un asa, los cuencos tibetanos se asientan con la superficie inferior apoyada. Los lados y el borde de los cuencos tibetanos vibran para producir sonido.<\/p>\n<p style=\"text-align: justify;\"><strong>Tama\u00f1o: D: 15 cm , H: 9 cm<\/strong><\/p>\n","protected":false},"excerpt":{"rendered":"<p>En la pr\u00e1ctica budista, los cuencos tibetanos se utilizan como apoyo para la meditaci\u00f3n, la inducci\u00f3n al trance y la oraci\u00f3n. Los cuencos tibetanos son un tipo de campana, en lugar de colgar invertidos o sujetos a un asa, los cuencos tibetanos se asientan con la superficie inferior apoyada. Los lados y el borde de [&hellip;]<\/p>\n","protected":false},"featured_media":349083,"comment_status":"closed","ping_status":"open","template":"","meta":{"_angie_page":false},"product_brand":[],"product_cat":[18872,14456],"product_tag":[],"class_list":{"0":"post-231450","1":"product","2":"type-product","3":"status-publish","4":"has-post-thumbnail","6":"product_cat-cuencos-tibetanos-y-campanas","7":"product_cat-decoracion-hogar-y-jardin","8":"pa_collection-tibetan-singing-bowls-es","9":"pa_made-in-india","11":"first","12":"instock","13":"purchasable","14":"product-type-simple"},"supplier_id":null,"supplier_sku":"Tib-85","barcode":null,"atum_controlled":true,"out_stock_date":null,"out_stock_threshold":null,"inheritable":false,"inbound_stock":null,"stock_on_hold":0,"sold_today":0,"sales_last_days":0,"reserved_stock":null,"customer_returns":null,"warehouse_damage":null,"lost_in_post":null,"other_logs":null,"out_stock_days":0,"lost_sales":0,"has_location":null,"update_date":"2026-05-08T05:20:19","atum_locations":[],"atum_stock_status":"instock","restock_status":false,"low_stock_amount":"","sales_update_date":"2025-09-05T00:26:45","calc_backorders":null,"_links":{"self":[{"href":"https:\/\/aromasentia.com\/es\/wp-json\/wp\/v2\/product\/231450","targetHints":{"allow":["GET"]}}],"collection":[{"href":"https:\/\/aromasentia.com\/es\/wp-json\/wp\/v2\/product"}],"about":[{"href":"https:\/\/aromasentia.com\/es\/wp-json\/wp\/v2\/types\/product"}],"replies":[{"embeddable":true,"href":"https:\/\/aromasentia.com\/es\/wp-json\/wp\/v2\/comments?post=231450"}],"version-history":[{"count":0,"href":"https:\/\/aromasentia.com\/es\/wp-json\/wp\/v2\/product\/231450\/revisions"}],"wp:featuredmedia":[{"embeddable":true,"href":"https:\/\/aromasentia.com\/es\/wp-json\/wp\/v2\/media\/349083"}],"wp:attachment":[{"href":"https:\/\/aromasentia.com\/es\/wp-json\/wp\/v2\/media?parent=231450"}],"wp:term":[{"taxonomy":"product_brand","embeddable":true,"href":"https:\/\/aromasentia.com\/es\/wp-json\/wp\/v2\/product_brand?post=231450"},{"taxonomy":"product_cat","embeddable":true,"href":"https:\/\/aromasentia.com\/es\/wp-json\/wp\/v2\/product_cat?post=231450"},{"taxonomy":"product_tag","embeddable":true,"href":"https:\/\/aromasentia.com\/es\/wp-json\/wp\/v2\/product_tag?post=231450"}],"curies":[{"name":"wp","href":"https:\/\/api.w.org\/{rel}","templated":true}]}}