{"id":231086,"date":"2025-03-22T13:31:14","date_gmt":"2025-03-22T13:31:14","guid":{"rendered":"https:\/\/aromasentia.com\/product\/medium-tibetan-tingsha-bell-6x11-5cm\/"},"modified":"2025-12-30T21:35:36","modified_gmt":"2025-12-30T21:35:36","slug":"campana-tibetana-tingsha-mediana-6x11-5cm","status":"publish","type":"product","link":"https:\/\/aromasentia.com\/es\/campana-tibetana-tingsha-mediana-6x11-5cm\/","title":{"rendered":"Campana Tibetana Tingsha Mediana &#8211; 6&#215;11.5cm"},"content":{"rendered":"<p>Las campanas tingsha son campanas especiales que se utilizan para rituales o dar comienzo\/finalizaci\u00f3n a pr\u00e1cticas como yoga o taichi. Tambi\u00e9n suele utilizarse para purificar energ\u00edas.&nbsp;<\/p>\n<p>El sonido que emite es dulce y resonante.&nbsp;<\/p>\n<p>Esta campana tienen una medida de 6X11.5 cm&nbsp;<\/p>\n<p>Solo venta al por mayor.&nbsp;<\/p>\n","protected":false},"excerpt":{"rendered":"<p>Las campanas tingsha son campanas especiales que se utilizan para rituales o dar comienzo\/finalizaci\u00f3n a pr\u00e1cticas como yoga o taichi. Tambi\u00e9n suele utilizarse para purificar energ\u00edas.&nbsp; El sonido que emite es dulce y resonante.&nbsp; Esta campana tienen una medida de 6X11.5 cm&nbsp; Solo venta al por mayor.&nbsp;<\/p>\n","protected":false},"featured_media":352563,"comment_status":"closed","ping_status":"open","template":"","meta":[],"product_brand":[],"product_cat":[18872,14456,14241,14066],"product_tag":[],"class_list":{"0":"post-231086","1":"product","2":"type-product","3":"status-publish","4":"has-post-thumbnail","6":"product_cat-cuencos-tibetanos-y-campanas","7":"product_cat-decoracion-hogar-y-jardin","8":"product_cat-instrumentos-musicales","9":"product_cat-regalos-vintage-y-souvenir","10":"pa_collection-tibetan-bells-and-tingsha-bells-es","11":"pa_made-in-india","13":"first","14":"instock","15":"purchasable","16":"product-type-simple"},"supplier_id":null,"supplier_sku":"TTB-06","barcode":null,"atum_controlled":true,"out_stock_date":null,"out_stock_threshold":null,"inheritable":false,"inbound_stock":null,"stock_on_hold":0,"sold_today":0,"sales_last_days":0,"reserved_stock":null,"customer_returns":null,"warehouse_damage":null,"lost_in_post":null,"other_logs":null,"out_stock_days":0,"lost_sales":0,"has_location":null,"update_date":"2026-02-09T12:53:57","atum_locations":[],"atum_stock_status":"instock","restock_status":false,"low_stock_amount":"","sales_update_date":"2025-09-05T00:27:14","calc_backorders":null,"_links":{"self":[{"href":"https:\/\/aromasentia.com\/es\/wp-json\/wp\/v2\/product\/231086","targetHints":{"allow":["GET"]}}],"collection":[{"href":"https:\/\/aromasentia.com\/es\/wp-json\/wp\/v2\/product"}],"about":[{"href":"https:\/\/aromasentia.com\/es\/wp-json\/wp\/v2\/types\/product"}],"replies":[{"embeddable":true,"href":"https:\/\/aromasentia.com\/es\/wp-json\/wp\/v2\/comments?post=231086"}],"version-history":[{"count":0,"href":"https:\/\/aromasentia.com\/es\/wp-json\/wp\/v2\/product\/231086\/revisions"}],"wp:featuredmedia":[{"embeddable":true,"href":"https:\/\/aromasentia.com\/es\/wp-json\/wp\/v2\/media\/352563"}],"wp:attachment":[{"href":"https:\/\/aromasentia.com\/es\/wp-json\/wp\/v2\/media?parent=231086"}],"wp:term":[{"taxonomy":"product_brand","embeddable":true,"href":"https:\/\/aromasentia.com\/es\/wp-json\/wp\/v2\/product_brand?post=231086"},{"taxonomy":"product_cat","embeddable":true,"href":"https:\/\/aromasentia.com\/es\/wp-json\/wp\/v2\/product_cat?post=231086"},{"taxonomy":"product_tag","embeddable":true,"href":"https:\/\/aromasentia.com\/es\/wp-json\/wp\/v2\/product_tag?post=231086"}],"curies":[{"name":"wp","href":"https:\/\/api.w.org\/{rel}","templated":true}]}}