{"id":231078,"date":"2025-03-22T13:31:14","date_gmt":"2025-03-22T13:31:14","guid":{"rendered":"https:\/\/aromasentia.com\/product\/tibetan-tingsha-five-buddha-approx-9-5cm\/"},"modified":"2025-12-30T21:35:36","modified_gmt":"2025-12-30T21:35:36","slug":"tingsha-tibetana-cinco-budas-aprox-9-5cm","status":"publish","type":"product","link":"https:\/\/aromasentia.com\/es\/tingsha-tibetana-cinco-budas-aprox-9-5cm\/","title":{"rendered":"Tingsha Tibetana &#8211; Cinco Budas &#8211; aprox 9.5cm"},"content":{"rendered":"<p>Los cinco budas hace referencia a los cinco budas principales: buda del espacio puro, buda del este, buda del sur, buda del oeste y buda del norte.&nbsp;<\/p>\n<p>Estas campanas han sido elaboradas a mano con precisi\u00f3n y cuidado, respetando las t\u00e9cnicas y tradiciones. Cada campana tiene un di\u00e1metro de 9.5 cm y cuenta con una cuerda s\u00f3lida que conecta ambas campanas.&nbsp;<\/p>\n<p>El sonido que emiten cuando las campanas chocan es puro, resonante y lo m\u00e1s seguro es que deje impresionado a sus clientes. Es com\u00fan utilizarlo en pr\u00e1cticas como meditaci\u00f3n, para dar inicio o fin a una sesi\u00f3n.&nbsp;<\/p>\n","protected":false},"excerpt":{"rendered":"<p>Los cinco budas hace referencia a los cinco budas principales: buda del espacio puro, buda del este, buda del sur, buda del oeste y buda del norte.&nbsp; Estas campanas han sido elaboradas a mano con precisi\u00f3n y cuidado, respetando las t\u00e9cnicas y tradiciones. Cada campana tiene un di\u00e1metro de 9.5 cm y cuenta con una [&hellip;]<\/p>\n","protected":false},"featured_media":352497,"comment_status":"closed","ping_status":"open","template":"","meta":[],"product_brand":[],"product_cat":[18872,14456,14241,14066],"product_tag":[],"class_list":{"0":"post-231078","1":"product","2":"type-product","3":"status-publish","4":"has-post-thumbnail","6":"product_cat-cuencos-tibetanos-y-campanas","7":"product_cat-decoracion-hogar-y-jardin","8":"product_cat-instrumentos-musicales","9":"product_cat-regalos-vintage-y-souvenir","10":"pa_collection-tibetan-bells-and-tingsha-bells-es","11":"pa_made-in-india","13":"first","14":"instock","15":"purchasable","16":"product-type-simple"},"supplier_id":null,"supplier_sku":"TTB-04","barcode":null,"atum_controlled":true,"out_stock_date":null,"out_stock_threshold":null,"inheritable":false,"inbound_stock":null,"stock_on_hold":0,"sold_today":0,"sales_last_days":0,"reserved_stock":null,"customer_returns":null,"warehouse_damage":null,"lost_in_post":null,"other_logs":null,"out_stock_days":0,"lost_sales":0,"has_location":null,"update_date":"2026-02-06T10:28:39","atum_locations":[],"atum_stock_status":"instock","restock_status":false,"low_stock_amount":"","sales_update_date":"2025-09-05T00:27:13","calc_backorders":null,"_links":{"self":[{"href":"https:\/\/aromasentia.com\/es\/wp-json\/wp\/v2\/product\/231078","targetHints":{"allow":["GET"]}}],"collection":[{"href":"https:\/\/aromasentia.com\/es\/wp-json\/wp\/v2\/product"}],"about":[{"href":"https:\/\/aromasentia.com\/es\/wp-json\/wp\/v2\/types\/product"}],"replies":[{"embeddable":true,"href":"https:\/\/aromasentia.com\/es\/wp-json\/wp\/v2\/comments?post=231078"}],"version-history":[{"count":0,"href":"https:\/\/aromasentia.com\/es\/wp-json\/wp\/v2\/product\/231078\/revisions"}],"wp:featuredmedia":[{"embeddable":true,"href":"https:\/\/aromasentia.com\/es\/wp-json\/wp\/v2\/media\/352497"}],"wp:attachment":[{"href":"https:\/\/aromasentia.com\/es\/wp-json\/wp\/v2\/media?parent=231078"}],"wp:term":[{"taxonomy":"product_brand","embeddable":true,"href":"https:\/\/aromasentia.com\/es\/wp-json\/wp\/v2\/product_brand?post=231078"},{"taxonomy":"product_cat","embeddable":true,"href":"https:\/\/aromasentia.com\/es\/wp-json\/wp\/v2\/product_cat?post=231078"},{"taxonomy":"product_tag","embeddable":true,"href":"https:\/\/aromasentia.com\/es\/wp-json\/wp\/v2\/product_tag?post=231078"}],"curies":[{"name":"wp","href":"https:\/\/api.w.org\/{rel}","templated":true}]}}