{"id":231046,"date":"2025-03-22T13:31:14","date_gmt":"2025-03-22T13:31:14","guid":{"rendered":"https:\/\/aromasentia.com\/product\/hand-beaten-engraved-singing-bowl-gift-set-14cm-green-tara\/"},"modified":"2025-12-30T21:35:27","modified_gmt":"2025-12-30T21:35:27","slug":"set-de-regalo-de-cuenco-tibetano-hecho-y-grabado-a-mano-14-cm-tara-verde","status":"publish","type":"product","link":"https:\/\/aromasentia.com\/es\/set-de-regalo-de-cuenco-tibetano-hecho-y-grabado-a-mano-14-cm-tara-verde\/","title":{"rendered":"Set de regalo de cuenco tibetano hecho y grabado a mano &#8211; 14 cm &#8211; Tara Verde"},"content":{"rendered":"<p><strong><span style=\"color: rgb(147, 101, 184);\">Tara verde&nbsp;<\/span><\/strong>es una figura importante en la cultura del budismo e hinduismo. Es considerada como una diosa dela compasi\u00f3n y sabidur\u00eda.&nbsp;<\/p>\n<p>El set de regalo de<strong><span style=\"color: rgb(147, 101, 184);\">&nbsp;Aroma Sentia Espa\u00f1a<\/span><\/strong> es el regalo perfecto para revender en su tienda. Este set regalo contiene un cuenco tibetano de 14 cm hecho a mano, un mazo, un coj\u00edn y una bolsa.&nbsp;<\/p>\n<p>Dentro del cuenco, podr\u00e1s encontrar grabado a mano la diosa Tara Verde.<\/p>\n<p>Solo venta al por mayor.&nbsp;<\/p>\n","protected":false},"excerpt":{"rendered":"<p>Tara verde&nbsp;es una figura importante en la cultura del budismo e hinduismo. Es considerada como una diosa dela compasi\u00f3n y sabidur\u00eda.&nbsp; El set de regalo de&nbsp;Aroma Sentia Espa\u00f1a es el regalo perfecto para revender en su tienda. Este set regalo contiene un cuenco tibetano de 14 cm hecho a mano, un mazo, un coj\u00edn y [&hellip;]<\/p>\n","protected":false},"featured_media":352313,"comment_status":"closed","ping_status":"open","template":"","meta":{"_angie_page":false},"product_brand":[],"product_cat":[18872,14456],"product_tag":[],"class_list":{"0":"post-231046","1":"product","2":"type-product","3":"status-publish","4":"has-post-thumbnail","6":"product_cat-cuencos-tibetanos-y-campanas","7":"product_cat-decoracion-hogar-y-jardin","8":"pa_collection-tibetan-singing-bowl-sets-es","9":"pa_made-in-nepal","11":"first","12":"instock","13":"purchasable","14":"product-type-simple"},"supplier_id":null,"supplier_sku":"TIbS-20","barcode":null,"atum_controlled":true,"out_stock_date":null,"out_stock_threshold":null,"inheritable":false,"inbound_stock":null,"stock_on_hold":0,"sold_today":0,"sales_last_days":0,"reserved_stock":null,"customer_returns":null,"warehouse_damage":null,"lost_in_post":null,"other_logs":null,"out_stock_days":0,"lost_sales":0,"has_location":null,"update_date":"2026-04-27T07:24:59","atum_locations":[],"atum_stock_status":"instock","restock_status":false,"low_stock_amount":"","sales_update_date":"2026-01-30T01:25:53","calc_backorders":null,"_links":{"self":[{"href":"https:\/\/aromasentia.com\/es\/wp-json\/wp\/v2\/product\/231046","targetHints":{"allow":["GET"]}}],"collection":[{"href":"https:\/\/aromasentia.com\/es\/wp-json\/wp\/v2\/product"}],"about":[{"href":"https:\/\/aromasentia.com\/es\/wp-json\/wp\/v2\/types\/product"}],"replies":[{"embeddable":true,"href":"https:\/\/aromasentia.com\/es\/wp-json\/wp\/v2\/comments?post=231046"}],"version-history":[{"count":0,"href":"https:\/\/aromasentia.com\/es\/wp-json\/wp\/v2\/product\/231046\/revisions"}],"wp:featuredmedia":[{"embeddable":true,"href":"https:\/\/aromasentia.com\/es\/wp-json\/wp\/v2\/media\/352313"}],"wp:attachment":[{"href":"https:\/\/aromasentia.com\/es\/wp-json\/wp\/v2\/media?parent=231046"}],"wp:term":[{"taxonomy":"product_brand","embeddable":true,"href":"https:\/\/aromasentia.com\/es\/wp-json\/wp\/v2\/product_brand?post=231046"},{"taxonomy":"product_cat","embeddable":true,"href":"https:\/\/aromasentia.com\/es\/wp-json\/wp\/v2\/product_cat?post=231046"},{"taxonomy":"product_tag","embeddable":true,"href":"https:\/\/aromasentia.com\/es\/wp-json\/wp\/v2\/product_tag?post=231046"}],"curies":[{"name":"wp","href":"https:\/\/api.w.org\/{rel}","templated":true}]}}