{"id":230782,"date":"2025-03-22T14:18:27","date_gmt":"2025-03-22T14:18:27","guid":{"rendered":"https:\/\/aromasentia.com\/product\/pipette-dropper-cap-for-30ml-bottle\/"},"modified":"2025-12-30T21:34:40","modified_gmt":"2025-12-30T21:34:40","slug":"pipette-dropper-cap-for-30ml-bottle","status":"publish","type":"product","link":"https:\/\/aromasentia.com\/es\/pipette-dropper-cap-for-30ml-bottle\/","title":{"rendered":"Pipette dropper cap for 30ml bottle"},"content":{"rendered":"<p><strong>Ancient Wisdom<\/strong><\/strong> <span style=\"color: rgb(243, 121, 52);\">Tamper Evident<\/span> pipeta gotero<\/strong><strong>r.<\/strong> Compatible con nuestra botella de vidrio \u00e1mbar de 30ml ( <a href=\"https:\/\/aromasentia.com\/gbot-34\">GBot-34<\/a>)&ndash; Una gran manera de dispensar sus l\u00edquidos tanto de forma limpia como precisa.<\/p>\n<p> <strong>Pipeta <\/strong><\/p>\n<ul> <\/strong>Compatible con nuestra botella de vidrio \u00e1mbar de 30ml.<\/p>\n","protected":false},"excerpt":{"rendered":"<p>Ancient Wisdom Tamper Evident pipeta goteror. Compatible con nuestra botella de vidrio \u00e1mbar de 30ml ( GBot-34)&ndash; Una gran manera de dispensar sus l\u00edquidos tanto de forma limpia como precisa. Pipeta Compatible con nuestra botella de vidrio \u00e1mbar de 30ml.<\/p>\n","protected":false},"featured_media":354792,"comment_status":"closed","ping_status":"open","template":"","meta":{"_angie_page":false},"product_brand":[],"product_cat":[16460,16546,14147,18578],"product_tag":[],"class_list":{"0":"post-230782","1":"product","2":"type-product","3":"status-publish","4":"has-post-thumbnail","6":"product_cat-aromaterapia-y-fragancias-para-hogar","7":"product_cat-botellas-y-accesorios","8":"product_cat-cajas-de-regalo-y-embalajes","9":"product_cat-marca-blanca","10":"pa_collection-glass-bottles-accessories-es","11":"pa_made-in-china","12":"pa_size-30ml","14":"first","15":"instock","16":"purchasable","17":"product-type-simple"},"supplier_id":null,"supplier_sku":"GBotD-04","barcode":null,"atum_controlled":true,"out_stock_date":null,"out_stock_threshold":null,"inheritable":false,"inbound_stock":null,"stock_on_hold":0,"sold_today":0,"sales_last_days":0,"reserved_stock":null,"customer_returns":null,"warehouse_damage":null,"lost_in_post":null,"other_logs":null,"out_stock_days":0,"lost_sales":0,"has_location":null,"update_date":"2026-04-27T07:05:00","atum_locations":[],"atum_stock_status":"instock","restock_status":false,"low_stock_amount":"","sales_update_date":"2025-09-05T00:27:22","calc_backorders":null,"_links":{"self":[{"href":"https:\/\/aromasentia.com\/es\/wp-json\/wp\/v2\/product\/230782","targetHints":{"allow":["GET"]}}],"collection":[{"href":"https:\/\/aromasentia.com\/es\/wp-json\/wp\/v2\/product"}],"about":[{"href":"https:\/\/aromasentia.com\/es\/wp-json\/wp\/v2\/types\/product"}],"replies":[{"embeddable":true,"href":"https:\/\/aromasentia.com\/es\/wp-json\/wp\/v2\/comments?post=230782"}],"version-history":[{"count":0,"href":"https:\/\/aromasentia.com\/es\/wp-json\/wp\/v2\/product\/230782\/revisions"}],"wp:featuredmedia":[{"embeddable":true,"href":"https:\/\/aromasentia.com\/es\/wp-json\/wp\/v2\/media\/354792"}],"wp:attachment":[{"href":"https:\/\/aromasentia.com\/es\/wp-json\/wp\/v2\/media?parent=230782"}],"wp:term":[{"taxonomy":"product_brand","embeddable":true,"href":"https:\/\/aromasentia.com\/es\/wp-json\/wp\/v2\/product_brand?post=230782"},{"taxonomy":"product_cat","embeddable":true,"href":"https:\/\/aromasentia.com\/es\/wp-json\/wp\/v2\/product_cat?post=230782"},{"taxonomy":"product_tag","embeddable":true,"href":"https:\/\/aromasentia.com\/es\/wp-json\/wp\/v2\/product_tag?post=230782"}],"curies":[{"name":"wp","href":"https:\/\/api.w.org\/{rel}","templated":true}]}}