{"id":230770,"date":"2025-03-22T14:18:27","date_gmt":"2025-03-22T14:18:27","guid":{"rendered":"https:\/\/aromasentia.com\/product\/250ml-amber-bottle-with-pump\/"},"modified":"2025-06-28T22:22:57","modified_gmt":"2025-06-28T22:22:57","slug":"250ml-amber-bottle-with-pump","status":"publish","type":"product","link":"https:\/\/aromasentia.com\/es\/250ml-amber-bottle-with-pump\/","title":{"rendered":"250ml Amber Bottle with Pump"},"content":{"rendered":"<p>Dispense grandes cantidades sin esfuerzo con esta botella \u00e1mbar de 250 ml con bomba. Esta importante botella de vidrio \u00e1mbar ofrece una excelente protecci\u00f3n contra los rayos UV para l\u00edquidos sensibles a la luz, mientras que el tap\u00f3n con bomba incluido permite dispensar de forma f\u00e1cil e higi\u00e9nica lociones, jabones l\u00edquidos, champ\u00fas, acondicionadores o aceites de masaje. Perfecto para ba\u00f1os, cocinas o salas de terapia, combina una dispensaci\u00f3n pr\u00e1ctica y controlada con un almacenamiento protector para sus productos caseros o comerciales a granel, lo que garantiza su longevidad.<\/p>\n","protected":false},"excerpt":{"rendered":"<p>Dispense grandes cantidades sin esfuerzo con esta botella \u00e1mbar de 250 ml con bomba. Esta importante botella de vidrio \u00e1mbar ofrece una excelente protecci\u00f3n contra los rayos UV para l\u00edquidos sensibles a la luz, mientras que el tap\u00f3n con bomba incluido permite dispensar de forma f\u00e1cil e higi\u00e9nica lociones, jabones l\u00edquidos, champ\u00fas, acondicionadores o aceites [&hellip;]<\/p>\n","protected":false},"featured_media":354733,"comment_status":"closed","ping_status":"open","template":"","meta":{"_angie_page":false},"product_brand":[],"product_cat":[16460,16546,14147,18578],"product_tag":[],"class_list":{"0":"post-230770","1":"product","2":"type-product","3":"status-publish","4":"has-post-thumbnail","6":"product_cat-aromaterapia-y-fragancias-para-hogar","7":"product_cat-botellas-y-accesorios","8":"product_cat-cajas-de-regalo-y-embalajes","9":"product_cat-marca-blanca","10":"pa_collection-glass-bottles-accessories-es","11":"pa_made-in-china","12":"pa_size-250ml","14":"first","15":"instock","16":"purchasable","17":"product-type-simple"},"supplier_id":null,"supplier_sku":"GBot-31","barcode":null,"atum_controlled":true,"out_stock_date":null,"out_stock_threshold":null,"inheritable":false,"inbound_stock":null,"stock_on_hold":0,"sold_today":0,"sales_last_days":0,"reserved_stock":null,"customer_returns":null,"warehouse_damage":null,"lost_in_post":null,"other_logs":null,"out_stock_days":0,"lost_sales":0,"has_location":null,"update_date":"2026-04-27T07:05:00","atum_locations":[],"atum_stock_status":"instock","restock_status":false,"low_stock_amount":"","sales_update_date":"2026-01-20T05:14:20","calc_backorders":null,"_links":{"self":[{"href":"https:\/\/aromasentia.com\/es\/wp-json\/wp\/v2\/product\/230770","targetHints":{"allow":["GET"]}}],"collection":[{"href":"https:\/\/aromasentia.com\/es\/wp-json\/wp\/v2\/product"}],"about":[{"href":"https:\/\/aromasentia.com\/es\/wp-json\/wp\/v2\/types\/product"}],"replies":[{"embeddable":true,"href":"https:\/\/aromasentia.com\/es\/wp-json\/wp\/v2\/comments?post=230770"}],"version-history":[{"count":0,"href":"https:\/\/aromasentia.com\/es\/wp-json\/wp\/v2\/product\/230770\/revisions"}],"wp:featuredmedia":[{"embeddable":true,"href":"https:\/\/aromasentia.com\/es\/wp-json\/wp\/v2\/media\/354733"}],"wp:attachment":[{"href":"https:\/\/aromasentia.com\/es\/wp-json\/wp\/v2\/media?parent=230770"}],"wp:term":[{"taxonomy":"product_brand","embeddable":true,"href":"https:\/\/aromasentia.com\/es\/wp-json\/wp\/v2\/product_brand?post=230770"},{"taxonomy":"product_cat","embeddable":true,"href":"https:\/\/aromasentia.com\/es\/wp-json\/wp\/v2\/product_cat?post=230770"},{"taxonomy":"product_tag","embeddable":true,"href":"https:\/\/aromasentia.com\/es\/wp-json\/wp\/v2\/product_tag?post=230770"}],"curies":[{"name":"wp","href":"https:\/\/api.w.org\/{rel}","templated":true}]}}