{"id":230766,"date":"2025-03-22T14:18:27","date_gmt":"2025-03-22T14:18:27","guid":{"rendered":"https:\/\/aromasentia.com\/product\/amber-roller-bottle\/"},"modified":"2025-12-30T21:34:40","modified_gmt":"2025-12-30T21:34:40","slug":"botellas-y-tapon-roll-on-10-ml-ambar","status":"publish","type":"product","link":"https:\/\/aromasentia.com\/es\/botellas-y-tapon-roll-on-10-ml-ambar\/","title":{"rendered":"Botellas y Tap\u00f3n Roll-On 10 ml- \u00c1mbar"},"content":{"rendered":"<div class=\"description\" style=\"text-align: justify;\"><strong>Botellas Roller de \u00c1mbar de 10 ml al por mayor<\/strong> son perfectas para aplicar aceites esenciales diluidos directamente sobre la piel. La bola de rodillo est\u00e1 dise\u00f1ada para dispersar las mezclas suavemente sobre la piel.<\/div>\n<div class=\"description\" style=\"text-align: justify;\"><\/div>\n<div class=\"description\" style=\"text-align: justify;\">El pr\u00e1ctico tama\u00f1o (83 mm de altura, 18 mm de di\u00e1metro) del frasco hace que sea f\u00e1cil de llevar a cualquier parte. El peso de 1 botella es de 32 g<\/div>\n<div class=\"description\" style=\"text-align: justify;\"><\/div>\n<div class=\"description\" style=\"text-align: justify;\"><strong>Se vende en un paquete de 150 unidades (botellas con rodillos y tapones).<\/strong><\/div>\n","protected":false},"excerpt":{"rendered":"<p>Botellas Roller de \u00c1mbar de 10 ml al por mayor son perfectas para aplicar aceites esenciales diluidos directamente sobre la piel. La bola de rodillo est\u00e1 dise\u00f1ada para dispersar las mezclas suavemente sobre la piel. El pr\u00e1ctico tama\u00f1o (83 mm de altura, 18 mm de di\u00e1metro) del frasco hace que sea f\u00e1cil de llevar a [&hellip;]<\/p>\n","protected":false},"featured_media":354724,"comment_status":"closed","ping_status":"open","template":"","meta":{"_angie_page":false},"product_brand":[],"product_cat":[16460,16546,14147,18578],"product_tag":[],"class_list":{"0":"post-230766","1":"product","2":"type-product","3":"status-publish","4":"has-post-thumbnail","6":"product_cat-aromaterapia-y-fragancias-para-hogar","7":"product_cat-botellas-y-accesorios","8":"product_cat-cajas-de-regalo-y-embalajes","9":"product_cat-marca-blanca","10":"pa_collection-glass-bottles-accessories-es","11":"pa_made-in-china","13":"first","14":"instock","15":"purchasable","16":"product-type-simple"},"supplier_id":null,"supplier_sku":"Gbot-21","barcode":null,"atum_controlled":true,"out_stock_date":null,"out_stock_threshold":null,"inheritable":false,"inbound_stock":null,"stock_on_hold":0,"sold_today":0,"sales_last_days":0,"reserved_stock":null,"customer_returns":null,"warehouse_damage":null,"lost_in_post":null,"other_logs":null,"out_stock_days":0,"lost_sales":0,"has_location":null,"update_date":"2026-04-27T07:05:00","atum_locations":[],"atum_stock_status":"instock","restock_status":false,"low_stock_amount":"","sales_update_date":"2026-02-06T00:01:12","calc_backorders":null,"_links":{"self":[{"href":"https:\/\/aromasentia.com\/es\/wp-json\/wp\/v2\/product\/230766","targetHints":{"allow":["GET"]}}],"collection":[{"href":"https:\/\/aromasentia.com\/es\/wp-json\/wp\/v2\/product"}],"about":[{"href":"https:\/\/aromasentia.com\/es\/wp-json\/wp\/v2\/types\/product"}],"replies":[{"embeddable":true,"href":"https:\/\/aromasentia.com\/es\/wp-json\/wp\/v2\/comments?post=230766"}],"version-history":[{"count":0,"href":"https:\/\/aromasentia.com\/es\/wp-json\/wp\/v2\/product\/230766\/revisions"}],"wp:featuredmedia":[{"embeddable":true,"href":"https:\/\/aromasentia.com\/es\/wp-json\/wp\/v2\/media\/354724"}],"wp:attachment":[{"href":"https:\/\/aromasentia.com\/es\/wp-json\/wp\/v2\/media?parent=230766"}],"wp:term":[{"taxonomy":"product_brand","embeddable":true,"href":"https:\/\/aromasentia.com\/es\/wp-json\/wp\/v2\/product_brand?post=230766"},{"taxonomy":"product_cat","embeddable":true,"href":"https:\/\/aromasentia.com\/es\/wp-json\/wp\/v2\/product_cat?post=230766"},{"taxonomy":"product_tag","embeddable":true,"href":"https:\/\/aromasentia.com\/es\/wp-json\/wp\/v2\/product_tag?post=230766"}],"curies":[{"name":"wp","href":"https:\/\/api.w.org\/{rel}","templated":true}]}}