{"id":230762,"date":"2025-03-22T14:18:27","date_gmt":"2025-03-22T14:18:27","guid":{"rendered":"https:\/\/aromasentia.com\/product\/lotion-pump-for-100ml-bottle\/"},"modified":"2025-12-30T21:34:40","modified_gmt":"2025-12-30T21:34:40","slug":"lotion-pump-for-100ml-bottle","status":"publish","type":"product","link":"https:\/\/aromasentia.com\/es\/lotion-pump-for-100ml-bottle\/","title":{"rendered":"Lotion Pump for 100ml Bottle"},"content":{"rendered":"<p>Actualice sus botellas de 100 ml con esta pr\u00e1ctica bomba para lociones. Esta bomba est\u00e1 dise\u00f1ada para botellas est\u00e1ndar de 100 ml (verifique el tama\u00f1o del cuello), lo que permite una dosificaci\u00f3n f\u00e1cil y sin complicaciones de lociones, cremas, jabones l\u00edquidos o grandes cantidades de aceites de masaje. Proporciona una forma higi\u00e9nica de acceder a sus productos, suministrando una cantidad uniforme con cada bombeo y minimizando los residuos. Perfecto tanto para creaciones caseras como para productos comerciales, a\u00f1ade funcionalidad y facilidad de uso a sus botellas m\u00e1s grandes.<\/p>\n","protected":false},"excerpt":{"rendered":"<p>Actualice sus botellas de 100 ml con esta pr\u00e1ctica bomba para lociones. Esta bomba est\u00e1 dise\u00f1ada para botellas est\u00e1ndar de 100 ml (verifique el tama\u00f1o del cuello), lo que permite una dosificaci\u00f3n f\u00e1cil y sin complicaciones de lociones, cremas, jabones l\u00edquidos o grandes cantidades de aceites de masaje. Proporciona una forma higi\u00e9nica de acceder a [&hellip;]<\/p>\n","protected":false},"featured_media":354699,"comment_status":"closed","ping_status":"open","template":"","meta":{"_angie_page":false},"product_brand":[],"product_cat":[16460,16546,14147,18578],"product_tag":[],"class_list":{"0":"post-230762","1":"product","2":"type-product","3":"status-publish","4":"has-post-thumbnail","6":"product_cat-aromaterapia-y-fragancias-para-hogar","7":"product_cat-botellas-y-accesorios","8":"product_cat-cajas-de-regalo-y-embalajes","9":"product_cat-marca-blanca","10":"pa_collection-glass-bottles-accessories-es","11":"pa_made-in-china","12":"pa_size-100ml","14":"first","15":"instock","16":"purchasable","17":"product-type-simple"},"supplier_id":null,"supplier_sku":"Gbot-30","barcode":null,"atum_controlled":true,"out_stock_date":null,"out_stock_threshold":null,"inheritable":false,"inbound_stock":null,"stock_on_hold":0,"sold_today":0,"sales_last_days":0,"reserved_stock":null,"customer_returns":null,"warehouse_damage":null,"lost_in_post":null,"other_logs":null,"out_stock_days":0,"lost_sales":0,"has_location":null,"update_date":"2026-05-04T00:03:55","atum_locations":[],"atum_stock_status":"instock","restock_status":false,"low_stock_amount":"","sales_update_date":"2026-01-30T01:24:55","calc_backorders":null,"_links":{"self":[{"href":"https:\/\/aromasentia.com\/es\/wp-json\/wp\/v2\/product\/230762","targetHints":{"allow":["GET"]}}],"collection":[{"href":"https:\/\/aromasentia.com\/es\/wp-json\/wp\/v2\/product"}],"about":[{"href":"https:\/\/aromasentia.com\/es\/wp-json\/wp\/v2\/types\/product"}],"replies":[{"embeddable":true,"href":"https:\/\/aromasentia.com\/es\/wp-json\/wp\/v2\/comments?post=230762"}],"version-history":[{"count":0,"href":"https:\/\/aromasentia.com\/es\/wp-json\/wp\/v2\/product\/230762\/revisions"}],"wp:featuredmedia":[{"embeddable":true,"href":"https:\/\/aromasentia.com\/es\/wp-json\/wp\/v2\/media\/354699"}],"wp:attachment":[{"href":"https:\/\/aromasentia.com\/es\/wp-json\/wp\/v2\/media?parent=230762"}],"wp:term":[{"taxonomy":"product_brand","embeddable":true,"href":"https:\/\/aromasentia.com\/es\/wp-json\/wp\/v2\/product_brand?post=230762"},{"taxonomy":"product_cat","embeddable":true,"href":"https:\/\/aromasentia.com\/es\/wp-json\/wp\/v2\/product_cat?post=230762"},{"taxonomy":"product_tag","embeddable":true,"href":"https:\/\/aromasentia.com\/es\/wp-json\/wp\/v2\/product_tag?post=230762"}],"curies":[{"name":"wp","href":"https:\/\/api.w.org\/{rel}","templated":true}]}}