{"id":230750,"date":"2025-03-22T14:18:27","date_gmt":"2025-03-22T14:18:27","guid":{"rendered":"https:\/\/aromasentia.com\/product\/tamper-evident-and-child-resistant-closure\/"},"modified":"2025-12-30T21:34:32","modified_gmt":"2025-12-30T21:34:32","slug":"tapon-cierre-a-prueba-de-ninos","status":"publish","type":"product","link":"https:\/\/aromasentia.com\/es\/tapon-cierre-a-prueba-de-ninos\/","title":{"rendered":"Tap\u00f3n Cierre a Prueba de Ni\u00f1os"},"content":{"rendered":"<p>Sellador a prueba de ni\u00f1os con dispensador de gotas para botellas de 10ml, 50ml y 100ml. Aqu\u00ed en <strong>Ancient Wisdom<\/strong> tenemos una amplia gama de botellas y accesorios disponibles a precios de mayorista. Ideal para una amplia gama de necesidades de embotellado incluyendo <strong>Aceites Esenciales<\/strong> y <strong>Aceites de Fragancia<\/strong> permiti\u00e9ndole embotellar sus propios o quiz\u00e1s incluso hacer su propia mezcla de <strong>Aceites de Masaje.<\/strong><\/p>\n","protected":false},"excerpt":{"rendered":"<p>Sellador a prueba de ni\u00f1os con dispensador de gotas para botellas de 10ml, 50ml y 100ml. Aqu\u00ed en Ancient Wisdom tenemos una amplia gama de botellas y accesorios disponibles a precios de mayorista. Ideal para una amplia gama de necesidades de embotellado incluyendo Aceites Esenciales y Aceites de Fragancia permiti\u00e9ndole embotellar sus propios o quiz\u00e1s [&hellip;]<\/p>\n","protected":false},"featured_media":354648,"comment_status":"closed","ping_status":"open","template":"","meta":{"_angie_page":false},"product_brand":[],"product_cat":[16460,16546,14147,18578],"product_tag":[],"class_list":{"0":"post-230750","1":"product","2":"type-product","3":"status-publish","4":"has-post-thumbnail","6":"product_cat-aromaterapia-y-fragancias-para-hogar","7":"product_cat-botellas-y-accesorios","8":"product_cat-cajas-de-regalo-y-embalajes","9":"product_cat-marca-blanca","10":"pa_collection-glass-bottles-accessories-es","11":"pa_made-in-reino-unido","13":"first","14":"instock","15":"purchasable","16":"product-type-simple"},"supplier_id":null,"supplier_sku":"GBot-24","barcode":null,"atum_controlled":true,"out_stock_date":null,"out_stock_threshold":null,"inheritable":false,"inbound_stock":null,"stock_on_hold":0,"sold_today":0,"sales_last_days":0,"reserved_stock":null,"customer_returns":null,"warehouse_damage":null,"lost_in_post":null,"other_logs":null,"out_stock_days":0,"lost_sales":0,"has_location":null,"update_date":"2026-05-04T00:03:55","atum_locations":[],"atum_stock_status":"instock","restock_status":false,"low_stock_amount":"","sales_update_date":"2025-09-05T00:27:20","calc_backorders":null,"_links":{"self":[{"href":"https:\/\/aromasentia.com\/es\/wp-json\/wp\/v2\/product\/230750","targetHints":{"allow":["GET"]}}],"collection":[{"href":"https:\/\/aromasentia.com\/es\/wp-json\/wp\/v2\/product"}],"about":[{"href":"https:\/\/aromasentia.com\/es\/wp-json\/wp\/v2\/types\/product"}],"replies":[{"embeddable":true,"href":"https:\/\/aromasentia.com\/es\/wp-json\/wp\/v2\/comments?post=230750"}],"version-history":[{"count":0,"href":"https:\/\/aromasentia.com\/es\/wp-json\/wp\/v2\/product\/230750\/revisions"}],"wp:featuredmedia":[{"embeddable":true,"href":"https:\/\/aromasentia.com\/es\/wp-json\/wp\/v2\/media\/354648"}],"wp:attachment":[{"href":"https:\/\/aromasentia.com\/es\/wp-json\/wp\/v2\/media?parent=230750"}],"wp:term":[{"taxonomy":"product_brand","embeddable":true,"href":"https:\/\/aromasentia.com\/es\/wp-json\/wp\/v2\/product_brand?post=230750"},{"taxonomy":"product_cat","embeddable":true,"href":"https:\/\/aromasentia.com\/es\/wp-json\/wp\/v2\/product_cat?post=230750"},{"taxonomy":"product_tag","embeddable":true,"href":"https:\/\/aromasentia.com\/es\/wp-json\/wp\/v2\/product_tag?post=230750"}],"curies":[{"name":"wp","href":"https:\/\/api.w.org\/{rel}","templated":true}]}}