{"id":230734,"date":"2025-03-22T14:18:27","date_gmt":"2025-03-22T14:18:27","guid":{"rendered":"https:\/\/aromasentia.com\/product\/50ml-amber-bottles\/"},"modified":"2025-12-30T21:34:32","modified_gmt":"2025-12-30T21:34:32","slug":"50ml-amber-bottles","status":"publish","type":"product","link":"https:\/\/aromasentia.com\/es\/50ml-amber-bottles\/","title":{"rendered":"50ml Amber Bottles"},"content":{"rendered":"<p>Ideales para una amplia gama de necesidades de embotellado, incluyendo Aceites Esenciales y Aceites de Fragancia, permiti\u00e9ndole embotellar los suyos propios o quiz\u00e1s incluso hacer su propia mezcla de Aceites de Masaje.<\/p>\n<p>Por favor, no olvide pedir tambi\u00e9n la tapa de su elecci\u00f3n. Cada pedido de botellas en esta p\u00e1gina NO vendr\u00e1 con una tapa.<\/p>\n<p><strong>C\u00f3digo de Tapas Adecuadas: Gbot-24 Gbot-09 Gbot-05<\/strong><\/p>\n","protected":false},"excerpt":{"rendered":"<p>Ideales para una amplia gama de necesidades de embotellado, incluyendo Aceites Esenciales y Aceites de Fragancia, permiti\u00e9ndole embotellar los suyos propios o quiz\u00e1s incluso hacer su propia mezcla de Aceites de Masaje. Por favor, no olvide pedir tambi\u00e9n la tapa de su elecci\u00f3n. Cada pedido de botellas en esta p\u00e1gina NO vendr\u00e1 con una tapa. [&hellip;]<\/p>\n","protected":false},"featured_media":354596,"comment_status":"closed","ping_status":"open","template":"","meta":{"_angie_page":false},"product_brand":[],"product_cat":[16460,16546,14147,18578],"product_tag":[],"class_list":{"0":"post-230734","1":"product","2":"type-product","3":"status-publish","4":"has-post-thumbnail","6":"product_cat-aromaterapia-y-fragancias-para-hogar","7":"product_cat-botellas-y-accesorios","8":"product_cat-cajas-de-regalo-y-embalajes","9":"product_cat-marca-blanca","10":"pa_collection-glass-bottles-accessories-es","11":"pa_made-in-china","12":"pa_size-50ml","14":"first","15":"instock","16":"purchasable","17":"product-type-simple"},"supplier_id":null,"supplier_sku":"GBot-22","barcode":null,"atum_controlled":true,"out_stock_date":null,"out_stock_threshold":null,"inheritable":false,"inbound_stock":null,"stock_on_hold":0,"sold_today":0,"sales_last_days":0,"reserved_stock":null,"customer_returns":null,"warehouse_damage":null,"lost_in_post":null,"other_logs":null,"out_stock_days":0,"lost_sales":0,"has_location":null,"update_date":"2026-04-27T07:05:00","atum_locations":[],"atum_stock_status":"instock","restock_status":false,"low_stock_amount":"","sales_update_date":"2025-09-05T00:27:19","calc_backorders":null,"_links":{"self":[{"href":"https:\/\/aromasentia.com\/es\/wp-json\/wp\/v2\/product\/230734","targetHints":{"allow":["GET"]}}],"collection":[{"href":"https:\/\/aromasentia.com\/es\/wp-json\/wp\/v2\/product"}],"about":[{"href":"https:\/\/aromasentia.com\/es\/wp-json\/wp\/v2\/types\/product"}],"replies":[{"embeddable":true,"href":"https:\/\/aromasentia.com\/es\/wp-json\/wp\/v2\/comments?post=230734"}],"version-history":[{"count":0,"href":"https:\/\/aromasentia.com\/es\/wp-json\/wp\/v2\/product\/230734\/revisions"}],"wp:featuredmedia":[{"embeddable":true,"href":"https:\/\/aromasentia.com\/es\/wp-json\/wp\/v2\/media\/354596"}],"wp:attachment":[{"href":"https:\/\/aromasentia.com\/es\/wp-json\/wp\/v2\/media?parent=230734"}],"wp:term":[{"taxonomy":"product_brand","embeddable":true,"href":"https:\/\/aromasentia.com\/es\/wp-json\/wp\/v2\/product_brand?post=230734"},{"taxonomy":"product_cat","embeddable":true,"href":"https:\/\/aromasentia.com\/es\/wp-json\/wp\/v2\/product_cat?post=230734"},{"taxonomy":"product_tag","embeddable":true,"href":"https:\/\/aromasentia.com\/es\/wp-json\/wp\/v2\/product_tag?post=230734"}],"curies":[{"name":"wp","href":"https:\/\/api.w.org\/{rel}","templated":true}]}}