{"id":230614,"date":"2025-03-22T14:18:33","date_gmt":"2025-03-22T14:18:33","guid":{"rendered":"https:\/\/aromasentia.com\/product\/10x-kraft-window-bag-16-x24-cm\/"},"modified":"2025-12-30T21:34:08","modified_gmt":"2025-12-30T21:34:08","slug":"pack-de-50-bolsas-de-papel-con-ventana-16-x24-cm","status":"publish","type":"product","link":"https:\/\/aromasentia.com\/es\/pack-de-50-bolsas-de-papel-con-ventana-16-x24-cm\/","title":{"rendered":"Pack de 50 Bolsas de Papel con Ventana 16 x24 cm"},"content":{"rendered":"<p><strong>\u00a1Descubre las bolsas de papel con ventana de Aroma Sentia Espa\u00f1a!<\/strong><strong><br data-start=\"308\" data-end=\"311\"><\/strong>Nuestras bolsas de papel con ventana al por mayor son ideales para el almacenamiento de alimentos, sales de ba\u00f1o o productos artesanales.<\/p>\n<p><strong>Este producto se vende en packs de 50 unidades y tiene una medida de 26&#215;24 cm<\/strong><\/p>\n<p>Explora en nuestra p\u00e1gina los diferentes modelos que tenemos y escoja el que mejor se adapte a tu tienda. Estas bolsas son ideales por ejemplo para tiendas de t\u00e9 o caf\u00e9, de esta forma podr\u00e1s mostrar la frescura de tus productos mientras los conservas de forma correcta.&nbsp;<\/p>\n<p>\u00a1Compra ahora las bolsas de papel con ventana al por mayor y ofrece a tus clientes productos de calidad!<\/p>\n","protected":false},"excerpt":{"rendered":"<p>\u00a1Descubre las bolsas de papel con ventana de Aroma Sentia Espa\u00f1a!Nuestras bolsas de papel con ventana al por mayor son ideales para el almacenamiento de alimentos, sales de ba\u00f1o o productos artesanales. Este producto se vende en packs de 50 unidades y tiene una medida de 26&#215;24 cm Explora en nuestra p\u00e1gina los diferentes modelos [&hellip;]<\/p>\n","protected":false},"featured_media":355161,"comment_status":"closed","ping_status":"open","template":"","meta":{"_angie_page":false},"product_brand":[],"product_cat":[18522,14147],"product_tag":[],"class_list":{"0":"post-230614","1":"product","2":"type-product","3":"status-publish","4":"has-post-thumbnail","6":"product_cat-bolsas-de-papel-kraft-yute-y-algodon","7":"product_cat-cajas-de-regalo-y-embalajes","8":"pa_collection-kraft-window-bags-es","9":"pa_made-in-china","11":"first","12":"instock","13":"purchasable","14":"product-type-simple"},"supplier_id":null,"supplier_sku":"KWB-03","barcode":null,"atum_controlled":true,"out_stock_date":null,"out_stock_threshold":null,"inheritable":false,"inbound_stock":null,"stock_on_hold":0,"sold_today":0,"sales_last_days":0,"reserved_stock":null,"customer_returns":null,"warehouse_damage":null,"lost_in_post":null,"other_logs":null,"out_stock_days":0,"lost_sales":0,"has_location":null,"update_date":"2026-04-27T07:10:28","atum_locations":[],"atum_stock_status":"instock","restock_status":false,"low_stock_amount":"","sales_update_date":"2025-09-05T00:27:27","calc_backorders":null,"_links":{"self":[{"href":"https:\/\/aromasentia.com\/es\/wp-json\/wp\/v2\/product\/230614","targetHints":{"allow":["GET"]}}],"collection":[{"href":"https:\/\/aromasentia.com\/es\/wp-json\/wp\/v2\/product"}],"about":[{"href":"https:\/\/aromasentia.com\/es\/wp-json\/wp\/v2\/types\/product"}],"replies":[{"embeddable":true,"href":"https:\/\/aromasentia.com\/es\/wp-json\/wp\/v2\/comments?post=230614"}],"version-history":[{"count":0,"href":"https:\/\/aromasentia.com\/es\/wp-json\/wp\/v2\/product\/230614\/revisions"}],"wp:featuredmedia":[{"embeddable":true,"href":"https:\/\/aromasentia.com\/es\/wp-json\/wp\/v2\/media\/355161"}],"wp:attachment":[{"href":"https:\/\/aromasentia.com\/es\/wp-json\/wp\/v2\/media?parent=230614"}],"wp:term":[{"taxonomy":"product_brand","embeddable":true,"href":"https:\/\/aromasentia.com\/es\/wp-json\/wp\/v2\/product_brand?post=230614"},{"taxonomy":"product_cat","embeddable":true,"href":"https:\/\/aromasentia.com\/es\/wp-json\/wp\/v2\/product_cat?post=230614"},{"taxonomy":"product_tag","embeddable":true,"href":"https:\/\/aromasentia.com\/es\/wp-json\/wp\/v2\/product_tag?post=230614"}],"curies":[{"name":"wp","href":"https:\/\/api.w.org\/{rel}","templated":true}]}}