{"id":230438,"date":"2025-03-22T14:18:33","date_gmt":"2025-03-22T14:18:33","guid":{"rendered":"https:\/\/aromasentia.com\/product\/10x-squat-kraft-window-bags-10x20cm\/"},"modified":"2025-12-30T21:33:36","modified_gmt":"2025-12-30T21:33:36","slug":"bolsas-kraft-con-ventana-10x20cm","status":"publish","type":"product","link":"https:\/\/aromasentia.com\/es\/bolsas-kraft-con-ventana-10x20cm\/","title":{"rendered":"Bolsas Kraft con Ventana 10x20cm"},"content":{"rendered":"<p><strong>\u00a1Descubre la elegancia de nuestras bolsas de papel con ventana al por mayor!<\/strong><br data-start=\"1301\" data-end=\"1304\">Si tu negocio se dedica a la venta de cosm\u00e9ticos naturales o aceites esenciales, nuestras bolsas de papel con ventana al por mayor ofrece la facilidad de crear packs diferentes en su tienda. De esta forma podr\u00e1 tener el producto expuesto en tienda y el pack preparado listo para la venta.&nbsp;<\/p>\n<p><strong>Estas bolsas se venden en pack de 50 unidades y tiene unas medidas de 10x20cm.<\/strong><\/p>\n<p>Adem\u00e1s, al no tener ning\u00fan dise\u00f1o, ofrece la posibilidad de personalizar las bolsas como usted desee, ya sea colocando un logo y personaliz\u00e1ndolas de forma creativa para su negocio.&nbsp;<\/p>\n<p>La ventana transparente permite que los productos se exhiban con estilo, mientras que el papel resistente garantiza una protecci\u00f3n \u00f3ptima.<\/p>\n<p><strong>\u00a1Haz tu pedido hoy y resalta la calidad de tus productos!<\/strong> <\/p>\n","protected":false},"excerpt":{"rendered":"<p>\u00a1Descubre la elegancia de nuestras bolsas de papel con ventana al por mayor!Si tu negocio se dedica a la venta de cosm\u00e9ticos naturales o aceites esenciales, nuestras bolsas de papel con ventana al por mayor ofrece la facilidad de crear packs diferentes en su tienda. De esta forma podr\u00e1 tener el producto expuesto en tienda [&hellip;]<\/p>\n","protected":false},"featured_media":355359,"comment_status":"closed","ping_status":"open","template":"","meta":{"_angie_page":false},"product_brand":[],"product_cat":[18522,14147],"product_tag":[],"class_list":{"0":"post-230438","1":"product","2":"type-product","3":"status-publish","4":"has-post-thumbnail","6":"product_cat-bolsas-de-papel-kraft-yute-y-algodon","7":"product_cat-cajas-de-regalo-y-embalajes","8":"pa_collection-kraft-window-bags-es","9":"pa_made-in-china","11":"first","12":"instock","13":"purchasable","14":"product-type-simple"},"supplier_id":null,"supplier_sku":"KWB-07","barcode":null,"atum_controlled":true,"out_stock_date":null,"out_stock_threshold":null,"inheritable":false,"inbound_stock":null,"stock_on_hold":0,"sold_today":0,"sales_last_days":0,"reserved_stock":null,"customer_returns":null,"warehouse_damage":null,"lost_in_post":null,"other_logs":null,"out_stock_days":0,"lost_sales":0,"has_location":null,"update_date":"2026-04-27T19:09:48","atum_locations":[],"atum_stock_status":"instock","restock_status":false,"low_stock_amount":"","sales_update_date":"2026-01-30T01:24:38","calc_backorders":null,"_links":{"self":[{"href":"https:\/\/aromasentia.com\/es\/wp-json\/wp\/v2\/product\/230438","targetHints":{"allow":["GET"]}}],"collection":[{"href":"https:\/\/aromasentia.com\/es\/wp-json\/wp\/v2\/product"}],"about":[{"href":"https:\/\/aromasentia.com\/es\/wp-json\/wp\/v2\/types\/product"}],"replies":[{"embeddable":true,"href":"https:\/\/aromasentia.com\/es\/wp-json\/wp\/v2\/comments?post=230438"}],"version-history":[{"count":0,"href":"https:\/\/aromasentia.com\/es\/wp-json\/wp\/v2\/product\/230438\/revisions"}],"wp:featuredmedia":[{"embeddable":true,"href":"https:\/\/aromasentia.com\/es\/wp-json\/wp\/v2\/media\/355359"}],"wp:attachment":[{"href":"https:\/\/aromasentia.com\/es\/wp-json\/wp\/v2\/media?parent=230438"}],"wp:term":[{"taxonomy":"product_brand","embeddable":true,"href":"https:\/\/aromasentia.com\/es\/wp-json\/wp\/v2\/product_brand?post=230438"},{"taxonomy":"product_cat","embeddable":true,"href":"https:\/\/aromasentia.com\/es\/wp-json\/wp\/v2\/product_cat?post=230438"},{"taxonomy":"product_tag","embeddable":true,"href":"https:\/\/aromasentia.com\/es\/wp-json\/wp\/v2\/product_tag?post=230438"}],"curies":[{"name":"wp","href":"https:\/\/api.w.org\/{rel}","templated":true}]}}