{"id":230434,"date":"2025-03-22T14:18:33","date_gmt":"2025-03-22T14:18:33","guid":{"rendered":"https:\/\/aromasentia.com\/product\/10x-kraft-window-bag-12x20-cm\/"},"modified":"2025-12-30T21:33:36","modified_gmt":"2025-12-30T21:33:36","slug":"pack-de-50-bolsas-de-papel-con-ventana-12x20-cm","status":"publish","type":"product","link":"https:\/\/aromasentia.com\/es\/pack-de-50-bolsas-de-papel-con-ventana-12x20-cm\/","title":{"rendered":"Pack de 50 Bolsas de Papel con Ventana 12&#215;20 cm"},"content":{"rendered":"<p><strong>A\u00f1ade las bolas de papel con ventana &nbsp;de Aroma Sentia Espa\u00f1a para tu tienda, un producto muy \u00fatil y pr\u00e1ctico para embalar tus productos.&nbsp;<\/strong><\/p>\n<p>Las medidas del producto es de 12x20cm. Este producto se vende en paquetes de 50 unidades. Adem\u00e1s, estas bolsas de papel cuentan con un cierre que permite que los productos de su interior queden protegidos.&nbsp;<\/p>\n<p>La ventana que trae lo hace muy atractivo a la venta ya que sus clientes podr\u00e1n ver los productos de su interior sin necesidad de abrir el embalaje, esto le permite que el producto est\u00e9 seguro del polvo y la suciedad.&nbsp;&nbsp;Adem\u00e1s, dan la posibilidad de personalizarlas tanto de forma creativa como si quieres colocarle tu logo.<\/p>\n<p><strong>\u00a1No lo piense m\u00e1s y benef\u00edciese de las bolas de pale kraft de Aroma Sentia Espa\u00f1a!<\/strong><\/p>\n","protected":false},"excerpt":{"rendered":"<p>A\u00f1ade las bolas de papel con ventana &nbsp;de Aroma Sentia Espa\u00f1a para tu tienda, un producto muy \u00fatil y pr\u00e1ctico para embalar tus productos.&nbsp; Las medidas del producto es de 12x20cm. Este producto se vende en paquetes de 50 unidades. Adem\u00e1s, estas bolsas de papel cuentan con un cierre que permite que los productos de [&hellip;]<\/p>\n","protected":false},"featured_media":355326,"comment_status":"closed","ping_status":"open","template":"","meta":{"_angie_page":false},"product_brand":[],"product_cat":[18522,14147],"product_tag":[],"class_list":{"0":"post-230434","1":"product","2":"type-product","3":"status-publish","4":"has-post-thumbnail","6":"product_cat-bolsas-de-papel-kraft-yute-y-algodon","7":"product_cat-cajas-de-regalo-y-embalajes","8":"pa_collection-kraft-window-bags-es","9":"pa_made-in-china","11":"first","12":"instock","13":"purchasable","14":"product-type-simple"},"supplier_id":null,"supplier_sku":"KWB-02","barcode":null,"atum_controlled":true,"out_stock_date":null,"out_stock_threshold":null,"inheritable":false,"inbound_stock":null,"stock_on_hold":0,"sold_today":0,"sales_last_days":0,"reserved_stock":null,"customer_returns":null,"warehouse_damage":null,"lost_in_post":null,"other_logs":null,"out_stock_days":0,"lost_sales":0,"has_location":null,"update_date":"2026-04-27T07:10:28","atum_locations":[],"atum_stock_status":"instock","restock_status":false,"low_stock_amount":"","sales_update_date":"2025-09-05T00:27:29","calc_backorders":null,"_links":{"self":[{"href":"https:\/\/aromasentia.com\/es\/wp-json\/wp\/v2\/product\/230434","targetHints":{"allow":["GET"]}}],"collection":[{"href":"https:\/\/aromasentia.com\/es\/wp-json\/wp\/v2\/product"}],"about":[{"href":"https:\/\/aromasentia.com\/es\/wp-json\/wp\/v2\/types\/product"}],"replies":[{"embeddable":true,"href":"https:\/\/aromasentia.com\/es\/wp-json\/wp\/v2\/comments?post=230434"}],"version-history":[{"count":0,"href":"https:\/\/aromasentia.com\/es\/wp-json\/wp\/v2\/product\/230434\/revisions"}],"wp:featuredmedia":[{"embeddable":true,"href":"https:\/\/aromasentia.com\/es\/wp-json\/wp\/v2\/media\/355326"}],"wp:attachment":[{"href":"https:\/\/aromasentia.com\/es\/wp-json\/wp\/v2\/media?parent=230434"}],"wp:term":[{"taxonomy":"product_brand","embeddable":true,"href":"https:\/\/aromasentia.com\/es\/wp-json\/wp\/v2\/product_brand?post=230434"},{"taxonomy":"product_cat","embeddable":true,"href":"https:\/\/aromasentia.com\/es\/wp-json\/wp\/v2\/product_cat?post=230434"},{"taxonomy":"product_tag","embeddable":true,"href":"https:\/\/aromasentia.com\/es\/wp-json\/wp\/v2\/product_tag?post=230434"}],"curies":[{"name":"wp","href":"https:\/\/api.w.org\/{rel}","templated":true}]}}