{"id":230426,"date":"2025-03-22T14:18:33","date_gmt":"2025-03-22T14:18:33","guid":{"rendered":"https:\/\/aromasentia.com\/product\/10x-kraft-window-bag-25-x-35-cm\/"},"modified":"2025-12-30T21:33:36","modified_gmt":"2025-12-30T21:33:36","slug":"pack-de-50-bolsas-de-papel-con-ventana-25-x-35-cm","status":"publish","type":"product","link":"https:\/\/aromasentia.com\/es\/pack-de-50-bolsas-de-papel-con-ventana-25-x-35-cm\/","title":{"rendered":"Pack de 50 Bolsas de Papel con Ventana 25 x 35 cm"},"content":{"rendered":"<p>\u00a1Aumenta la visibilidad de tus productos con nuestras bolsas de papel con ventana al por mayor!<\/p>\n<p>Ya sea que vendas productos artesanales, caf\u00e9 o t\u00e9, las bolsas de papel con ventana de Aroma Sentia Espa\u00f1a &nbsp;la opci\u00f3n perfecta para que tus clientes vean la calidad del contenido.&nbsp;<\/p>\n<p><strong>Este producto se vende en packs de 50 unidades y tiene una medida de 25x35cm.<\/strong><\/p>\n<p>Estas bolsas ofrece una soluci\u00f3n pr\u00e1ctica y elegante de presentar los productos \u00a1Compra ahora y sorprende a tus clientes con una presentaci\u00f3n llamativa y atractiva! <\/p>\n","protected":false},"excerpt":{"rendered":"<p>\u00a1Aumenta la visibilidad de tus productos con nuestras bolsas de papel con ventana al por mayor! Ya sea que vendas productos artesanales, caf\u00e9 o t\u00e9, las bolsas de papel con ventana de Aroma Sentia Espa\u00f1a &nbsp;la opci\u00f3n perfecta para que tus clientes vean la calidad del contenido.&nbsp; Este producto se vende en packs de 50 [&hellip;]<\/p>\n","protected":false},"featured_media":355268,"comment_status":"closed","ping_status":"open","template":"","meta":{"_angie_page":false},"product_brand":[],"product_cat":[18522,14147],"product_tag":[],"class_list":{"0":"post-230426","1":"product","2":"type-product","3":"status-publish","4":"has-post-thumbnail","6":"product_cat-bolsas-de-papel-kraft-yute-y-algodon","7":"product_cat-cajas-de-regalo-y-embalajes","8":"pa_collection-kraft-window-bags-es","9":"pa_made-in-china","11":"first","12":"instock","13":"purchasable","14":"product-type-simple"},"supplier_id":null,"supplier_sku":"KWB-06","barcode":null,"atum_controlled":true,"out_stock_date":null,"out_stock_threshold":null,"inheritable":false,"inbound_stock":null,"stock_on_hold":0,"sold_today":0,"sales_last_days":0,"reserved_stock":null,"customer_returns":null,"warehouse_damage":null,"lost_in_post":null,"other_logs":null,"out_stock_days":0,"lost_sales":0,"has_location":null,"update_date":"2026-04-27T07:10:28","atum_locations":[],"atum_stock_status":"instock","restock_status":false,"low_stock_amount":"","sales_update_date":"2026-01-20T05:14:09","calc_backorders":null,"_links":{"self":[{"href":"https:\/\/aromasentia.com\/es\/wp-json\/wp\/v2\/product\/230426","targetHints":{"allow":["GET"]}}],"collection":[{"href":"https:\/\/aromasentia.com\/es\/wp-json\/wp\/v2\/product"}],"about":[{"href":"https:\/\/aromasentia.com\/es\/wp-json\/wp\/v2\/types\/product"}],"replies":[{"embeddable":true,"href":"https:\/\/aromasentia.com\/es\/wp-json\/wp\/v2\/comments?post=230426"}],"version-history":[{"count":0,"href":"https:\/\/aromasentia.com\/es\/wp-json\/wp\/v2\/product\/230426\/revisions"}],"wp:featuredmedia":[{"embeddable":true,"href":"https:\/\/aromasentia.com\/es\/wp-json\/wp\/v2\/media\/355268"}],"wp:attachment":[{"href":"https:\/\/aromasentia.com\/es\/wp-json\/wp\/v2\/media?parent=230426"}],"wp:term":[{"taxonomy":"product_brand","embeddable":true,"href":"https:\/\/aromasentia.com\/es\/wp-json\/wp\/v2\/product_brand?post=230426"},{"taxonomy":"product_cat","embeddable":true,"href":"https:\/\/aromasentia.com\/es\/wp-json\/wp\/v2\/product_cat?post=230426"},{"taxonomy":"product_tag","embeddable":true,"href":"https:\/\/aromasentia.com\/es\/wp-json\/wp\/v2\/product_tag?post=230426"}],"curies":[{"name":"wp","href":"https:\/\/api.w.org\/{rel}","templated":true}]}}