{"id":230418,"date":"2025-03-22T14:18:33","date_gmt":"2025-03-22T14:18:33","guid":{"rendered":"https:\/\/aromasentia.com\/product\/10x-kraft-window-bag-18x26-cm\/"},"modified":"2025-12-30T21:33:28","modified_gmt":"2025-12-30T21:33:28","slug":"pack-de-50-bolsas-de-papel-con-ventana-18x26-cm","status":"publish","type":"product","link":"https:\/\/aromasentia.com\/es\/pack-de-50-bolsas-de-papel-con-ventana-18x26-cm\/","title":{"rendered":"Pack de 50 Bolsas de Papel con Ventana 18&#215;26 cm"},"content":{"rendered":"<p><strong>\u00bfBuscas un embalaje para poder crear tus packs?<\/strong> Las bolsas de papel con ventana de Aroma Sentia Espa\u00f1a te dar\u00e1n la soluci\u00f3n. En estas bolsas podr\u00e1s introducir art\u00edculos peque\u00f1os, para crear pack de relajaci\u00f3n o de auto cuidado y de esta forma tener una presentaci\u00f3n atractiva para tus clientes.&nbsp;<\/p>\n<p>Las medidas del producto es de 18x26cm. Este producto se vende en paquetes de 50 unidades. Adem\u00e1s, estas bolsas de papel cuentan con un cierre que permite que los productos de su interior queden protegidos.&nbsp;<\/p>\n<p>La ventana que trae lo hace muy atractivo a la venta ya que sus clientes podr\u00e1n ver los productos de su interior sin necesidad de abrir el embalaje, esto le permite que el producto est\u00e9 seguro del polvo y la suciedad.&nbsp;&nbsp;Adem\u00e1s, dan la posibilidad de personalizarlas tanto de forma creativa como si quieres colocarle tu logo.<\/p>\n<p><strong>\u00a1Estas bolsas son la opci\u00f3n perfecta para tus productos m\u00e1s peque\u00f1os! Con nuestras bolsas de papel con ventana 18x26cm, tus art\u00edculos se ver\u00e1n tan bien como se sienten. \u00a1Haz que cada detalle cuente!<\/strong><\/p>\n","protected":false},"excerpt":{"rendered":"<p>\u00bfBuscas un embalaje para poder crear tus packs? Las bolsas de papel con ventana de Aroma Sentia Espa\u00f1a te dar\u00e1n la soluci\u00f3n. En estas bolsas podr\u00e1s introducir art\u00edculos peque\u00f1os, para crear pack de relajaci\u00f3n o de auto cuidado y de esta forma tener una presentaci\u00f3n atractiva para tus clientes.&nbsp; Las medidas del producto es de [&hellip;]<\/p>\n","protected":false},"featured_media":355194,"comment_status":"closed","ping_status":"open","template":"","meta":{"_angie_page":false},"product_brand":[],"product_cat":[18522,14147],"product_tag":[],"class_list":{"0":"post-230418","1":"product","2":"type-product","3":"status-publish","4":"has-post-thumbnail","6":"product_cat-bolsas-de-papel-kraft-yute-y-algodon","7":"product_cat-cajas-de-regalo-y-embalajes","8":"pa_collection-kraft-window-bags-es","9":"pa_made-in-china","11":"first","12":"instock","13":"purchasable","14":"product-type-simple"},"supplier_id":null,"supplier_sku":"KWB-04","barcode":null,"atum_controlled":true,"out_stock_date":null,"out_stock_threshold":null,"inheritable":false,"inbound_stock":null,"stock_on_hold":0,"sold_today":0,"sales_last_days":0,"reserved_stock":null,"customer_returns":null,"warehouse_damage":null,"lost_in_post":null,"other_logs":null,"out_stock_days":0,"lost_sales":0,"has_location":null,"update_date":"2026-04-27T07:10:28","atum_locations":[],"atum_stock_status":"instock","restock_status":false,"low_stock_amount":"","sales_update_date":"2025-09-05T00:27:25","calc_backorders":null,"_links":{"self":[{"href":"https:\/\/aromasentia.com\/es\/wp-json\/wp\/v2\/product\/230418","targetHints":{"allow":["GET"]}}],"collection":[{"href":"https:\/\/aromasentia.com\/es\/wp-json\/wp\/v2\/product"}],"about":[{"href":"https:\/\/aromasentia.com\/es\/wp-json\/wp\/v2\/types\/product"}],"replies":[{"embeddable":true,"href":"https:\/\/aromasentia.com\/es\/wp-json\/wp\/v2\/comments?post=230418"}],"version-history":[{"count":0,"href":"https:\/\/aromasentia.com\/es\/wp-json\/wp\/v2\/product\/230418\/revisions"}],"wp:featuredmedia":[{"embeddable":true,"href":"https:\/\/aromasentia.com\/es\/wp-json\/wp\/v2\/media\/355194"}],"wp:attachment":[{"href":"https:\/\/aromasentia.com\/es\/wp-json\/wp\/v2\/media?parent=230418"}],"wp:term":[{"taxonomy":"product_brand","embeddable":true,"href":"https:\/\/aromasentia.com\/es\/wp-json\/wp\/v2\/product_brand?post=230418"},{"taxonomy":"product_cat","embeddable":true,"href":"https:\/\/aromasentia.com\/es\/wp-json\/wp\/v2\/product_cat?post=230418"},{"taxonomy":"product_tag","embeddable":true,"href":"https:\/\/aromasentia.com\/es\/wp-json\/wp\/v2\/product_tag?post=230418"}],"curies":[{"name":"wp","href":"https:\/\/api.w.org\/{rel}","templated":true}]}}