{"id":230402,"date":"2025-03-22T14:18:40","date_gmt":"2025-03-22T14:18:40","guid":{"rendered":"https:\/\/aromasentia.com\/product\/santa-sack-do-not-open-before\/"},"modified":"2025-12-30T21:33:28","modified_gmt":"2025-12-30T21:33:28","slug":"sacos-de-yute-santa-do-not-open-before","status":"publish","type":"product","link":"https:\/\/aromasentia.com\/es\/sacos-de-yute-santa-do-not-open-before\/","title":{"rendered":"Sacos de yute santa &#8211; Do Not Open Before"},"content":{"rendered":"<p>Esconde los regalos de Navidad para tus seres queridos con el Saco de Yute No Abrir Antes del D\u00eda de Navidad.<\/p>\n<p>Este maravilloso y festivo Saco de Yute es fuerte y resistente para que puedas llenarlo de regalos para tus amigos y familiares y tambi\u00e9n reutilizarlo el a\u00f1o que viene para que puedas sacarle mucho partido. Adem\u00e1s, tiene un bonito dise\u00f1o navide\u00f1o. Lleva escrito en negro y rojo \u00abNo abrir antes del d\u00eda de Navidad\u00bb para que la gente sepa que no debe entrar en \u00e9l antes de Navidad.<\/p>\n<p>Ser\u00e1n un excelente \u00e9xito de ventas en Navidad, ya que a todo el mundo le gusta guardar los regalos en un espacio compacto para no perder ninguno.<\/p>\n<p>Pide algunos de estos incre\u00edbles Sacos de Yute justo a tiempo para Navidad.<\/p>\n<p>Tama\u00f1o: Alto: 76 cm; Ancho: 55 cm<\/p>\n<p>Tama\u00f1o: Alto: 76 cm; Ancho: 55 cm.<\/p>\n","protected":false},"excerpt":{"rendered":"<p>Esconde los regalos de Navidad para tus seres queridos con el Saco de Yute No Abrir Antes del D\u00eda de Navidad. Este maravilloso y festivo Saco de Yute es fuerte y resistente para que puedas llenarlo de regalos para tus amigos y familiares y tambi\u00e9n reutilizarlo el a\u00f1o que viene para que puedas sacarle mucho [&hellip;]<\/p>\n","protected":false},"featured_media":356900,"comment_status":"closed","ping_status":"open","template":"","meta":{"_angie_page":false},"product_brand":[],"product_cat":[18522,14147],"product_tag":[],"class_list":{"0":"post-230402","1":"product","2":"type-product","3":"status-publish","4":"has-post-thumbnail","6":"product_cat-bolsas-de-papel-kraft-yute-y-algodon","7":"product_cat-cajas-de-regalo-y-embalajes","8":"pa_collection-jute-santa-sacks-es","9":"pa_made-in-india","11":"first","12":"outofstock","13":"purchasable","14":"product-type-simple"},"supplier_id":null,"supplier_sku":"SANTA-01","barcode":null,"atum_controlled":true,"out_stock_date":"2025-09-05 14:11:12","out_stock_threshold":null,"inheritable":false,"inbound_stock":null,"stock_on_hold":0,"sold_today":0,"sales_last_days":0,"reserved_stock":null,"customer_returns":null,"warehouse_damage":null,"lost_in_post":null,"other_logs":null,"out_stock_days":0,"lost_sales":0,"has_location":null,"update_date":"2026-04-27T07:20:24","atum_locations":[],"atum_stock_status":"outofstock","restock_status":false,"low_stock_amount":"","sales_update_date":"2025-09-05T00:28:00","calc_backorders":null,"_links":{"self":[{"href":"https:\/\/aromasentia.com\/es\/wp-json\/wp\/v2\/product\/230402","targetHints":{"allow":["GET"]}}],"collection":[{"href":"https:\/\/aromasentia.com\/es\/wp-json\/wp\/v2\/product"}],"about":[{"href":"https:\/\/aromasentia.com\/es\/wp-json\/wp\/v2\/types\/product"}],"replies":[{"embeddable":true,"href":"https:\/\/aromasentia.com\/es\/wp-json\/wp\/v2\/comments?post=230402"}],"version-history":[{"count":0,"href":"https:\/\/aromasentia.com\/es\/wp-json\/wp\/v2\/product\/230402\/revisions"}],"wp:featuredmedia":[{"embeddable":true,"href":"https:\/\/aromasentia.com\/es\/wp-json\/wp\/v2\/media\/356900"}],"wp:attachment":[{"href":"https:\/\/aromasentia.com\/es\/wp-json\/wp\/v2\/media?parent=230402"}],"wp:term":[{"taxonomy":"product_brand","embeddable":true,"href":"https:\/\/aromasentia.com\/es\/wp-json\/wp\/v2\/product_brand?post=230402"},{"taxonomy":"product_cat","embeddable":true,"href":"https:\/\/aromasentia.com\/es\/wp-json\/wp\/v2\/product_cat?post=230402"},{"taxonomy":"product_tag","embeddable":true,"href":"https:\/\/aromasentia.com\/es\/wp-json\/wp\/v2\/product_tag?post=230402"}],"curies":[{"name":"wp","href":"https:\/\/api.w.org\/{rel}","templated":true}]}}