{"id":230350,"date":"2025-03-22T14:18:40","date_gmt":"2025-03-22T14:18:40","guid":{"rendered":"https:\/\/aromasentia.com\/product\/set-of-3-storage-display-boxes-brown\/"},"modified":"2025-12-30T21:33:19","modified_gmt":"2025-12-30T21:33:19","slug":"caja-de-frutas-set-de-3-marron","status":"publish","type":"product","link":"https:\/\/aromasentia.com\/es\/caja-de-frutas-set-de-3-marron\/","title":{"rendered":"Caja de frutas set de 3 &#8211; Marr\u00f3n"},"content":{"rendered":"<p>Conjunto de tres cajas de fruta hechas de madera de albesia de origen \u00e9tico en Indonesia. Estas fabulosas cajas de fruta de madera de albesia son perfectas para todo tipo de almacenamiento, desde reciclaje a frutas &amp; verduras a le\u00f1a a revistas. De cualquier forma, hay numerosas maneras en que sus clientes pueden transformar estas cajas m\u00e1s all\u00e1 de su uso previsto.<\/p>\n<p>Las cajas de madera pueden incluso adoptar un aire muy industrial. No importa su gusto de dise\u00f1o. <strong>Pida ahora y obtenga beneficios de la caja.<\/strong><\/p>\n<p>Dimensiones de la caja: Grande:H:25cm W:45cm D:30 Peso: 1.926g Mediana:H:24cm W:35cm D:25 Peso: 1.540g Peque\u00f1a:H:20cm W:25cm D:20 Peso: 140g<\/p>\n<p>><\/p>\n","protected":false},"excerpt":{"rendered":"<p>Conjunto de tres cajas de fruta hechas de madera de albesia de origen \u00e9tico en Indonesia. Estas fabulosas cajas de fruta de madera de albesia son perfectas para todo tipo de almacenamiento, desde reciclaje a frutas &amp; verduras a le\u00f1a a revistas. De cualquier forma, hay numerosas maneras en que sus clientes pueden transformar estas [&hellip;]<\/p>\n","protected":false},"featured_media":356415,"comment_status":"closed","ping_status":"open","template":"","meta":{"_angie_page":false},"product_brand":[],"product_cat":[14147,18535],"product_tag":[],"class_list":{"0":"post-230350","1":"product","2":"type-product","3":"status-publish","4":"has-post-thumbnail","6":"product_cat-cajas-de-regalo-y-embalajes","7":"product_cat-vitrinas-y-expositores","8":"pa_collection-retail-display-stands-es","9":"pa_made-in-indonesia","11":"first","12":"instock","13":"purchasable","14":"product-type-simple"},"supplier_id":null,"supplier_sku":"RDS-151","barcode":null,"atum_controlled":true,"out_stock_date":null,"out_stock_threshold":null,"inheritable":false,"inbound_stock":null,"stock_on_hold":0,"sold_today":0,"sales_last_days":0,"reserved_stock":null,"customer_returns":null,"warehouse_damage":null,"lost_in_post":null,"other_logs":null,"out_stock_days":146,"lost_sales":0,"has_location":null,"update_date":"2026-04-27T07:27:41","atum_locations":[],"atum_stock_status":"instock","restock_status":false,"low_stock_amount":"","sales_update_date":"2026-01-30T01:24:21","calc_backorders":null,"_links":{"self":[{"href":"https:\/\/aromasentia.com\/es\/wp-json\/wp\/v2\/product\/230350","targetHints":{"allow":["GET"]}}],"collection":[{"href":"https:\/\/aromasentia.com\/es\/wp-json\/wp\/v2\/product"}],"about":[{"href":"https:\/\/aromasentia.com\/es\/wp-json\/wp\/v2\/types\/product"}],"replies":[{"embeddable":true,"href":"https:\/\/aromasentia.com\/es\/wp-json\/wp\/v2\/comments?post=230350"}],"version-history":[{"count":0,"href":"https:\/\/aromasentia.com\/es\/wp-json\/wp\/v2\/product\/230350\/revisions"}],"wp:featuredmedia":[{"embeddable":true,"href":"https:\/\/aromasentia.com\/es\/wp-json\/wp\/v2\/media\/356415"}],"wp:attachment":[{"href":"https:\/\/aromasentia.com\/es\/wp-json\/wp\/v2\/media?parent=230350"}],"wp:term":[{"taxonomy":"product_brand","embeddable":true,"href":"https:\/\/aromasentia.com\/es\/wp-json\/wp\/v2\/product_brand?post=230350"},{"taxonomy":"product_cat","embeddable":true,"href":"https:\/\/aromasentia.com\/es\/wp-json\/wp\/v2\/product_cat?post=230350"},{"taxonomy":"product_tag","embeddable":true,"href":"https:\/\/aromasentia.com\/es\/wp-json\/wp\/v2\/product_tag?post=230350"}],"curies":[{"name":"wp","href":"https:\/\/api.w.org\/{rel}","templated":true}]}}