{"id":230338,"date":"2025-03-22T14:18:40","date_gmt":"2025-03-22T14:18:40","guid":{"rendered":"https:\/\/aromasentia.com\/product\/room-perfume-display-stand-mango-wood\/"},"modified":"2025-12-30T21:33:19","modified_gmt":"2025-12-30T21:33:19","slug":"expositor-de-madera-para-24-perfumes-de-hogar","status":"publish","type":"product","link":"https:\/\/aromasentia.com\/es\/expositor-de-madera-para-24-perfumes-de-hogar\/","title":{"rendered":"Expositor de madera para 24 perfumes de hogar"},"content":{"rendered":"<p>Tama\u00f1o del expositor de perfumes de madera<\/p>\n<p>Ancho: 32cm, Largo: 22.5cm, Alto: 31cm&nbsp;<\/p>\n<p>(Alto sin la cabecera 21cm)<\/p>\n<p>Tama\u00f1o del estante: 27cm x 9.5cm<\/p>\n<p>Peso: 2kg<\/p>\n<p>El soporte se vende vac\u00edo.5cm<\/p>\n<p>Peso: 2kg<\/p>\n<p>El estante se vende vac\u00edo, los productos son s\u00f3lo para fines ilustrativos.<\/p>\n<p>Un expositor de perfumes de madera de dos estantes tiene capacidad para 24 botellas de 50 ml.<\/p>\n<p>Para 24 botellas de 50 ml.<\/p>\n","protected":false},"excerpt":{"rendered":"<p>Tama\u00f1o del expositor de perfumes de madera Ancho: 32cm, Largo: 22.5cm, Alto: 31cm&nbsp; (Alto sin la cabecera 21cm) Tama\u00f1o del estante: 27cm x 9.5cm Peso: 2kg El soporte se vende vac\u00edo.5cm Peso: 2kg El estante se vende vac\u00edo, los productos son s\u00f3lo para fines ilustrativos. Un expositor de perfumes de madera de dos estantes tiene [&hellip;]<\/p>\n","protected":false},"featured_media":356308,"comment_status":"closed","ping_status":"open","template":"","meta":{"_angie_page":false},"product_brand":[],"product_cat":[14147,18535],"product_tag":[],"class_list":{"0":"post-230338","1":"product","2":"type-product","3":"status-publish","4":"has-post-thumbnail","6":"product_cat-cajas-de-regalo-y-embalajes","7":"product_cat-vitrinas-y-expositores","8":"pa_collection-retail-display-stands-es","9":"pa_made-in-india","11":"first","12":"outofstock","13":"purchasable","14":"product-type-simple"},"supplier_id":null,"supplier_sku":"RDS-122M","barcode":null,"atum_controlled":true,"out_stock_date":"2026-01-26 06:54:45","out_stock_threshold":null,"inheritable":false,"inbound_stock":null,"stock_on_hold":0,"sold_today":0,"sales_last_days":0,"reserved_stock":null,"customer_returns":null,"warehouse_damage":null,"lost_in_post":null,"other_logs":null,"out_stock_days":0,"lost_sales":0,"has_location":null,"update_date":"2026-04-27T07:19:28","atum_locations":[],"atum_stock_status":"outofstock","restock_status":false,"low_stock_amount":"","sales_update_date":"2025-09-05T00:27:53","calc_backorders":null,"_links":{"self":[{"href":"https:\/\/aromasentia.com\/es\/wp-json\/wp\/v2\/product\/230338","targetHints":{"allow":["GET"]}}],"collection":[{"href":"https:\/\/aromasentia.com\/es\/wp-json\/wp\/v2\/product"}],"about":[{"href":"https:\/\/aromasentia.com\/es\/wp-json\/wp\/v2\/types\/product"}],"replies":[{"embeddable":true,"href":"https:\/\/aromasentia.com\/es\/wp-json\/wp\/v2\/comments?post=230338"}],"version-history":[{"count":0,"href":"https:\/\/aromasentia.com\/es\/wp-json\/wp\/v2\/product\/230338\/revisions"}],"wp:featuredmedia":[{"embeddable":true,"href":"https:\/\/aromasentia.com\/es\/wp-json\/wp\/v2\/media\/356308"}],"wp:attachment":[{"href":"https:\/\/aromasentia.com\/es\/wp-json\/wp\/v2\/media?parent=230338"}],"wp:term":[{"taxonomy":"product_brand","embeddable":true,"href":"https:\/\/aromasentia.com\/es\/wp-json\/wp\/v2\/product_brand?post=230338"},{"taxonomy":"product_cat","embeddable":true,"href":"https:\/\/aromasentia.com\/es\/wp-json\/wp\/v2\/product_cat?post=230338"},{"taxonomy":"product_tag","embeddable":true,"href":"https:\/\/aromasentia.com\/es\/wp-json\/wp\/v2\/product_tag?post=230338"}],"curies":[{"name":"wp","href":"https:\/\/api.w.org\/{rel}","templated":true}]}}