{"id":230330,"date":"2025-03-22T14:18:40","date_gmt":"2025-03-22T14:18:40","guid":{"rendered":"https:\/\/aromasentia.com\/product\/bath-bomb-5-shelf-display-brownwash\/"},"modified":"2025-12-30T21:33:12","modified_gmt":"2025-12-30T21:33:12","slug":"exhibicion-del-estante-de-bath-bomb-5-marron","status":"publish","type":"product","link":"https:\/\/aromasentia.com\/es\/exhibicion-del-estante-de-bath-bomb-5-marron\/","title":{"rendered":"Exhibici\u00f3n del estante de Bath Bomb 5 &#8211; Marron"},"content":{"rendered":"<p><strong>Expositor de bombas de ba\u00f1o de cinco estantes con pizarra<\/strong>, esta estanter\u00eda ahorra espacio al instante y es muy \u00fatil para exponer sus bombas de ba\u00f1o. <\/p>\n<p>Cari\u00f1osamente hecho a mano con madera de albesia sostenible en el coraz\u00f3n de los pueblos de Bali. Tambi\u00e9n es adecuado para libros, macetas, as\u00ed como para exponer toallas.<\/p>\n<p><strong>Expositores de Bombas de Ba\u00f1o al por mayor<\/strong> est\u00e1n dise\u00f1ados para estar en el coraz\u00f3n de una tienda de regalos contempor\u00e1nea: bien pensado, bien hecho y sorprendentemente asequible. El aspecto es moderno y despejado.<\/p>\n<p>Vienen en la caja con dos piezas, provistas de tornillos para encajar el estante inferior y superior, muy f\u00e1ciles de montar. El expositor tambi\u00e9n tiene un gancho en la parte trasera para ajustarlo a la pared.<\/p>\n<p><a href=\"https:\/\/aromasentia.com\/starter\"><strong><span style=\"color: rgb(184, 49, 47);\">Vea nuestro pack de inicio de Bombas de Ba\u00f1o aqu\u00ed.&nbsp;<\/span><\/strong><\/a><\/p>\n<p><strong><span style=\"color: rgb(0, 0, 0);\">Compra ahora para crear el para\u00edso de los ba\u00f1os en tu tienda.&nbsp;<\/span><\/strong><strong><span style=\"color: rgb(0, 0, 0);\"><span class=\"fr-emoticon fr-deletable fr-emoticon-img\" style=\"background: url(https:\/\/cdnjs.cloudflare.com\/ajax\/libs\/emojione\/2.0.1\/assets\/svg\/1f600.svg);\">&nbsp;<\/span>&nbsp;<\/span><\/strong><\/p>\n<p><strong>Por favor, tenga en cuenta: Para pedidos fuera de UK MAINLAND &nbsp;el env\u00edo del soporte se cobrar\u00e1 por separado. Le proporcionaremos un presupuesto. <\/strong><\/p>\n<p><em>Por favor, tenga en cuenta que los expositores se venden vac\u00edos.<\/em><\/p>\n<p><em><strong>Tama\u00f1os de estante: D:40cm W:56cm H:180cm<\/strong><\/em><\/p>\n","protected":false},"excerpt":{"rendered":"<p>Expositor de bombas de ba\u00f1o de cinco estantes con pizarra, esta estanter\u00eda ahorra espacio al instante y es muy \u00fatil para exponer sus bombas de ba\u00f1o. Cari\u00f1osamente hecho a mano con madera de albesia sostenible en el coraz\u00f3n de los pueblos de Bali. Tambi\u00e9n es adecuado para libros, macetas, as\u00ed como para exponer toallas. Expositores [&hellip;]<\/p>\n","protected":false},"featured_media":356234,"comment_status":"closed","ping_status":"open","template":"","meta":{"_angie_page":false},"product_brand":[],"product_cat":[14147,18535],"product_tag":[],"class_list":{"0":"post-230330","1":"product","2":"type-product","3":"status-publish","4":"has-post-thumbnail","6":"product_cat-cajas-de-regalo-y-embalajes","7":"product_cat-vitrinas-y-expositores","8":"pa_collection-retail-display-stands-es","9":"pa_made-in-indonesia","11":"first","12":"outofstock","13":"purchasable","14":"product-type-simple"},"supplier_id":null,"supplier_sku":"RDS-127","barcode":null,"atum_controlled":true,"out_stock_date":"2026-01-23 13:06:33","out_stock_threshold":null,"inheritable":false,"inbound_stock":null,"stock_on_hold":0,"sold_today":0,"sales_last_days":0,"reserved_stock":null,"customer_returns":null,"warehouse_damage":null,"lost_in_post":null,"other_logs":null,"out_stock_days":0,"lost_sales":0,"has_location":null,"update_date":"2026-04-27T07:19:28","atum_locations":[],"atum_stock_status":"outofstock","restock_status":false,"low_stock_amount":"","sales_update_date":"2025-09-05T00:27:52","calc_backorders":null,"_links":{"self":[{"href":"https:\/\/aromasentia.com\/es\/wp-json\/wp\/v2\/product\/230330","targetHints":{"allow":["GET"]}}],"collection":[{"href":"https:\/\/aromasentia.com\/es\/wp-json\/wp\/v2\/product"}],"about":[{"href":"https:\/\/aromasentia.com\/es\/wp-json\/wp\/v2\/types\/product"}],"replies":[{"embeddable":true,"href":"https:\/\/aromasentia.com\/es\/wp-json\/wp\/v2\/comments?post=230330"}],"version-history":[{"count":0,"href":"https:\/\/aromasentia.com\/es\/wp-json\/wp\/v2\/product\/230330\/revisions"}],"wp:featuredmedia":[{"embeddable":true,"href":"https:\/\/aromasentia.com\/es\/wp-json\/wp\/v2\/media\/356234"}],"wp:attachment":[{"href":"https:\/\/aromasentia.com\/es\/wp-json\/wp\/v2\/media?parent=230330"}],"wp:term":[{"taxonomy":"product_brand","embeddable":true,"href":"https:\/\/aromasentia.com\/es\/wp-json\/wp\/v2\/product_brand?post=230330"},{"taxonomy":"product_cat","embeddable":true,"href":"https:\/\/aromasentia.com\/es\/wp-json\/wp\/v2\/product_cat?post=230330"},{"taxonomy":"product_tag","embeddable":true,"href":"https:\/\/aromasentia.com\/es\/wp-json\/wp\/v2\/product_tag?post=230330"}],"curies":[{"name":"wp","href":"https:\/\/api.w.org\/{rel}","templated":true}]}}