{"id":230322,"date":"2025-03-22T14:18:40","date_gmt":"2025-03-22T14:18:40","guid":{"rendered":"https:\/\/aromasentia.com\/product\/twentyfive-box-tray-display\/"},"modified":"2025-12-30T21:33:12","modified_gmt":"2025-12-30T21:33:12","slug":"bandeja-expositor-de-25-cajas","status":"publish","type":"product","link":"https:\/\/aromasentia.com\/es\/bandeja-expositor-de-25-cajas\/","title":{"rendered":"Bandeja expositor de 25 cajas"},"content":{"rendered":"<p><strong><span style=\"color: rgb(184, 49, 47);\">Su expositor de madera con bandeja para veinticinco cajas<\/span><\/strong> est\u00e1 dise\u00f1ado para ser el centro de su tienda de regalos contempor\u00e1nea, bien pensado, bien hecho y sorprendentemente asequible. La sensaci\u00f3n es moderna y despejada.<\/p>\n<p><strong><span style=\"color: rgb(184, 49, 47);\">Expositores de madera al por mayor<\/span><\/span>,<\/strong>las 25 bandejas est\u00e1n construidas totalmente en madera de albesia encalada, madera ligera y duradera. Perfectas para llevar con productos ya preparados, cargar el coche y directamente al mercado. Esta pr\u00e1ctica bandeja expositora tambi\u00e9n cuenta con cabecera plegable de pizarra. Imagine la bandeja de la caja llena de coloridos <strong><a class=\"fr-green\" href=\"https:\/\/aromasentia.com\/fgsoap\">Jabones de invitados con forma de flor<\/a>,&nbsp;<\/strong>atraer\u00eda la atenci\u00f3n de sus clientes.&nbsp;<strong><\/strong><\/p>\n<p>Cada caja mide Profundidad: 7cm, Largo: 6cm, Ancho: 9cm<\/p>\n<p>Medidas de la bandeja: Lenth:52cm, depth:38cm, Height:9.5cm Weight:1.930g<\/p>\n<p><strong><span style=\"color: rgb(184, 49, 47);\">Haga su pedido hoy para tener este Expositor en su tienda<\/span><\/strong><\/p>\n","protected":false},"excerpt":{"rendered":"<p>Su expositor de madera con bandeja para veinticinco cajas est\u00e1 dise\u00f1ado para ser el centro de su tienda de regalos contempor\u00e1nea, bien pensado, bien hecho y sorprendentemente asequible. La sensaci\u00f3n es moderna y despejada. Expositores de madera al por mayor,las 25 bandejas est\u00e1n construidas totalmente en madera de albesia encalada, madera ligera y duradera. Perfectas [&hellip;]<\/p>\n","protected":false},"featured_media":356144,"comment_status":"closed","ping_status":"open","template":"","meta":{"_angie_page":false},"product_brand":[],"product_cat":[14147,18535],"product_tag":[],"class_list":{"0":"post-230322","1":"product","2":"type-product","3":"status-publish","4":"has-post-thumbnail","6":"product_cat-cajas-de-regalo-y-embalajes","7":"product_cat-vitrinas-y-expositores","8":"pa_collection-retail-display-stands-es","9":"pa_made-in-indonesia","11":"first","12":"instock","13":"purchasable","14":"product-type-simple"},"supplier_id":null,"supplier_sku":"RDS-57","barcode":null,"atum_controlled":true,"out_stock_date":null,"out_stock_threshold":null,"inheritable":false,"inbound_stock":null,"stock_on_hold":0,"sold_today":0,"sales_last_days":0,"reserved_stock":null,"customer_returns":null,"warehouse_damage":null,"lost_in_post":null,"other_logs":null,"out_stock_days":0,"lost_sales":0,"has_location":null,"update_date":"2026-05-08T05:17:59","atum_locations":[],"atum_stock_status":"instock","restock_status":false,"low_stock_amount":"","sales_update_date":"2026-01-30T01:24:30","calc_backorders":null,"_links":{"self":[{"href":"https:\/\/aromasentia.com\/es\/wp-json\/wp\/v2\/product\/230322","targetHints":{"allow":["GET"]}}],"collection":[{"href":"https:\/\/aromasentia.com\/es\/wp-json\/wp\/v2\/product"}],"about":[{"href":"https:\/\/aromasentia.com\/es\/wp-json\/wp\/v2\/types\/product"}],"replies":[{"embeddable":true,"href":"https:\/\/aromasentia.com\/es\/wp-json\/wp\/v2\/comments?post=230322"}],"version-history":[{"count":0,"href":"https:\/\/aromasentia.com\/es\/wp-json\/wp\/v2\/product\/230322\/revisions"}],"wp:featuredmedia":[{"embeddable":true,"href":"https:\/\/aromasentia.com\/es\/wp-json\/wp\/v2\/media\/356144"}],"wp:attachment":[{"href":"https:\/\/aromasentia.com\/es\/wp-json\/wp\/v2\/media?parent=230322"}],"wp:term":[{"taxonomy":"product_brand","embeddable":true,"href":"https:\/\/aromasentia.com\/es\/wp-json\/wp\/v2\/product_brand?post=230322"},{"taxonomy":"product_cat","embeddable":true,"href":"https:\/\/aromasentia.com\/es\/wp-json\/wp\/v2\/product_cat?post=230322"},{"taxonomy":"product_tag","embeddable":true,"href":"https:\/\/aromasentia.com\/es\/wp-json\/wp\/v2\/product_tag?post=230322"}],"curies":[{"name":"wp","href":"https:\/\/api.w.org\/{rel}","templated":true}]}}