{"id":230302,"date":"2025-03-22T14:18:40","date_gmt":"2025-03-22T14:18:40","guid":{"rendered":"https:\/\/aromasentia.com\/product\/poly-prop-bags-420x60mm-500\/"},"modified":"2025-06-28T22:22:49","modified_gmt":"2025-06-28T22:22:49","slug":"poly-prop-bags-420x60mm-500","status":"publish","type":"product","link":"https:\/\/aromasentia.com\/es\/poly-prop-bags-420x60mm-500\/","title":{"rendered":"Poly-Prop Bags 420x60mm (500)"},"content":{"rendered":"<p>Eche un vistazo a nuestras bolsas de polipropileno.<\/p>\n<p>A\u00f1aden un poco de glamour a cualquier producto que se adapte. El polipropileno es ese pl\u00e1stico transparente y crujiente que refleja la luz de un modo festivo.<\/p>\n<p>Tienden a ser proporcionalmente m\u00e1s caras que las bolsas de polietileno, pero si tiene en cuenta el valor a\u00f1adido que aporta este tipo de embalaje, \u00a1merecen la pena!<\/p>\n","protected":false},"excerpt":{"rendered":"<p>Eche un vistazo a nuestras bolsas de polipropileno. A\u00f1aden un poco de glamour a cualquier producto que se adapte. El polipropileno es ese pl\u00e1stico transparente y crujiente que refleja la luz de un modo festivo. Tienden a ser proporcionalmente m\u00e1s caras que las bolsas de polietileno, pero si tiene en cuenta el valor a\u00f1adido que [&hellip;]<\/p>\n","protected":false},"featured_media":643371,"comment_status":"closed","ping_status":"open","template":"","meta":[],"product_brand":[],"product_cat":[18522,14147],"product_tag":[],"class_list":{"0":"post-230302","1":"product","2":"type-product","3":"status-publish","4":"has-post-thumbnail","6":"product_cat-bolsas-de-papel-kraft-yute-y-algodon","7":"product_cat-cajas-de-regalo-y-embalajes","8":"pa_collection-poly-prop-bags-es","9":"pa_made-in-china","11":"first","12":"outofstock","13":"purchasable","14":"product-type-simple"},"supplier_id":null,"supplier_sku":"Prop-09","barcode":null,"atum_controlled":true,"out_stock_date":"2025-12-11 15:42:02","out_stock_threshold":null,"inheritable":false,"inbound_stock":null,"stock_on_hold":0,"sold_today":0,"sales_last_days":0,"reserved_stock":null,"customer_returns":null,"warehouse_damage":null,"lost_in_post":null,"other_logs":null,"out_stock_days":56,"lost_sales":0,"has_location":null,"update_date":"2026-02-06T00:00:56","atum_locations":[],"atum_stock_status":"outofstock","restock_status":false,"low_stock_amount":"","sales_update_date":"2026-02-06T00:00:56","calc_backorders":null,"_links":{"self":[{"href":"https:\/\/aromasentia.com\/es\/wp-json\/wp\/v2\/product\/230302","targetHints":{"allow":["GET"]}}],"collection":[{"href":"https:\/\/aromasentia.com\/es\/wp-json\/wp\/v2\/product"}],"about":[{"href":"https:\/\/aromasentia.com\/es\/wp-json\/wp\/v2\/types\/product"}],"replies":[{"embeddable":true,"href":"https:\/\/aromasentia.com\/es\/wp-json\/wp\/v2\/comments?post=230302"}],"version-history":[{"count":0,"href":"https:\/\/aromasentia.com\/es\/wp-json\/wp\/v2\/product\/230302\/revisions"}],"wp:featuredmedia":[{"embeddable":true,"href":"https:\/\/aromasentia.com\/es\/wp-json\/wp\/v2\/media\/643371"}],"wp:attachment":[{"href":"https:\/\/aromasentia.com\/es\/wp-json\/wp\/v2\/media?parent=230302"}],"wp:term":[{"taxonomy":"product_brand","embeddable":true,"href":"https:\/\/aromasentia.com\/es\/wp-json\/wp\/v2\/product_brand?post=230302"},{"taxonomy":"product_cat","embeddable":true,"href":"https:\/\/aromasentia.com\/es\/wp-json\/wp\/v2\/product_cat?post=230302"},{"taxonomy":"product_tag","embeddable":true,"href":"https:\/\/aromasentia.com\/es\/wp-json\/wp\/v2\/product_tag?post=230302"}],"curies":[{"name":"wp","href":"https:\/\/api.w.org\/{rel}","templated":true}]}}