{"id":230298,"date":"2025-03-22T16:04:38","date_gmt":"2025-03-22T16:04:38","guid":{"rendered":"https:\/\/aromasentia.com\/product\/bamboo-windchime-natural-finish-4-big-tubes\/"},"modified":"2025-12-30T21:33:12","modified_gmt":"2025-12-30T21:33:12","slug":"campanilla-de-bambu-acabado-natural-4-tubos-grandes","status":"publish","type":"product","link":"https:\/\/aromasentia.com\/es\/campanilla-de-bambu-acabado-natural-4-tubos-grandes\/","title":{"rendered":"Campanilla de bamb\u00fa &#8211; Acabado natural &#8211; 4 tubos grandes"},"content":{"rendered":"<p>Disfrute de tonos profundos y resonantes con esta Campana de Viento de Bamb\u00fa &#8211; Acabado natural &#8211; 4 Tubos Grandes. Esta impresionante campana de viento est\u00e1 construida con cuatro grandes tubos de bamb\u00fa, dise\u00f1ados para crear sonidos m\u00e1s graves, sonoros y profundamente resonantes cuando pasa la brisa. Su acabado en bamb\u00fa natural ofrece un aspecto aut\u00e9ntico y terroso, ideal para crear un ambiente enraizado y tranquilo en su jard\u00edn, porche o espacio de meditaci\u00f3n. Una pieza sustancial para quienes aprecian las armon\u00edas ricas y naturales y el dise\u00f1o r\u00fastico.<\/p>\n","protected":false},"excerpt":{"rendered":"<p>Disfrute de tonos profundos y resonantes con esta Campana de Viento de Bamb\u00fa &#8211; Acabado natural &#8211; 4 Tubos Grandes. Esta impresionante campana de viento est\u00e1 construida con cuatro grandes tubos de bamb\u00fa, dise\u00f1ados para crear sonidos m\u00e1s graves, sonoros y profundamente resonantes cuando pasa la brisa. Su acabado en bamb\u00fa natural ofrece un aspecto [&hellip;]<\/p>\n","protected":false},"featured_media":642563,"comment_status":"closed","ping_status":"open","template":"","meta":{"_angie_page":false},"product_brand":[],"product_cat":[17984,14456],"product_tag":[],"class_list":{"0":"post-230298","1":"product","2":"type-product","3":"status-publish","4":"has-post-thumbnail","6":"product_cat-campanas-de-viento","7":"product_cat-decoracion-hogar-y-jardin","8":"pa_collection-bamboo-mountain-wind-chimes-es","9":"pa_made-in-indonesia","11":"first","12":"instock","13":"purchasable","14":"product-type-simple"},"supplier_id":null,"supplier_sku":"BBamC-08","barcode":null,"atum_controlled":true,"out_stock_date":null,"out_stock_threshold":null,"inheritable":false,"inbound_stock":null,"stock_on_hold":0,"sold_today":0,"sales_last_days":0,"reserved_stock":null,"customer_returns":null,"warehouse_damage":null,"lost_in_post":null,"other_logs":null,"out_stock_days":0,"lost_sales":0,"has_location":null,"update_date":"2026-04-27T06:54:15","atum_locations":[],"atum_stock_status":"instock","restock_status":false,"low_stock_amount":"","sales_update_date":"2026-02-06T00:01:27","calc_backorders":null,"_links":{"self":[{"href":"https:\/\/aromasentia.com\/es\/wp-json\/wp\/v2\/product\/230298","targetHints":{"allow":["GET"]}}],"collection":[{"href":"https:\/\/aromasentia.com\/es\/wp-json\/wp\/v2\/product"}],"about":[{"href":"https:\/\/aromasentia.com\/es\/wp-json\/wp\/v2\/types\/product"}],"replies":[{"embeddable":true,"href":"https:\/\/aromasentia.com\/es\/wp-json\/wp\/v2\/comments?post=230298"}],"version-history":[{"count":0,"href":"https:\/\/aromasentia.com\/es\/wp-json\/wp\/v2\/product\/230298\/revisions"}],"wp:featuredmedia":[{"embeddable":true,"href":"https:\/\/aromasentia.com\/es\/wp-json\/wp\/v2\/media\/642563"}],"wp:attachment":[{"href":"https:\/\/aromasentia.com\/es\/wp-json\/wp\/v2\/media?parent=230298"}],"wp:term":[{"taxonomy":"product_brand","embeddable":true,"href":"https:\/\/aromasentia.com\/es\/wp-json\/wp\/v2\/product_brand?post=230298"},{"taxonomy":"product_cat","embeddable":true,"href":"https:\/\/aromasentia.com\/es\/wp-json\/wp\/v2\/product_cat?post=230298"},{"taxonomy":"product_tag","embeddable":true,"href":"https:\/\/aromasentia.com\/es\/wp-json\/wp\/v2\/product_tag?post=230298"}],"curies":[{"name":"wp","href":"https:\/\/api.w.org\/{rel}","templated":true}]}}