{"id":230222,"date":"2025-03-22T16:04:38","date_gmt":"2025-03-22T16:04:38","guid":{"rendered":"https:\/\/aromasentia.com\/product\/aluminium-mobile-buddhas\/"},"modified":"2025-12-30T21:32:56","modified_gmt":"2025-12-30T21:32:56","slug":"movil-de-aluminio-budas","status":"publish","type":"product","link":"https:\/\/aromasentia.com\/es\/movil-de-aluminio-budas\/","title":{"rendered":"M\u00f3vil de Aluminio &#8211; Budas"},"content":{"rendered":"<p>Descubre las decoraciones de pared de aluminio de Aroma Sentia.&nbsp;<\/p>\n<p>Cada uno de estos m\u00f3viles est\u00e1 inspirado en la tradicional t\u00e9cnica de martillar el aluminio, una habilidad ancestral que otorga a cada pieza una textura y car\u00e1cter inconfundibles <\/p>\n<p>Un producto hecho a mano en Indonesia.&nbsp;<\/p>\n<p>Medidas del producto: 70X30 cm<\/p>\n","protected":false},"excerpt":{"rendered":"<p>Descubre las decoraciones de pared de aluminio de Aroma Sentia.&nbsp; Cada uno de estos m\u00f3viles est\u00e1 inspirado en la tradicional t\u00e9cnica de martillar el aluminio, una habilidad ancestral que otorga a cada pieza una textura y car\u00e1cter inconfundibles Un producto hecho a mano en Indonesia.&nbsp; Medidas del producto: 70X30 cm<\/p>\n","protected":false},"featured_media":357669,"comment_status":"closed","ping_status":"open","template":"","meta":{"_angie_page":false},"product_brand":[],"product_cat":[14456,14457,14066],"product_tag":[],"class_list":{"0":"post-230222","1":"product","2":"type-product","3":"status-publish","4":"has-post-thumbnail","6":"product_cat-decoracion-hogar-y-jardin","7":"product_cat-macrame-y-atrapasuenos","8":"product_cat-regalos-vintage-y-souvenir","9":"pa_collection-bali-style-wall-decor-es","10":"pa_made-in-indonesia","12":"first","13":"instock","14":"purchasable","15":"product-type-simple"},"supplier_id":null,"supplier_sku":"BAM-01","barcode":null,"atum_controlled":true,"out_stock_date":null,"out_stock_threshold":null,"inheritable":false,"inbound_stock":null,"stock_on_hold":0,"sold_today":0,"sales_last_days":0,"reserved_stock":null,"customer_returns":null,"warehouse_damage":null,"lost_in_post":null,"other_logs":null,"out_stock_days":0,"lost_sales":0,"has_location":null,"update_date":"2026-05-08T05:04:56","atum_locations":[],"atum_stock_status":"instock","restock_status":false,"low_stock_amount":"","sales_update_date":"2026-01-20T05:13:16","calc_backorders":null,"_links":{"self":[{"href":"https:\/\/aromasentia.com\/es\/wp-json\/wp\/v2\/product\/230222","targetHints":{"allow":["GET"]}}],"collection":[{"href":"https:\/\/aromasentia.com\/es\/wp-json\/wp\/v2\/product"}],"about":[{"href":"https:\/\/aromasentia.com\/es\/wp-json\/wp\/v2\/types\/product"}],"replies":[{"embeddable":true,"href":"https:\/\/aromasentia.com\/es\/wp-json\/wp\/v2\/comments?post=230222"}],"version-history":[{"count":0,"href":"https:\/\/aromasentia.com\/es\/wp-json\/wp\/v2\/product\/230222\/revisions"}],"wp:featuredmedia":[{"embeddable":true,"href":"https:\/\/aromasentia.com\/es\/wp-json\/wp\/v2\/media\/357669"}],"wp:attachment":[{"href":"https:\/\/aromasentia.com\/es\/wp-json\/wp\/v2\/media?parent=230222"}],"wp:term":[{"taxonomy":"product_brand","embeddable":true,"href":"https:\/\/aromasentia.com\/es\/wp-json\/wp\/v2\/product_brand?post=230222"},{"taxonomy":"product_cat","embeddable":true,"href":"https:\/\/aromasentia.com\/es\/wp-json\/wp\/v2\/product_cat?post=230222"},{"taxonomy":"product_tag","embeddable":true,"href":"https:\/\/aromasentia.com\/es\/wp-json\/wp\/v2\/product_tag?post=230222"}],"curies":[{"name":"wp","href":"https:\/\/api.w.org\/{rel}","templated":true}]}}