{"id":230182,"date":"2025-03-22T16:04:38","date_gmt":"2025-03-22T16:04:38","guid":{"rendered":"https:\/\/aromasentia.com\/product\/salt-lamp-fittings-uk\/"},"modified":"2025-12-30T21:32:48","modified_gmt":"2025-12-30T21:32:48","slug":"accesorios-para-lamparas-de-sal-uk","status":"publish","type":"product","link":"https:\/\/aromasentia.com\/es\/accesorios-para-lamparas-de-sal-uk\/","title":{"rendered":"Accesorios para l\u00e1mparas de sal &#8211; UK"},"content":{"rendered":"<p>Cable UK para L\u00e1mpara de Sal. Para obtener m\u00e1s informaci\u00f3n acerca de las l\u00e1mparas de sal, por favor descargue el archivo haciendo clic en el enlace de abajo.<\/p>\n<p><strong>Por favor, tenga en cuenta que necesitar\u00e1 la contrase\u00f1a<\/strong> awuser para descargar la informaci\u00f3n.<\/p>\n<p><strong>POR FAVOR TENGA EN CUENTA<\/strong> Debido a la naturaleza de estas l\u00e1mparas, el tama\u00f1o y las formas pueden variar. Las im\u00e1genes son s\u00f3lo para fines ilustrativos.<\/p>\n<p><strong><span style=\"color: rgb(184, 49, 47);\">Estos cables no&#39;se adaptan a las L\u00e1mparas Selenite Tower&nbsp;<\/span><\/strong><\/p>\n<p><strong>Longitud del cable: 1.5M&nbsp;<\/strong><\/p>\n","protected":false},"excerpt":{"rendered":"<p>Cable UK para L\u00e1mpara de Sal. Para obtener m\u00e1s informaci\u00f3n acerca de las l\u00e1mparas de sal, por favor descargue el archivo haciendo clic en el enlace de abajo. Por favor, tenga en cuenta que necesitar\u00e1 la contrase\u00f1a awuser para descargar la informaci\u00f3n. POR FAVOR TENGA EN CUENTA Debido a la naturaleza de estas l\u00e1mparas, el [&hellip;]<\/p>\n","protected":false},"featured_media":357379,"comment_status":"closed","ping_status":"open","template":"","meta":{"_angie_page":false},"product_brand":[],"product_cat":[14456],"product_tag":[],"class_list":{"0":"post-230182","1":"product","2":"type-product","3":"status-publish","4":"has-post-thumbnail","6":"product_cat-decoracion-hogar-y-jardin","7":"pa_collection-plug-adaptors-usb-stations-es","8":"pa_made-in-china","10":"first","11":"instock","12":"purchasable","13":"product-type-simple"},"supplier_id":null,"supplier_sku":"Salt-54","barcode":null,"atum_controlled":true,"out_stock_date":null,"out_stock_threshold":null,"inheritable":false,"inbound_stock":null,"stock_on_hold":0,"sold_today":0,"sales_last_days":0,"reserved_stock":null,"customer_returns":null,"warehouse_damage":null,"lost_in_post":null,"other_logs":null,"out_stock_days":0,"lost_sales":0,"has_location":null,"update_date":"2026-05-08T05:18:01","atum_locations":[],"atum_stock_status":"instock","restock_status":false,"low_stock_amount":"","sales_update_date":"2025-09-05T00:28:05","calc_backorders":null,"_links":{"self":[{"href":"https:\/\/aromasentia.com\/es\/wp-json\/wp\/v2\/product\/230182","targetHints":{"allow":["GET"]}}],"collection":[{"href":"https:\/\/aromasentia.com\/es\/wp-json\/wp\/v2\/product"}],"about":[{"href":"https:\/\/aromasentia.com\/es\/wp-json\/wp\/v2\/types\/product"}],"replies":[{"embeddable":true,"href":"https:\/\/aromasentia.com\/es\/wp-json\/wp\/v2\/comments?post=230182"}],"version-history":[{"count":0,"href":"https:\/\/aromasentia.com\/es\/wp-json\/wp\/v2\/product\/230182\/revisions"}],"wp:featuredmedia":[{"embeddable":true,"href":"https:\/\/aromasentia.com\/es\/wp-json\/wp\/v2\/media\/357379"}],"wp:attachment":[{"href":"https:\/\/aromasentia.com\/es\/wp-json\/wp\/v2\/media?parent=230182"}],"wp:term":[{"taxonomy":"product_brand","embeddable":true,"href":"https:\/\/aromasentia.com\/es\/wp-json\/wp\/v2\/product_brand?post=230182"},{"taxonomy":"product_cat","embeddable":true,"href":"https:\/\/aromasentia.com\/es\/wp-json\/wp\/v2\/product_cat?post=230182"},{"taxonomy":"product_tag","embeddable":true,"href":"https:\/\/aromasentia.com\/es\/wp-json\/wp\/v2\/product_tag?post=230182"}],"curies":[{"name":"wp","href":"https:\/\/api.w.org\/{rel}","templated":true}]}}