{"id":230138,"date":"2025-03-22T16:04:38","date_gmt":"2025-03-22T16:04:38","guid":{"rendered":"https:\/\/aromasentia.com\/product\/round-folding-coffee-table-50x50cm\/"},"modified":"2025-12-30T21:32:40","modified_gmt":"2025-12-30T21:32:40","slug":"mesa-de-centro-redonda-plegable-50x50cm","status":"publish","type":"product","link":"https:\/\/aromasentia.com\/es\/mesa-de-centro-redonda-plegable-50x50cm\/","title":{"rendered":"Mesa de centro redonda plegable &#8211; 50x50cm"},"content":{"rendered":"<p><span style=\"color: rgb(209, 72, 65);\">El env\u00edo de estos muebles supone un suplemento extra<\/span>, para saber el coste, p\u00f3ngase en contacto a trav\u00e9s de <a href=\"mailto:info@aromasentia.com\">info@aromasentia.com<\/a> <\/p>\n","protected":false},"excerpt":{"rendered":"<p>El env\u00edo de estos muebles supone un suplemento extra, para saber el coste, p\u00f3ngase en contacto a trav\u00e9s de info@aromasentia.com<\/p>\n","protected":false},"featured_media":357192,"comment_status":"closed","ping_status":"open","template":"","meta":{"_angie_page":false},"product_brand":[27087],"product_cat":[14456,16886],"product_tag":[],"class_list":{"0":"post-230138","1":"product","2":"type-product","3":"status-publish","4":"has-post-thumbnail","6":"product_brand-agnes-and-cat","7":"product_cat-decoracion-hogar-y-jardin","8":"product_cat-muebles","9":"pa_collection-recycled-home-furniture-from-bali-es","10":"pa_made-in-indonesia","12":"first","13":"instock","14":"purchasable","15":"product-type-simple"},"supplier_id":null,"supplier_sku":"ACSHOP-09","barcode":null,"atum_controlled":true,"out_stock_date":null,"out_stock_threshold":null,"inheritable":false,"inbound_stock":null,"stock_on_hold":0,"sold_today":0,"sales_last_days":0,"reserved_stock":null,"customer_returns":null,"warehouse_damage":null,"lost_in_post":null,"other_logs":null,"out_stock_days":0,"lost_sales":0,"has_location":null,"update_date":"2026-04-27T06:50:12","atum_locations":[],"atum_stock_status":"instock","restock_status":false,"low_stock_amount":"","sales_update_date":"2025-10-09T03:23:08","calc_backorders":null,"_links":{"self":[{"href":"https:\/\/aromasentia.com\/es\/wp-json\/wp\/v2\/product\/230138","targetHints":{"allow":["GET"]}}],"collection":[{"href":"https:\/\/aromasentia.com\/es\/wp-json\/wp\/v2\/product"}],"about":[{"href":"https:\/\/aromasentia.com\/es\/wp-json\/wp\/v2\/types\/product"}],"replies":[{"embeddable":true,"href":"https:\/\/aromasentia.com\/es\/wp-json\/wp\/v2\/comments?post=230138"}],"version-history":[{"count":0,"href":"https:\/\/aromasentia.com\/es\/wp-json\/wp\/v2\/product\/230138\/revisions"}],"wp:featuredmedia":[{"embeddable":true,"href":"https:\/\/aromasentia.com\/es\/wp-json\/wp\/v2\/media\/357192"}],"wp:attachment":[{"href":"https:\/\/aromasentia.com\/es\/wp-json\/wp\/v2\/media?parent=230138"}],"wp:term":[{"taxonomy":"product_brand","embeddable":true,"href":"https:\/\/aromasentia.com\/es\/wp-json\/wp\/v2\/product_brand?post=230138"},{"taxonomy":"product_cat","embeddable":true,"href":"https:\/\/aromasentia.com\/es\/wp-json\/wp\/v2\/product_cat?post=230138"},{"taxonomy":"product_tag","embeddable":true,"href":"https:\/\/aromasentia.com\/es\/wp-json\/wp\/v2\/product_tag?post=230138"}],"curies":[{"name":"wp","href":"https:\/\/api.w.org\/{rel}","templated":true}]}}