{"id":230046,"date":"2025-03-22T16:04:38","date_gmt":"2025-03-22T16:04:38","guid":{"rendered":"https:\/\/aromasentia.com\/product\/driftwood-birdbox-on-stand\/"},"modified":"2025-12-30T21:32:24","modified_gmt":"2025-12-30T21:32:24","slug":"driftwood-birdbox-on-stand","status":"publish","type":"product","link":"https:\/\/aromasentia.com\/es\/driftwood-birdbox-on-stand\/","title":{"rendered":"Driftwood Birdbox &#8211; On Stand"},"content":{"rendered":"<p>Eleve el encanto de su jard\u00edn con esta pajarera de madera de deriva con soporte. Esta encantadora pajarera, hecha de madera de deriva natural, viene completa con su propio soporte, lo que permite una colocaci\u00f3n vers\u00e1til en su jard\u00edn, patio o balc\u00f3n. Ofrece un nido \u00fanico y r\u00fastico para p\u00e1jaros peque\u00f1os, con cada pieza mostrando la belleza org\u00e1nica de la madera desgastada. Un precioso elemento decorativo independiente que favorece la vida silvestre y aporta un toque de arte artesanal y natural a su entorno exterior.<\/p>\n","protected":false},"excerpt":{"rendered":"<p>Eleve el encanto de su jard\u00edn con esta pajarera de madera de deriva con soporte. Esta encantadora pajarera, hecha de madera de deriva natural, viene completa con su propio soporte, lo que permite una colocaci\u00f3n vers\u00e1til en su jard\u00edn, patio o balc\u00f3n. Ofrece un nido \u00fanico y r\u00fastico para p\u00e1jaros peque\u00f1os, con cada pieza mostrando [&hellip;]<\/p>\n","protected":false},"featured_media":358609,"comment_status":"closed","ping_status":"open","template":"","meta":{"_angie_page":false},"product_brand":[],"product_cat":[16898,14456],"product_tag":[],"class_list":{"0":"post-230046","1":"product","2":"type-product","3":"status-publish","4":"has-post-thumbnail","6":"product_cat-decoracion","7":"product_cat-decoracion-hogar-y-jardin","8":"pa_made-in-indonesia","10":"first","11":"instock","12":"purchasable","13":"product-type-simple"},"supplier_id":null,"supplier_sku":"BBBox-07DS","barcode":null,"atum_controlled":true,"out_stock_date":null,"out_stock_threshold":null,"inheritable":false,"inbound_stock":null,"stock_on_hold":0,"sold_today":0,"sales_last_days":0,"reserved_stock":null,"customer_returns":null,"warehouse_damage":null,"lost_in_post":null,"other_logs":null,"out_stock_days":0,"lost_sales":0,"has_location":null,"update_date":"2026-04-27T06:54:19","atum_locations":[],"atum_stock_status":"instock","restock_status":false,"low_stock_amount":"","sales_update_date":"2026-01-30T01:25:22","calc_backorders":null,"_links":{"self":[{"href":"https:\/\/aromasentia.com\/es\/wp-json\/wp\/v2\/product\/230046","targetHints":{"allow":["GET"]}}],"collection":[{"href":"https:\/\/aromasentia.com\/es\/wp-json\/wp\/v2\/product"}],"about":[{"href":"https:\/\/aromasentia.com\/es\/wp-json\/wp\/v2\/types\/product"}],"replies":[{"embeddable":true,"href":"https:\/\/aromasentia.com\/es\/wp-json\/wp\/v2\/comments?post=230046"}],"version-history":[{"count":0,"href":"https:\/\/aromasentia.com\/es\/wp-json\/wp\/v2\/product\/230046\/revisions"}],"wp:featuredmedia":[{"embeddable":true,"href":"https:\/\/aromasentia.com\/es\/wp-json\/wp\/v2\/media\/358609"}],"wp:attachment":[{"href":"https:\/\/aromasentia.com\/es\/wp-json\/wp\/v2\/media?parent=230046"}],"wp:term":[{"taxonomy":"product_brand","embeddable":true,"href":"https:\/\/aromasentia.com\/es\/wp-json\/wp\/v2\/product_brand?post=230046"},{"taxonomy":"product_cat","embeddable":true,"href":"https:\/\/aromasentia.com\/es\/wp-json\/wp\/v2\/product_cat?post=230046"},{"taxonomy":"product_tag","embeddable":true,"href":"https:\/\/aromasentia.com\/es\/wp-json\/wp\/v2\/product_tag?post=230046"}],"curies":[{"name":"wp","href":"https:\/\/api.w.org\/{rel}","templated":true}]}}