{"id":230042,"date":"2025-03-22T16:04:38","date_gmt":"2025-03-22T16:04:38","guid":{"rendered":"https:\/\/aromasentia.com\/product\/driftwood-birdbox-wallhanging\/"},"modified":"2025-12-30T21:32:24","modified_gmt":"2025-12-30T21:32:24","slug":"driftwood-birdbox-wallhanging","status":"publish","type":"product","link":"https:\/\/aromasentia.com\/es\/driftwood-birdbox-wallhanging\/","title":{"rendered":"Driftwood Birdbox &#8211; Wallhanging"},"content":{"rendered":"<p>Monta un refugio natural con esta caja para p\u00e1jaros de madera de deriva para colgar en la pared. Dise\u00f1ada para montarse f\u00e1cilmente en una pared, valla o \u00e1rbol, esta encantadora pajarera est\u00e1 hecha a mano con piezas \u00fanicas de madera flotante, ofreciendo un refugio r\u00fastico y acogedor para los p\u00e1jaros. Su est\u00e9tica distintiva y natural realza cualquier jard\u00edn o pared exterior, proporcionando un acogedor lugar para anidar a la vez que a\u00f1ade un toque de arte costero o boscoso. Una forma ecol\u00f3gica de apoyar a las poblaciones de aves locales y embellecer sus espacios verticales.<\/p>\n","protected":false},"excerpt":{"rendered":"<p>Monta un refugio natural con esta caja para p\u00e1jaros de madera de deriva para colgar en la pared. Dise\u00f1ada para montarse f\u00e1cilmente en una pared, valla o \u00e1rbol, esta encantadora pajarera est\u00e1 hecha a mano con piezas \u00fanicas de madera flotante, ofreciendo un refugio r\u00fastico y acogedor para los p\u00e1jaros. Su est\u00e9tica distintiva y natural [&hellip;]<\/p>\n","protected":false},"featured_media":358584,"comment_status":"closed","ping_status":"open","template":"","meta":{"_angie_page":false},"product_brand":[],"product_cat":[16898,14456],"product_tag":[],"class_list":{"0":"post-230042","1":"product","2":"type-product","3":"status-publish","4":"has-post-thumbnail","6":"product_cat-decoracion","7":"product_cat-decoracion-hogar-y-jardin","8":"pa_made-in-indonesia","10":"first","11":"instock","12":"purchasable","13":"product-type-simple"},"supplier_id":null,"supplier_sku":"BBBox-06DS","barcode":null,"atum_controlled":true,"out_stock_date":null,"out_stock_threshold":null,"inheritable":false,"inbound_stock":null,"stock_on_hold":0,"sold_today":0,"sales_last_days":0,"reserved_stock":null,"customer_returns":null,"warehouse_damage":null,"lost_in_post":null,"other_logs":null,"out_stock_days":0,"lost_sales":0,"has_location":null,"update_date":"2026-05-04T00:02:50","atum_locations":[],"atum_stock_status":"instock","restock_status":false,"low_stock_amount":"","sales_update_date":"2026-01-30T01:24:56","calc_backorders":null,"_links":{"self":[{"href":"https:\/\/aromasentia.com\/es\/wp-json\/wp\/v2\/product\/230042","targetHints":{"allow":["GET"]}}],"collection":[{"href":"https:\/\/aromasentia.com\/es\/wp-json\/wp\/v2\/product"}],"about":[{"href":"https:\/\/aromasentia.com\/es\/wp-json\/wp\/v2\/types\/product"}],"replies":[{"embeddable":true,"href":"https:\/\/aromasentia.com\/es\/wp-json\/wp\/v2\/comments?post=230042"}],"version-history":[{"count":0,"href":"https:\/\/aromasentia.com\/es\/wp-json\/wp\/v2\/product\/230042\/revisions"}],"wp:featuredmedia":[{"embeddable":true,"href":"https:\/\/aromasentia.com\/es\/wp-json\/wp\/v2\/media\/358584"}],"wp:attachment":[{"href":"https:\/\/aromasentia.com\/es\/wp-json\/wp\/v2\/media?parent=230042"}],"wp:term":[{"taxonomy":"product_brand","embeddable":true,"href":"https:\/\/aromasentia.com\/es\/wp-json\/wp\/v2\/product_brand?post=230042"},{"taxonomy":"product_cat","embeddable":true,"href":"https:\/\/aromasentia.com\/es\/wp-json\/wp\/v2\/product_cat?post=230042"},{"taxonomy":"product_tag","embeddable":true,"href":"https:\/\/aromasentia.com\/es\/wp-json\/wp\/v2\/product_tag?post=230042"}],"curies":[{"name":"wp","href":"https:\/\/api.w.org\/{rel}","templated":true}]}}