{"id":230038,"date":"2025-03-22T16:04:38","date_gmt":"2025-03-22T16:04:38","guid":{"rendered":"https:\/\/aromasentia.com\/product\/driftwood-bee-insect-box\/"},"modified":"2025-12-30T21:32:24","modified_gmt":"2025-12-30T21:32:24","slug":"driftwood-bee-insect-box","status":"publish","type":"product","link":"https:\/\/aromasentia.com\/es\/driftwood-bee-insect-box\/","title":{"rendered":"Driftwood Bee &#038; Insect Box"},"content":{"rendered":"<p>Atraiga insectos beneficiosos a su jard\u00edn con esta caja de madera para abejas e insectos. Construida cuidadosamente con madera natural, esta caja proporciona un h\u00e1bitat esencial para abejas solitarias, mariquitas y otros insectos beneficiosos. Sus diversos compartimentos y materiales naturales crean espacios seguros para anidar e hibernar. Se trata de un bello complemento ecol\u00f3gico para cualquier jard\u00edn, que favorece la biodiversidad local al tiempo que a\u00f1ade un toque de encanto r\u00fastico y org\u00e1nico y una fascinante actividad natural para observar.<\/p>\n","protected":false},"excerpt":{"rendered":"<p>Atraiga insectos beneficiosos a su jard\u00edn con esta caja de madera para abejas e insectos. Construida cuidadosamente con madera natural, esta caja proporciona un h\u00e1bitat esencial para abejas solitarias, mariquitas y otros insectos beneficiosos. Sus diversos compartimentos y materiales naturales crean espacios seguros para anidar e hibernar. Se trata de un bello complemento ecol\u00f3gico para [&hellip;]<\/p>\n","protected":false},"featured_media":358559,"comment_status":"closed","ping_status":"open","template":"","meta":{"_angie_page":false},"product_brand":[],"product_cat":[16898,14456],"product_tag":[],"class_list":{"0":"post-230038","1":"product","2":"type-product","3":"status-publish","4":"has-post-thumbnail","6":"product_cat-decoracion","7":"product_cat-decoracion-hogar-y-jardin","8":"pa_made-in-indonesia","10":"first","11":"instock","12":"purchasable","13":"product-type-simple"},"supplier_id":null,"supplier_sku":"BBBox-05DS","barcode":null,"atum_controlled":true,"out_stock_date":null,"out_stock_threshold":null,"inheritable":false,"inbound_stock":null,"stock_on_hold":0,"sold_today":0,"sales_last_days":0,"reserved_stock":null,"customer_returns":null,"warehouse_damage":null,"lost_in_post":null,"other_logs":null,"out_stock_days":0,"lost_sales":0,"has_location":null,"update_date":"2026-04-27T06:54:19","atum_locations":[],"atum_stock_status":"instock","restock_status":false,"low_stock_amount":"","sales_update_date":"2026-01-30T01:25:37","calc_backorders":null,"_links":{"self":[{"href":"https:\/\/aromasentia.com\/es\/wp-json\/wp\/v2\/product\/230038","targetHints":{"allow":["GET"]}}],"collection":[{"href":"https:\/\/aromasentia.com\/es\/wp-json\/wp\/v2\/product"}],"about":[{"href":"https:\/\/aromasentia.com\/es\/wp-json\/wp\/v2\/types\/product"}],"replies":[{"embeddable":true,"href":"https:\/\/aromasentia.com\/es\/wp-json\/wp\/v2\/comments?post=230038"}],"version-history":[{"count":0,"href":"https:\/\/aromasentia.com\/es\/wp-json\/wp\/v2\/product\/230038\/revisions"}],"wp:featuredmedia":[{"embeddable":true,"href":"https:\/\/aromasentia.com\/es\/wp-json\/wp\/v2\/media\/358559"}],"wp:attachment":[{"href":"https:\/\/aromasentia.com\/es\/wp-json\/wp\/v2\/media?parent=230038"}],"wp:term":[{"taxonomy":"product_brand","embeddable":true,"href":"https:\/\/aromasentia.com\/es\/wp-json\/wp\/v2\/product_brand?post=230038"},{"taxonomy":"product_cat","embeddable":true,"href":"https:\/\/aromasentia.com\/es\/wp-json\/wp\/v2\/product_cat?post=230038"},{"taxonomy":"product_tag","embeddable":true,"href":"https:\/\/aromasentia.com\/es\/wp-json\/wp\/v2\/product_tag?post=230038"}],"curies":[{"name":"wp","href":"https:\/\/api.w.org\/{rel}","templated":true}]}}