{"id":230030,"date":"2025-03-22T16:04:38","date_gmt":"2025-03-22T16:04:38","guid":{"rendered":"https:\/\/aromasentia.com\/product\/driftwood-birdbox-double\/"},"modified":"2025-12-30T21:32:24","modified_gmt":"2025-12-30T21:32:24","slug":"driftwood-birdbox-double","status":"publish","type":"product","link":"https:\/\/aromasentia.com\/es\/driftwood-birdbox-double\/","title":{"rendered":"Driftwood Birdbox &#8211; Double"},"content":{"rendered":"<p>Ofrezca cobijo a m\u00e1s amigos emplumados con esta pajarera de madera de deriva &#8211; Doble. Esta peculiar pajarera est\u00e1 fabricada con madera natural de deriva y presenta un dise\u00f1o \u00abdoble\u00bb, quiz\u00e1s con dos compartimentos para anidar o una estructura general m\u00e1s grande. Proporciona un santuario \u00fanico y r\u00fastico para los p\u00e1jaros del jard\u00edn, y cada pieza tiene su propio encanto org\u00e1nico. Una forma maravillosa de aumentar el atractivo de su jard\u00edn para la fauna salvaje, a\u00f1adiendo al mismo tiempo un bello elemento artesanal de arte costero o boscoso.<\/p>\n","protected":false},"excerpt":{"rendered":"<p>Ofrezca cobijo a m\u00e1s amigos emplumados con esta pajarera de madera de deriva &#8211; Doble. Esta peculiar pajarera est\u00e1 fabricada con madera natural de deriva y presenta un dise\u00f1o \u00abdoble\u00bb, quiz\u00e1s con dos compartimentos para anidar o una estructura general m\u00e1s grande. Proporciona un santuario \u00fanico y r\u00fastico para los p\u00e1jaros del jard\u00edn, y cada [&hellip;]<\/p>\n","protected":false},"featured_media":358509,"comment_status":"closed","ping_status":"open","template":"","meta":{"_angie_page":false},"product_brand":[],"product_cat":[16898,14456],"product_tag":[],"class_list":{"0":"post-230030","1":"product","2":"type-product","3":"status-publish","4":"has-post-thumbnail","6":"product_cat-decoracion","7":"product_cat-decoracion-hogar-y-jardin","8":"pa_made-in-indonesia","10":"first","11":"instock","12":"purchasable","13":"product-type-simple"},"supplier_id":null,"supplier_sku":"BBBox-03DS","barcode":null,"atum_controlled":true,"out_stock_date":null,"out_stock_threshold":null,"inheritable":false,"inbound_stock":null,"stock_on_hold":0,"sold_today":0,"sales_last_days":0,"reserved_stock":null,"customer_returns":null,"warehouse_damage":null,"lost_in_post":null,"other_logs":null,"out_stock_days":0,"lost_sales":0,"has_location":null,"update_date":"2026-04-27T06:54:19","atum_locations":[],"atum_stock_status":"instock","restock_status":false,"low_stock_amount":"","sales_update_date":"2026-01-30T01:26:34","calc_backorders":null,"_links":{"self":[{"href":"https:\/\/aromasentia.com\/es\/wp-json\/wp\/v2\/product\/230030","targetHints":{"allow":["GET"]}}],"collection":[{"href":"https:\/\/aromasentia.com\/es\/wp-json\/wp\/v2\/product"}],"about":[{"href":"https:\/\/aromasentia.com\/es\/wp-json\/wp\/v2\/types\/product"}],"replies":[{"embeddable":true,"href":"https:\/\/aromasentia.com\/es\/wp-json\/wp\/v2\/comments?post=230030"}],"version-history":[{"count":0,"href":"https:\/\/aromasentia.com\/es\/wp-json\/wp\/v2\/product\/230030\/revisions"}],"wp:featuredmedia":[{"embeddable":true,"href":"https:\/\/aromasentia.com\/es\/wp-json\/wp\/v2\/media\/358509"}],"wp:attachment":[{"href":"https:\/\/aromasentia.com\/es\/wp-json\/wp\/v2\/media?parent=230030"}],"wp:term":[{"taxonomy":"product_brand","embeddable":true,"href":"https:\/\/aromasentia.com\/es\/wp-json\/wp\/v2\/product_brand?post=230030"},{"taxonomy":"product_cat","embeddable":true,"href":"https:\/\/aromasentia.com\/es\/wp-json\/wp\/v2\/product_cat?post=230030"},{"taxonomy":"product_tag","embeddable":true,"href":"https:\/\/aromasentia.com\/es\/wp-json\/wp\/v2\/product_tag?post=230030"}],"curies":[{"name":"wp","href":"https:\/\/api.w.org\/{rel}","templated":true}]}}