{"id":230026,"date":"2025-03-22T16:04:38","date_gmt":"2025-03-22T16:04:38","guid":{"rendered":"https:\/\/aromasentia.com\/product\/driftwood-birdbox-small\/"},"modified":"2025-12-30T21:32:16","modified_gmt":"2025-12-30T21:32:16","slug":"driftwood-birdbox-small","status":"publish","type":"product","link":"https:\/\/aromasentia.com\/es\/driftwood-birdbox-small\/","title":{"rendered":"Driftwood Birdbox &#8211; Small"},"content":{"rendered":"<p>Proporcione un refugio acogedor con esta caja para p\u00e1jaros peque\u00f1a de madera flotante. Fabricada con piezas \u00fanicas de madera natural, esta encantadora pajarera peque\u00f1a ofrece un refugio r\u00fastico y acogedor para los p\u00e1jaros del jard\u00edn. Cada caja para p\u00e1jaros posee su propio car\u00e1cter individual debido a las formas org\u00e1nicas de la madera. Un bello y ecol\u00f3gico complemento para su jard\u00edn, que no s\u00f3lo ayuda a la fauna local, sino que tambi\u00e9n a\u00f1ade un toque de caprichoso arte de inspiraci\u00f3n costera y encanto natural a su espacio exterior.<\/p>\n","protected":false},"excerpt":{"rendered":"<p>Proporcione un refugio acogedor con esta caja para p\u00e1jaros peque\u00f1a de madera flotante. Fabricada con piezas \u00fanicas de madera natural, esta encantadora pajarera peque\u00f1a ofrece un refugio r\u00fastico y acogedor para los p\u00e1jaros del jard\u00edn. Cada caja para p\u00e1jaros posee su propio car\u00e1cter individual debido a las formas org\u00e1nicas de la madera. Un bello y [&hellip;]<\/p>\n","protected":false},"featured_media":358484,"comment_status":"closed","ping_status":"open","template":"","meta":{"_angie_page":false},"product_brand":[],"product_cat":[16898,14456],"product_tag":[],"class_list":{"0":"post-230026","1":"product","2":"type-product","3":"status-publish","4":"has-post-thumbnail","6":"product_cat-decoracion","7":"product_cat-decoracion-hogar-y-jardin","8":"pa_made-in-indonesia","10":"first","11":"instock","12":"purchasable","13":"product-type-simple"},"supplier_id":null,"supplier_sku":"BBBox-02DS","barcode":null,"atum_controlled":true,"out_stock_date":null,"out_stock_threshold":null,"inheritable":false,"inbound_stock":null,"stock_on_hold":0,"sold_today":0,"sales_last_days":0,"reserved_stock":null,"customer_returns":null,"warehouse_damage":null,"lost_in_post":null,"other_logs":null,"out_stock_days":0,"lost_sales":0,"has_location":null,"update_date":"2026-04-30T13:08:37","atum_locations":[],"atum_stock_status":"instock","restock_status":false,"low_stock_amount":"","sales_update_date":"2025-10-09T03:25:53","calc_backorders":null,"_links":{"self":[{"href":"https:\/\/aromasentia.com\/es\/wp-json\/wp\/v2\/product\/230026","targetHints":{"allow":["GET"]}}],"collection":[{"href":"https:\/\/aromasentia.com\/es\/wp-json\/wp\/v2\/product"}],"about":[{"href":"https:\/\/aromasentia.com\/es\/wp-json\/wp\/v2\/types\/product"}],"replies":[{"embeddable":true,"href":"https:\/\/aromasentia.com\/es\/wp-json\/wp\/v2\/comments?post=230026"}],"version-history":[{"count":0,"href":"https:\/\/aromasentia.com\/es\/wp-json\/wp\/v2\/product\/230026\/revisions"}],"wp:featuredmedia":[{"embeddable":true,"href":"https:\/\/aromasentia.com\/es\/wp-json\/wp\/v2\/media\/358484"}],"wp:attachment":[{"href":"https:\/\/aromasentia.com\/es\/wp-json\/wp\/v2\/media?parent=230026"}],"wp:term":[{"taxonomy":"product_brand","embeddable":true,"href":"https:\/\/aromasentia.com\/es\/wp-json\/wp\/v2\/product_brand?post=230026"},{"taxonomy":"product_cat","embeddable":true,"href":"https:\/\/aromasentia.com\/es\/wp-json\/wp\/v2\/product_cat?post=230026"},{"taxonomy":"product_tag","embeddable":true,"href":"https:\/\/aromasentia.com\/es\/wp-json\/wp\/v2\/product_tag?post=230026"}],"curies":[{"name":"wp","href":"https:\/\/api.w.org\/{rel}","templated":true}]}}