{"id":230014,"date":"2025-03-22T16:04:38","date_gmt":"2025-03-22T16:04:38","guid":{"rendered":"https:\/\/aromasentia.com\/product\/bamboo-windchime-natural-finish-6-large-tubes\/"},"modified":"2025-12-30T21:32:16","modified_gmt":"2025-12-30T21:32:16","slug":"campanilla-de-bambu-acabado-natural-6-tubos-grandes","status":"publish","type":"product","link":"https:\/\/aromasentia.com\/es\/campanilla-de-bambu-acabado-natural-6-tubos-grandes\/","title":{"rendered":"Campanilla de bamb\u00fa &#8211; Acabado natural &#8211; 6 tubos grandes"},"content":{"rendered":"<p>Llene su jard\u00edn de ricas melod\u00edas con esta Campana de viento de bamb\u00fa &#8211; Acabado natural &#8211; 6 tubos grandes. Con seis grandes tubos de bamb\u00fa, esta campana de viento produce una gama m\u00e1s completa, profunda y compleja de tonos armoniosos. El acabado natural conserva la belleza org\u00e1nica del bamb\u00fa, lo que la convierte en un complemento llamativo y relajante para cualquier entorno exterior. Perfecta para crear un paisaje sonoro sereno y envolvente, lleva los relajantes sonidos de la naturaleza hasta la puerta de su casa con una resonancia impresionante.<\/p>\n","protected":false},"excerpt":{"rendered":"<p>Llene su jard\u00edn de ricas melod\u00edas con esta Campana de viento de bamb\u00fa &#8211; Acabado natural &#8211; 6 tubos grandes. Con seis grandes tubos de bamb\u00fa, esta campana de viento produce una gama m\u00e1s completa, profunda y compleja de tonos armoniosos. El acabado natural conserva la belleza org\u00e1nica del bamb\u00fa, lo que la convierte en [&hellip;]<\/p>\n","protected":false},"featured_media":358441,"comment_status":"closed","ping_status":"open","template":"","meta":{"_angie_page":false},"product_brand":[],"product_cat":[17984,14456],"product_tag":[],"class_list":{"0":"post-230014","1":"product","2":"type-product","3":"status-publish","4":"has-post-thumbnail","6":"product_cat-campanas-de-viento","7":"product_cat-decoracion-hogar-y-jardin","8":"pa_collection-bamboo-mountain-wind-chimes-es","9":"pa_made-in-indonesia","11":"first","12":"instock","13":"purchasable","14":"product-type-simple"},"supplier_id":null,"supplier_sku":"BBamC-09","barcode":null,"atum_controlled":true,"out_stock_date":null,"out_stock_threshold":null,"inheritable":false,"inbound_stock":null,"stock_on_hold":0,"sold_today":0,"sales_last_days":0,"reserved_stock":null,"customer_returns":null,"warehouse_damage":null,"lost_in_post":null,"other_logs":null,"out_stock_days":0,"lost_sales":0,"has_location":null,"update_date":"2026-04-27T19:08:26","atum_locations":[],"atum_stock_status":"instock","restock_status":false,"low_stock_amount":"","sales_update_date":"2026-02-06T00:02:45","calc_backorders":null,"_links":{"self":[{"href":"https:\/\/aromasentia.com\/es\/wp-json\/wp\/v2\/product\/230014","targetHints":{"allow":["GET"]}}],"collection":[{"href":"https:\/\/aromasentia.com\/es\/wp-json\/wp\/v2\/product"}],"about":[{"href":"https:\/\/aromasentia.com\/es\/wp-json\/wp\/v2\/types\/product"}],"replies":[{"embeddable":true,"href":"https:\/\/aromasentia.com\/es\/wp-json\/wp\/v2\/comments?post=230014"}],"version-history":[{"count":0,"href":"https:\/\/aromasentia.com\/es\/wp-json\/wp\/v2\/product\/230014\/revisions"}],"wp:featuredmedia":[{"embeddable":true,"href":"https:\/\/aromasentia.com\/es\/wp-json\/wp\/v2\/media\/358441"}],"wp:attachment":[{"href":"https:\/\/aromasentia.com\/es\/wp-json\/wp\/v2\/media?parent=230014"}],"wp:term":[{"taxonomy":"product_brand","embeddable":true,"href":"https:\/\/aromasentia.com\/es\/wp-json\/wp\/v2\/product_brand?post=230014"},{"taxonomy":"product_cat","embeddable":true,"href":"https:\/\/aromasentia.com\/es\/wp-json\/wp\/v2\/product_cat?post=230014"},{"taxonomy":"product_tag","embeddable":true,"href":"https:\/\/aromasentia.com\/es\/wp-json\/wp\/v2\/product_tag?post=230014"}],"curies":[{"name":"wp","href":"https:\/\/api.w.org\/{rel}","templated":true}]}}