{"id":229922,"date":"2025-03-22T16:04:50","date_gmt":"2025-03-22T16:04:50","guid":{"rendered":"https:\/\/aromasentia.com\/product\/wooden-bird-whistle\/"},"modified":"2025-12-30T21:32:00","modified_gmt":"2025-12-30T21:32:00","slug":"silbato-para-pajaros-4-surtidos","status":"publish","type":"product","link":"https:\/\/aromasentia.com\/es\/silbato-para-pajaros-4-surtidos\/","title":{"rendered":"Silbato para p\u00e1jaros &#8211; 4 surtidos"},"content":{"rendered":"<p>D\u00e9 vida a los sonidos de la naturaleza con este silbato de madera para p\u00e1jaros. Este encantador silbato de madera hecho a mano est\u00e1 dise\u00f1ado para imitar el canto de varias aves, ofreciendo una forma divertida para que ni\u00f1os y adultos se conecten con el mundo aviar. Su construcci\u00f3n en madera natural y su sencillo mecanismo lo convierten en un juguete encantador y atractivo o en una herramienta \u00fatil para los observadores de aves. Perfecto para jugar al aire libre, con fines educativos o simplemente para disfrutar de la creaci\u00f3n de dulces melod\u00edas parecidas a las de los p\u00e1jaros con un toque de atractivo r\u00fastico.<\/p>\n","protected":false},"excerpt":{"rendered":"<p>D\u00e9 vida a los sonidos de la naturaleza con este silbato de madera para p\u00e1jaros. Este encantador silbato de madera hecho a mano est\u00e1 dise\u00f1ado para imitar el canto de varias aves, ofreciendo una forma divertida para que ni\u00f1os y adultos se conecten con el mundo aviar. Su construcci\u00f3n en madera natural y su sencillo [&hellip;]<\/p>\n","protected":false},"featured_media":361174,"comment_status":"closed","ping_status":"open","template":"","meta":[],"product_brand":[],"product_cat":[14241,14066],"product_tag":[],"class_list":{"0":"post-229922","1":"product","2":"type-product","3":"status-publish","4":"has-post-thumbnail","6":"product_cat-instrumentos-musicales","7":"product_cat-regalos-vintage-y-souvenir","8":"pa_collection-bird-whistles-es","9":"pa_made-in-indonesia","11":"first","12":"instock","13":"purchasable","14":"product-type-simple"},"supplier_id":null,"supplier_sku":"Bwis-02","barcode":null,"atum_controlled":true,"out_stock_date":null,"out_stock_threshold":null,"inheritable":false,"inbound_stock":null,"stock_on_hold":0,"sold_today":0,"sales_last_days":0,"reserved_stock":null,"customer_returns":null,"warehouse_damage":null,"lost_in_post":null,"other_logs":null,"out_stock_days":0,"lost_sales":0,"has_location":null,"update_date":"2026-02-11T16:45:38","atum_locations":[],"atum_stock_status":"instock","restock_status":false,"low_stock_amount":"","sales_update_date":"2025-10-09T03:27:09","calc_backorders":null,"_links":{"self":[{"href":"https:\/\/aromasentia.com\/es\/wp-json\/wp\/v2\/product\/229922","targetHints":{"allow":["GET"]}}],"collection":[{"href":"https:\/\/aromasentia.com\/es\/wp-json\/wp\/v2\/product"}],"about":[{"href":"https:\/\/aromasentia.com\/es\/wp-json\/wp\/v2\/types\/product"}],"replies":[{"embeddable":true,"href":"https:\/\/aromasentia.com\/es\/wp-json\/wp\/v2\/comments?post=229922"}],"version-history":[{"count":0,"href":"https:\/\/aromasentia.com\/es\/wp-json\/wp\/v2\/product\/229922\/revisions"}],"wp:featuredmedia":[{"embeddable":true,"href":"https:\/\/aromasentia.com\/es\/wp-json\/wp\/v2\/media\/361174"}],"wp:attachment":[{"href":"https:\/\/aromasentia.com\/es\/wp-json\/wp\/v2\/media?parent=229922"}],"wp:term":[{"taxonomy":"product_brand","embeddable":true,"href":"https:\/\/aromasentia.com\/es\/wp-json\/wp\/v2\/product_brand?post=229922"},{"taxonomy":"product_cat","embeddable":true,"href":"https:\/\/aromasentia.com\/es\/wp-json\/wp\/v2\/product_cat?post=229922"},{"taxonomy":"product_tag","embeddable":true,"href":"https:\/\/aromasentia.com\/es\/wp-json\/wp\/v2\/product_tag?post=229922"}],"curies":[{"name":"wp","href":"https:\/\/api.w.org\/{rel}","templated":true}]}}