{"id":229918,"date":"2025-03-22T16:04:50","date_gmt":"2025-03-22T16:04:50","guid":{"rendered":"https:\/\/aromasentia.com\/product\/wooden-duck-whistle\/"},"modified":"2025-12-30T21:32:00","modified_gmt":"2025-12-30T21:32:00","slug":"silbato-pato-4-surtidos","status":"publish","type":"product","link":"https:\/\/aromasentia.com\/es\/silbato-pato-4-surtidos\/","title":{"rendered":"Silbato Pato &#8211; 4 surtidos"},"content":{"rendered":"<p>Cree encantadores cantos de p\u00e1jaro con este sencillo silbato de pato de madera. Fabricado a mano en madera, este silbato tradicional est\u00e1 dise\u00f1ado para imitar el sonido de un pato. Es un juguete divertido y atractivo para los ni\u00f1os, un peculiar objeto de colecci\u00f3n o una herramienta \u00fatil para los amantes de la naturaleza y los cazadores (en su caso). Su material natural y su dise\u00f1o sencillo ofrecen un toque de encanto r\u00fastico y una interacci\u00f3n l\u00fadica con los sonidos de la naturaleza, proporcionando horas de diversi\u00f3n o de uso pr\u00e1ctico.<\/p>\n","protected":false},"excerpt":{"rendered":"<p>Cree encantadores cantos de p\u00e1jaro con este sencillo silbato de pato de madera. Fabricado a mano en madera, este silbato tradicional est\u00e1 dise\u00f1ado para imitar el sonido de un pato. Es un juguete divertido y atractivo para los ni\u00f1os, un peculiar objeto de colecci\u00f3n o una herramienta \u00fatil para los amantes de la naturaleza y [&hellip;]<\/p>\n","protected":false},"featured_media":361141,"comment_status":"closed","ping_status":"open","template":"","meta":{"_angie_page":false},"product_brand":[],"product_cat":[14241,14066],"product_tag":[],"class_list":{"0":"post-229918","1":"product","2":"type-product","3":"status-publish","4":"has-post-thumbnail","6":"product_cat-instrumentos-musicales","7":"product_cat-regalos-vintage-y-souvenir","8":"pa_collection-bird-whistles-es","9":"pa_made-in-indonesia","11":"first","12":"instock","13":"purchasable","14":"product-type-simple"},"supplier_id":null,"supplier_sku":"Bwis-01","barcode":null,"atum_controlled":true,"out_stock_date":null,"out_stock_threshold":null,"inheritable":false,"inbound_stock":null,"stock_on_hold":0,"sold_today":0,"sales_last_days":0,"reserved_stock":null,"customer_returns":null,"warehouse_damage":null,"lost_in_post":null,"other_logs":null,"out_stock_days":0,"lost_sales":0,"has_location":null,"update_date":"2026-04-27T06:55:53","atum_locations":[],"atum_stock_status":"instock","restock_status":false,"low_stock_amount":"","sales_update_date":"2025-10-09T03:27:09","calc_backorders":null,"_links":{"self":[{"href":"https:\/\/aromasentia.com\/es\/wp-json\/wp\/v2\/product\/229918","targetHints":{"allow":["GET"]}}],"collection":[{"href":"https:\/\/aromasentia.com\/es\/wp-json\/wp\/v2\/product"}],"about":[{"href":"https:\/\/aromasentia.com\/es\/wp-json\/wp\/v2\/types\/product"}],"replies":[{"embeddable":true,"href":"https:\/\/aromasentia.com\/es\/wp-json\/wp\/v2\/comments?post=229918"}],"version-history":[{"count":0,"href":"https:\/\/aromasentia.com\/es\/wp-json\/wp\/v2\/product\/229918\/revisions"}],"wp:featuredmedia":[{"embeddable":true,"href":"https:\/\/aromasentia.com\/es\/wp-json\/wp\/v2\/media\/361141"}],"wp:attachment":[{"href":"https:\/\/aromasentia.com\/es\/wp-json\/wp\/v2\/media?parent=229918"}],"wp:term":[{"taxonomy":"product_brand","embeddable":true,"href":"https:\/\/aromasentia.com\/es\/wp-json\/wp\/v2\/product_brand?post=229918"},{"taxonomy":"product_cat","embeddable":true,"href":"https:\/\/aromasentia.com\/es\/wp-json\/wp\/v2\/product_cat?post=229918"},{"taxonomy":"product_tag","embeddable":true,"href":"https:\/\/aromasentia.com\/es\/wp-json\/wp\/v2\/product_tag?post=229918"}],"curies":[{"name":"wp","href":"https:\/\/api.w.org\/{rel}","templated":true}]}}