{"id":229806,"date":"2025-03-22T16:04:50","date_gmt":"2025-03-22T16:04:50","guid":{"rendered":"https:\/\/aromasentia.com\/product\/flower-of-life-and-love-107x103cm\/"},"modified":"2025-12-30T21:31:36","modified_gmt":"2025-12-30T21:31:36","slug":"flor-de-la-vida-y-el-amor-107x103cm","status":"publish","type":"product","link":"https:\/\/aromasentia.com\/es\/flor-de-la-vida-y-el-amor-107x103cm\/","title":{"rendered":"Flor de la vida y el amor 107x103cm"},"content":{"rendered":"<p>Eche un vistazo a nuestro asombroso valor Flor de la Vida y el Amor Arte de Pared ser\u00e1 una adici\u00f3n incre\u00edble a su tienda. <\/p>\n<p>Este arte impresionante y maravillosamente hecho se crea dibujando primero el dise\u00f1o en cera caliente directamente en la tela, a continuaci\u00f3n, utilizando tintes naturales la obra de arte se crea cuidadosamente. M\u00e1s tarde la tela se estira y se seca al sol, despu\u00e9s de que la cera se lava el dise\u00f1o final cobra vida con colores vivos vibrantes.<\/p>\n<p>Creado en la isla de Bali en el enclave art\u00edstico de Ubud, este arte de la pared al por mayor es perfecto para traer energ\u00eda positiva a cualquier espacio. Ser\u00eda una pieza central encantadora en una pared de la sala de estar, sus clientes no podr\u00e1n resistirse a su encanto \u00fanico.<\/p>\n","protected":false},"excerpt":{"rendered":"<p>Eche un vistazo a nuestro asombroso valor Flor de la Vida y el Amor Arte de Pared ser\u00e1 una adici\u00f3n incre\u00edble a su tienda. Este arte impresionante y maravillosamente hecho se crea dibujando primero el dise\u00f1o en cera caliente directamente en la tela, a continuaci\u00f3n, utilizando tintes naturales la obra de arte se crea cuidadosamente. [&hellip;]<\/p>\n","protected":false},"featured_media":360713,"comment_status":"closed","ping_status":"open","template":"","meta":{"_angie_page":false},"product_brand":[],"product_cat":[14456,18113,16875],"product_tag":[],"class_list":{"0":"post-229806","1":"product","2":"type-product","3":"status-publish","4":"has-post-thumbnail","6":"product_cat-decoracion-hogar-y-jardin","7":"product_cat-tapices-de-pared","8":"product_cat-textiles","9":"pa_collection-bali-wax-batik-wall-hangings-es","10":"pa_made-in-indonesia","12":"first","13":"instock","14":"purchasable","15":"product-type-simple"},"supplier_id":null,"supplier_sku":"Bwax-10","barcode":null,"atum_controlled":true,"out_stock_date":null,"out_stock_threshold":null,"inheritable":false,"inbound_stock":null,"stock_on_hold":0,"sold_today":0,"sales_last_days":0,"reserved_stock":null,"customer_returns":null,"warehouse_damage":null,"lost_in_post":null,"other_logs":null,"out_stock_days":0,"lost_sales":0,"has_location":null,"update_date":"2026-04-27T06:55:48","atum_locations":[],"atum_stock_status":"instock","restock_status":false,"low_stock_amount":"","sales_update_date":"2026-01-30T01:25:24","calc_backorders":null,"_links":{"self":[{"href":"https:\/\/aromasentia.com\/es\/wp-json\/wp\/v2\/product\/229806","targetHints":{"allow":["GET"]}}],"collection":[{"href":"https:\/\/aromasentia.com\/es\/wp-json\/wp\/v2\/product"}],"about":[{"href":"https:\/\/aromasentia.com\/es\/wp-json\/wp\/v2\/types\/product"}],"replies":[{"embeddable":true,"href":"https:\/\/aromasentia.com\/es\/wp-json\/wp\/v2\/comments?post=229806"}],"version-history":[{"count":0,"href":"https:\/\/aromasentia.com\/es\/wp-json\/wp\/v2\/product\/229806\/revisions"}],"wp:featuredmedia":[{"embeddable":true,"href":"https:\/\/aromasentia.com\/es\/wp-json\/wp\/v2\/media\/360713"}],"wp:attachment":[{"href":"https:\/\/aromasentia.com\/es\/wp-json\/wp\/v2\/media?parent=229806"}],"wp:term":[{"taxonomy":"product_brand","embeddable":true,"href":"https:\/\/aromasentia.com\/es\/wp-json\/wp\/v2\/product_brand?post=229806"},{"taxonomy":"product_cat","embeddable":true,"href":"https:\/\/aromasentia.com\/es\/wp-json\/wp\/v2\/product_cat?post=229806"},{"taxonomy":"product_tag","embeddable":true,"href":"https:\/\/aromasentia.com\/es\/wp-json\/wp\/v2\/product_tag?post=229806"}],"curies":[{"name":"wp","href":"https:\/\/api.w.org\/{rel}","templated":true}]}}