{"id":229734,"date":"2025-03-22T16:04:50","date_gmt":"2025-03-22T16:04:50","guid":{"rendered":"https:\/\/aromasentia.com\/product\/boho-comfort-throws-125x150cm-navy-zigzag\/"},"modified":"2025-12-30T21:31:21","modified_gmt":"2025-12-30T21:31:21","slug":"mantas-boho-comfort-125x150cm-azul-marino-zigzag","status":"publish","type":"product","link":"https:\/\/aromasentia.com\/es\/mantas-boho-comfort-125x150cm-azul-marino-zigzag\/","title":{"rendered":"Mantas Boho Comfort &#8211; 125x150cm &#8211; Azul Marino Zigzag"},"content":{"rendered":"<p>\u00a1Disfrute de la comodidad y suavidad con nuestras mantas bohemias!<\/p>\n<p>Es un producto ideal para los meses de oto\u00f1o e invierno. Renueva los salones de sus clientes con nuestras mantas de algod\u00f3n.<\/p>\n<p><strong>Color: azul marino<\/strong><\/p>\n<p><strong>Medidas: 125x150cm<\/strong><\/p>\n<p><strong>Material: 100% algod\u00f3n<\/strong><\/p>\n<p>Solo venta al por mayor.<\/p>\n","protected":false},"excerpt":{"rendered":"<p>\u00a1Disfrute de la comodidad y suavidad con nuestras mantas bohemias! Es un producto ideal para los meses de oto\u00f1o e invierno. Renueva los salones de sus clientes con nuestras mantas de algod\u00f3n. Color: azul marino Medidas: 125x150cm Material: 100% algod\u00f3n Solo venta al por mayor.<\/p>\n","protected":false},"featured_media":360039,"comment_status":"closed","ping_status":"open","template":"","meta":{"_angie_page":false},"product_brand":[],"product_cat":[14456,17952,16875],"product_tag":[],"class_list":{"0":"post-229734","1":"product","2":"type-product","3":"status-publish","4":"has-post-thumbnail","6":"product_cat-decoracion-hogar-y-jardin","7":"product_cat-mantas","8":"product_cat-textiles","9":"pa_collection-boho-comfort-throws-es","10":"pa_made-in-india","12":"first","13":"instock","14":"purchasable","15":"product-type-simple"},"supplier_id":null,"supplier_sku":"BOHOT-01","barcode":null,"atum_controlled":true,"out_stock_date":null,"out_stock_threshold":null,"inheritable":false,"inbound_stock":null,"stock_on_hold":0,"sold_today":0,"sales_last_days":0,"reserved_stock":null,"customer_returns":null,"warehouse_damage":null,"lost_in_post":null,"other_logs":null,"out_stock_days":0,"lost_sales":0,"has_location":null,"update_date":"2026-04-27T06:55:25","atum_locations":[],"atum_stock_status":"instock","restock_status":false,"low_stock_amount":"","sales_update_date":"2026-01-30T01:25:45","calc_backorders":null,"_links":{"self":[{"href":"https:\/\/aromasentia.com\/es\/wp-json\/wp\/v2\/product\/229734","targetHints":{"allow":["GET"]}}],"collection":[{"href":"https:\/\/aromasentia.com\/es\/wp-json\/wp\/v2\/product"}],"about":[{"href":"https:\/\/aromasentia.com\/es\/wp-json\/wp\/v2\/types\/product"}],"replies":[{"embeddable":true,"href":"https:\/\/aromasentia.com\/es\/wp-json\/wp\/v2\/comments?post=229734"}],"version-history":[{"count":0,"href":"https:\/\/aromasentia.com\/es\/wp-json\/wp\/v2\/product\/229734\/revisions"}],"wp:featuredmedia":[{"embeddable":true,"href":"https:\/\/aromasentia.com\/es\/wp-json\/wp\/v2\/media\/360039"}],"wp:attachment":[{"href":"https:\/\/aromasentia.com\/es\/wp-json\/wp\/v2\/media?parent=229734"}],"wp:term":[{"taxonomy":"product_brand","embeddable":true,"href":"https:\/\/aromasentia.com\/es\/wp-json\/wp\/v2\/product_brand?post=229734"},{"taxonomy":"product_cat","embeddable":true,"href":"https:\/\/aromasentia.com\/es\/wp-json\/wp\/v2\/product_cat?post=229734"},{"taxonomy":"product_tag","embeddable":true,"href":"https:\/\/aromasentia.com\/es\/wp-json\/wp\/v2\/product_tag?post=229734"}],"curies":[{"name":"wp","href":"https:\/\/api.w.org\/{rel}","templated":true}]}}