{"id":229730,"date":"2025-03-22T16:04:50","date_gmt":"2025-03-22T16:04:50","guid":{"rendered":"https:\/\/aromasentia.com\/product\/lrg-round-seagrass-bird-box-with-chimes-56x20cm\/"},"modified":"2025-12-30T21:31:21","modified_gmt":"2025-12-30T21:31:21","slug":"caja-redonda-para-pajaros-con-campanillas-56x20cm","status":"publish","type":"product","link":"https:\/\/aromasentia.com\/es\/caja-redonda-para-pajaros-con-campanillas-56x20cm\/","title":{"rendered":"Caja Redonda para P\u00e1jaros con Campanillas 56x20cm"},"content":{"rendered":"<p>Dise\u00f1ada en Bali, esta gama de <strong>Casas de p\u00e1jaros de hierba marina al por mayor con carill\u00f3n<\/strong> est\u00e1 fabricada con hierba marina, lo que la convierte en un regalo fant\u00e1stico para un jardinero entusiasta o simplemente para entretener a la familia mientras crea un hogar para los p\u00e1jaros del vecindario.<\/p>\n<p>El exterior de hierba marina a\u00f1ade un toque natural y r\u00fastico a la caja, combinando a la perfecci\u00f3n en cualquier jard\u00edn, patio o patio trasero. Aportar\u00e1 un aspecto de caba\u00f1a de cuento de hadas a cualquier espacio exterior. Decorado con campanillas de viento de bamb\u00fa que crean un sonido calmante y relajante en la brisa.<\/p>\n<p>Al proporcionar un lugar de anidaci\u00f3n seguro y c\u00f3modo para los p\u00e1jaros peque\u00f1os, la caja para p\u00e1jaros Seagrass con campanillas ayuda a apoyar el ecosistema local y promover la biodiversidad. Es una gran manera de atraer y observar una variedad de especies de aves al tiempo que a\u00f1ade un toque musical a su espacio al aire libre.<\/p>\n<p>Un precioso accesorio de jard\u00edn para atraer a un mont\u00f3n de amigos emplumados. Dispone de una cuerda para colgarlo f\u00e1cilmente de la rama de un \u00e1rbol o de un soporte.<\/p>\n<p>En general, es una adici\u00f3n hermosa y funcional a cualquier jard\u00edn o espacio al aire libre. Su dise\u00f1o \u00fanico y encantador, combinado con su funcionalidad pr\u00e1ctica, hace que sea una opci\u00f3n perfecta para los amantes de los p\u00e1jaros y entusiastas de la naturaleza que quieren traer un toque de m\u00fasica y el mundo natural a su espacio al aire libre.<\/p>\n<p><strong>Pida hoy estas &quot;amables con la Tierra&quot; Cajas naturales para p\u00e1jaros!<\/strong><\/p>\n<p><strong>Cajas naturales para p\u00e1jaros!<\/p>\n","protected":false},"excerpt":{"rendered":"<p>Dise\u00f1ada en Bali, esta gama de Casas de p\u00e1jaros de hierba marina al por mayor con carill\u00f3n est\u00e1 fabricada con hierba marina, lo que la convierte en un regalo fant\u00e1stico para un jardinero entusiasta o simplemente para entretener a la familia mientras crea un hogar para los p\u00e1jaros del vecindario. El exterior de hierba marina [&hellip;]<\/p>\n","protected":false},"featured_media":359990,"comment_status":"closed","ping_status":"open","template":"","meta":[],"product_brand":[],"product_cat":[14456],"product_tag":[],"class_list":{"0":"post-229730","1":"product","2":"type-product","3":"status-publish","4":"has-post-thumbnail","6":"product_cat-decoracion-hogar-y-jardin","7":"pa_collection-boho-comfort-throws-es","8":"pa_made-in-indonesia","10":"first","11":"instock","12":"purchasable","13":"product-type-simple"},"supplier_id":null,"supplier_sku":"BirdB-05","barcode":null,"atum_controlled":true,"out_stock_date":null,"out_stock_threshold":null,"inheritable":false,"inbound_stock":null,"stock_on_hold":0,"sold_today":0,"sales_last_days":0,"reserved_stock":null,"customer_returns":null,"warehouse_damage":null,"lost_in_post":null,"other_logs":null,"out_stock_days":0,"lost_sales":0,"has_location":null,"update_date":"2026-01-30T01:26:07","atum_locations":[],"atum_stock_status":"instock","restock_status":false,"low_stock_amount":"","sales_update_date":"2026-01-30T01:26:07","calc_backorders":null,"_links":{"self":[{"href":"https:\/\/aromasentia.com\/es\/wp-json\/wp\/v2\/product\/229730","targetHints":{"allow":["GET"]}}],"collection":[{"href":"https:\/\/aromasentia.com\/es\/wp-json\/wp\/v2\/product"}],"about":[{"href":"https:\/\/aromasentia.com\/es\/wp-json\/wp\/v2\/types\/product"}],"replies":[{"embeddable":true,"href":"https:\/\/aromasentia.com\/es\/wp-json\/wp\/v2\/comments?post=229730"}],"version-history":[{"count":0,"href":"https:\/\/aromasentia.com\/es\/wp-json\/wp\/v2\/product\/229730\/revisions"}],"wp:featuredmedia":[{"embeddable":true,"href":"https:\/\/aromasentia.com\/es\/wp-json\/wp\/v2\/media\/359990"}],"wp:attachment":[{"href":"https:\/\/aromasentia.com\/es\/wp-json\/wp\/v2\/media?parent=229730"}],"wp:term":[{"taxonomy":"product_brand","embeddable":true,"href":"https:\/\/aromasentia.com\/es\/wp-json\/wp\/v2\/product_brand?post=229730"},{"taxonomy":"product_cat","embeddable":true,"href":"https:\/\/aromasentia.com\/es\/wp-json\/wp\/v2\/product_cat?post=229730"},{"taxonomy":"product_tag","embeddable":true,"href":"https:\/\/aromasentia.com\/es\/wp-json\/wp\/v2\/product_tag?post=229730"}],"curies":[{"name":"wp","href":"https:\/\/api.w.org\/{rel}","templated":true}]}}