{"id":229486,"date":"2025-03-22T16:05:00","date_gmt":"2025-03-22T16:05:00","guid":{"rendered":"https:\/\/aromasentia.com\/product\/rainbow-large-leaf-chime\/"},"modified":"2025-12-30T21:30:33","modified_gmt":"2025-12-30T21:30:33","slug":"carillon-de-madera-arco-iris-hoja-grande","status":"publish","type":"product","link":"https:\/\/aromasentia.com\/es\/carillon-de-madera-arco-iris-hoja-grande\/","title":{"rendered":"Carill\u00f3n de madera &#8211; Arco Iris Hoja Grande"},"content":{"rendered":"<p>Traiga la naturaleza al interior con estas preciosas campanillas de madera de deriva. Hechas a mano por peque\u00f1as empresas familiares en Bali, utilizando materiales de origen playero como madera flotante y vidrio Capiz. Capiz es una concha muy conocida que crea un sonido agradable cuando sopla en el viento y golpea contra otro.<\/p>\n<p>Muchas personas creen que, Wind Chimes proteger el entorno de los malos esp\u00edritus y la energ\u00eda negativa. Estas campanas de madera de deriva est\u00e1n listos para colgar en cualquier habitaci\u00f3n y crea un ambiente suave y reconfortante, sus clientes pueden utilizarlo en interiores o al aire libre; tintinean juntos muy bien en la brisa, el sonido traer\u00e1 tranquilidad a cualquier espacio. Tambi\u00e9n te puede gustar <a href=\"https:\/\/aromasentia.com\/birdb\"><strong>Casas de p\u00e1jaros de hierba.<\/strong><\/a><\/p>\n<p>Con <strong>Ancient Wisdom Wholesale Driftwood Chime<\/strong> puede crear hoy mismo un atractivo escaparate en su tienda, le ayudar\u00e1n a atraer clientes a su tienda.&nbsp;<\/p>\n<ul style=\"padding: 0px; color: rgb(114, 114, 114); font-family: Raleway, sans-serif; font-size: 15px; font-style: normal; font-variant-ligatures: normal; font-variant-caps: normal; font-weight: 400; letter-spacing: normal; orphans: 2; text-align: start; text-indent: 0px; text-transform: none; white-space: normal; widows: 2; word-spacing: 0px; -webkit-text-stroke-width: 0px; background-color: rgb(255, 255, 255); text-decoration-thickness: initial; text-decoration-style: initial; text-decoration-color: initial;\">\n<li>Hecho con Capiz y Driftwood<\/li>\n<li>Hecho a mano<\/li>\n<li>Listo para exponer<\/li>\n<\/ul>\n<p>Longitud (desde el palo): 46cm, ancho: 30cm, longitud del mango: 21 cm<\/p>\n<p>&nbsp;<strong>Haga que sus cajas suenen al hacer su pedido hoy mismo.<\/strong><\/p>\n","protected":false},"excerpt":{"rendered":"<p>Traiga la naturaleza al interior con estas preciosas campanillas de madera de deriva. Hechas a mano por peque\u00f1as empresas familiares en Bali, utilizando materiales de origen playero como madera flotante y vidrio Capiz. Capiz es una concha muy conocida que crea un sonido agradable cuando sopla en el viento y golpea contra otro. Muchas personas [&hellip;]<\/p>\n","protected":false},"featured_media":363450,"comment_status":"closed","ping_status":"open","template":"","meta":[],"product_brand":[],"product_cat":[17984,14456],"product_tag":[],"class_list":{"0":"post-229486","1":"product","2":"type-product","3":"status-publish","4":"has-post-thumbnail","6":"product_cat-campanas-de-viento","7":"product_cat-decoracion-hogar-y-jardin","8":"pa_collection-driftwood-chime-es","9":"pa_made-in-indonesia","11":"first","12":"instock","13":"purchasable","14":"product-type-simple"},"supplier_id":null,"supplier_sku":"Copi-08","barcode":null,"atum_controlled":true,"out_stock_date":null,"out_stock_threshold":null,"inheritable":false,"inbound_stock":null,"stock_on_hold":0,"sold_today":0,"sales_last_days":0,"reserved_stock":null,"customer_returns":null,"warehouse_damage":null,"lost_in_post":null,"other_logs":null,"out_stock_days":0,"lost_sales":0,"has_location":null,"update_date":"2026-02-10T08:27:07","atum_locations":[],"atum_stock_status":"instock","restock_status":false,"low_stock_amount":"","sales_update_date":"2026-01-30T01:24:30","calc_backorders":null,"_links":{"self":[{"href":"https:\/\/aromasentia.com\/es\/wp-json\/wp\/v2\/product\/229486","targetHints":{"allow":["GET"]}}],"collection":[{"href":"https:\/\/aromasentia.com\/es\/wp-json\/wp\/v2\/product"}],"about":[{"href":"https:\/\/aromasentia.com\/es\/wp-json\/wp\/v2\/types\/product"}],"replies":[{"embeddable":true,"href":"https:\/\/aromasentia.com\/es\/wp-json\/wp\/v2\/comments?post=229486"}],"version-history":[{"count":0,"href":"https:\/\/aromasentia.com\/es\/wp-json\/wp\/v2\/product\/229486\/revisions"}],"wp:featuredmedia":[{"embeddable":true,"href":"https:\/\/aromasentia.com\/es\/wp-json\/wp\/v2\/media\/363450"}],"wp:attachment":[{"href":"https:\/\/aromasentia.com\/es\/wp-json\/wp\/v2\/media?parent=229486"}],"wp:term":[{"taxonomy":"product_brand","embeddable":true,"href":"https:\/\/aromasentia.com\/es\/wp-json\/wp\/v2\/product_brand?post=229486"},{"taxonomy":"product_cat","embeddable":true,"href":"https:\/\/aromasentia.com\/es\/wp-json\/wp\/v2\/product_cat?post=229486"},{"taxonomy":"product_tag","embeddable":true,"href":"https:\/\/aromasentia.com\/es\/wp-json\/wp\/v2\/product_tag?post=229486"}],"curies":[{"name":"wp","href":"https:\/\/api.w.org\/{rel}","templated":true}]}}